{"id":34305,"date":"2026-03-30T05:48:11","date_gmt":"2026-03-30T04:48:11","guid":{"rendered":"https:\/\/bigbuy.tupique.com\/produto\/switch-d-link-dxs-1210-10mp-e\/"},"modified":"2026-05-11T20:00:24","modified_gmt":"2026-05-11T18:00:24","slug":"switch-d-link-dxs-1210-10mp-e","status":"publish","type":"product","link":"https:\/\/bigbuy.tupique.com\/pt\/produto\/switch-d-link-dxs-1210-10mp-e\/","title":{"rendered":"Switch D-Link DXS-1210-10MP\/E"},"content":{"rendered":"<p>Si vous \u00eates \u00e0 la recherche de nouvelles tendances sur le march\u00e9, nous vous pr\u00e9sentons <b>Switch D-Link DXS-1210-10MP\/E<\/b> !<\/p>\n<p>Le <b>switch<\/b> <b>D-Link DXS-1210-10MP\/E<\/b> est un \u00e9quipement r\u00e9seau professionnel con\u00e7u pour les environnements n\u00e9cessitant une haute capacit\u00e9 et une gestion efficace du trafic de donn\u00e9es. Ce mod\u00e8le offre une configuration de <b>8 ports 10GbE PoE++<\/b>, capables de fournir jusqu\u2019\u00e0 <b>60 W par port<\/b> et un total de <b>370 W de puissance PoE<\/b>, id\u00e9al pour alimenter des appareils \u00e0 forte consommation, comme des cam\u00e9ras de s\u00e9curit\u00e9 de derni\u00e8re g\u00e9n\u00e9ration ou des points d\u2019acc\u00e8s wifi haute capacit\u00e9. Sa conception en <b>plastique r\u00e9sistant<\/b> assure l\u00e9g\u00e8ret\u00e9 et durabilit\u00e9, compl\u00e9t\u00e9e par une alimentation via <b>prise EU<\/b>. Il int\u00e8gre \u00e9galement une connexion <b>USB<\/b> facilitant la gestion et la configuration avanc\u00e9e, offrant flexibilit\u00e9 pour la maintenance ou la mise \u00e0 jour du firmware. Avec une consommation d\u2019environ <b>50 W<\/b>, le DXS-1210-10MP\/E allie efficacit\u00e9 et performance pour les r\u00e9seaux de petite et moyenne taille n\u00e9cessitant une infrastructure \u00e9volutive et robuste. Ce switch D-Link fournit une solution fiable pour la distribution de connexions \u00e0 forte demande en bande passante et \u00e9nergie, facilitant l\u2019int\u00e9gration s\u00e9curis\u00e9e des services PoE++. En r\u00e9sum\u00e9, il offre un bon \u00e9quilibre entre puissance, fonctionnalit\u00e9 et design compact, destin\u00e9 \u00e0 optimiser l\u2019infrastructure r\u00e9seau d\u2019entreprise avec des standards avanc\u00e9s de connectivit\u00e9 et d\u2019alimentation.<\/p>\n<ul>\n<li>Produit \u00e0 brancher: Oui<\/li>\n<li>Type: Switch<\/li>\n<li>Type de prise: Prise EU<\/li>\n<li>Bloc d\u2019Alimentation: r\u00e9seau \u00e9lectrique<\/li>\n<li>Mati\u00e8re: Plastique<\/li>\n<li>Connexions: USB<\/li>\n<li>puissance: 50 W<\/li>\n<li>Type de batterie:\n<ul>\n<li>Litio Ion<\/li>\n<li>Batterie au lithium rechargeable<\/li>\n<\/ul>\n<\/li>\n<\/ul>","protected":false},"excerpt":{"rendered":"<p>Si vous \u00eates \u00e0 la recherche de nouvelles tendances sur le march\u00e9, nous vous pr\u00e9sentons Switch D-Link DXS-1210-10MP\/E ! Le switch D-Link DXS-1210-10MP\/E est un \u00e9quipement r\u00e9seau professionnel con\u00e7u pour les environnements n\u00e9cessitant une haute capacit\u00e9 et une gestion efficace du trafic de donn\u00e9es. Ce mod\u00e8le offre une configuration de 8 ports 10GbE PoE++, capables [&hellip;]<\/p>\n","protected":false},"featured_media":34304,"comment_status":"open","ping_status":"closed","template":"","meta":[],"product_brand":[640],"product_cat":[65,584,585],"product_tag":[106],"class_list":{"0":"post-34305","1":"product","2":"type-product","3":"status-publish","4":"has-post-thumbnail","6":"product_brand-brandp_543","7":"product_cat-informatique-electronique","8":"product_cat-informatique-reseaux-et-composants","9":"product_cat-switch","10":"product_tag-tag_1295","12":"first","13":"instock","14":"taxable","15":"shipping-taxable","16":"purchasable","17":"product-type-simple"},"_links":{"self":[{"href":"https:\/\/bigbuy.tupique.com\/pt\/wp-json\/wp\/v2\/product\/34305","targetHints":{"allow":["GET"]}}],"collection":[{"href":"https:\/\/bigbuy.tupique.com\/pt\/wp-json\/wp\/v2\/product"}],"about":[{"href":"https:\/\/bigbuy.tupique.com\/pt\/wp-json\/wp\/v2\/types\/product"}],"replies":[{"embeddable":true,"href":"https:\/\/bigbuy.tupique.com\/pt\/wp-json\/wp\/v2\/comments?post=34305"}],"wp:featuredmedia":[{"embeddable":true,"href":"https:\/\/bigbuy.tupique.com\/pt\/wp-json\/wp\/v2\/media\/34304"}],"wp:attachment":[{"href":"https:\/\/bigbuy.tupique.com\/pt\/wp-json\/wp\/v2\/media?parent=34305"}],"wp:term":[{"taxonomy":"product_brand","embeddable":true,"href":"https:\/\/bigbuy.tupique.com\/pt\/wp-json\/wp\/v2\/product_brand?post=34305"},{"taxonomy":"product_cat","embeddable":true,"href":"https:\/\/bigbuy.tupique.com\/pt\/wp-json\/wp\/v2\/product_cat?post=34305"},{"taxonomy":"product_tag","embeddable":true,"href":"https:\/\/bigbuy.tupique.com\/pt\/wp-json\/wp\/v2\/product_tag?post=34305"}],"curies":[{"name":"wp","href":"https:\/\/api.w.org\/{rel}","templated":true}]}}