{"id":34264,"date":"2026-03-30T05:47:20","date_gmt":"2026-03-30T04:47:20","guid":{"rendered":"https:\/\/bigbuy.tupique.com\/produto\/smartphone-realme-gt-7t-68-octa-core-12-gb-ram-512-gb-black\/"},"modified":"2026-05-11T19:55:35","modified_gmt":"2026-05-11T17:55:35","slug":"smartphone-realme-gt-7t-68-octa-core-12-gb-ram-512-gb-black","status":"publish","type":"product","link":"https:\/\/bigbuy.tupique.com\/pt\/produto\/smartphone-realme-gt-7t-68-octa-core-12-gb-ram-512-gb-black\/","title":{"rendered":"Smartphone Realme GT 7T 6,8&#8243; Octa Core 12 GB RAM 512 GB Noir"},"content":{"rendered":"<p>Si vous \u00eates passionn\u00e9 d&#8217;<b>informatique et d&#8217;\u00e9lectronique<\/b>, si vous \u00eates \u00e0 la pointe de la technologie et qu&#8217;aucun d\u00e9tail ne vous \u00e9chappe, achetez <b>Smartphone Realme GT 7T 6,8&#8243; Octa Core 12 GB RAM 512 GB Noir<\/b> au meilleur prix.<\/p>\n<p>Le <b>Realme GT 7T<\/b> est un <b>smartphone<\/b> avanc\u00e9 qui se distingue par sa combinaison de performances haut de gamme, grande capacit\u00e9 et fonctionnalit\u00e9s adapt\u00e9es \u00e0 un usage quotidien intensif ainsi qu\u2019\u00e0 une exp\u00e9rience audiovisuelle immersive. Il dispose d\u2019un large <b>\u00e9cran AMOLED de 6,78 pouces<\/b> \u2014 avec une forte luminosit\u00e9 et la compatibilit\u00e9 HDR10+ \u2014 offrant une visualisation nette et immersive, id\u00e9ale pour le gaming, les contenus multim\u00e9dias et la navigation avanc\u00e9e. Dot\u00e9 de <b>12 Go de RAM<\/b> et d\u2019une g\u00e9n\u00e9reuse <b>capacit\u00e9 de stockage interne de 512 Go<\/b>, le Realme GT 7T assure un fonctionnement fluide m\u00eame lors de l\u2019ex\u00e9cution de plusieurs applications exigeantes et permet de conserver photos, vid\u00e9os et fichiers volumineux sans souci d\u2019espace. Parmi ses atouts figurent le <b>capteur de lumi\u00e8re ambiante<\/b> qui ajuste automatiquement la luminosit\u00e9 pour un confort visuel optimal, une connectivit\u00e9 avanc\u00e9e via <b>Bluetooth<\/b> et <b>USB-C<\/b>, ainsi que des fonctions <b>GPS<\/b> rapides et pr\u00e9cises pour une g\u00e9olocalisation et une navigation fiables. L\u2019appareil arbore un design moderne en <b>noir<\/b>, alliant r\u00e9sistance et l\u00e9g\u00e8ret\u00e9 pour un usage quotidien ou professionnel. De plus, l\u2019int\u00e9gration de technologies telles que Dolby Vision et un syst\u00e8me efficace de dissipation thermique apportent une valeur ajout\u00e9e aux utilisateurs recherchant durabilit\u00e9 et stabilit\u00e9 lors de longues sessions d\u2019utilisation. Gr\u00e2ce \u00e0 cet \u00e9quipement technique et \u00e0 la fiabilit\u00e9 de la marque Realme, le GT 7T s\u2019impose comme une option robuste et compl\u00e8te dans la gamme des smartphones pour ceux qui privil\u00e9gient capacit\u00e9, qualit\u00e9 d\u2019\u00e9cran et hautes performances.<\/p>\n<ul>\n<li>Type: Smartphone<\/li>\n<li>Produit \u00e0 brancher: Oui<\/li>\n<li>Diagonale de l&#8217;\u00e9cran (cm):\n<ul>\n<li>17,3 cm<\/li>\n<li>17,2 cm<\/li>\n<\/ul>\n<\/li>\n<li>Type de prise: Prise EU<\/li>\n<li>Caract\u00e9ristiques:\n<ul>\n<li>Dual SIM<\/li>\n<li>GPS<\/li>\n<li>Capteur de lumi\u00e8re ambiante<\/li>\n<li>HDR<\/li>\n<li>Chargement rapide et fiable<\/li>\n<li>Stabilisateur d&#8217;image<\/li>\n<li>\u00c9cran plat<\/li>\n<\/ul>\n<\/li>\n<li>Bloc d\u2019Alimentation: r\u00e9seau \u00e9lectrique<\/li>\n<li>Ecran:\n<ul>\n<li>6,8&#8221;<\/li>\n<li>6,8&#8243;<\/li>\n<li>6,78&#8243;<\/li>\n<\/ul>\n<\/li>\n<li>Facteur de forme: Bar<\/li>\n<li>GPS: Oui<\/li>\n<li>Glonass: Oui<\/li>\n<li>Processeur:\n<ul>\n<li>MediaTek<\/li>\n<li>Octa Core<\/li>\n<\/ul>\n<\/li>\n<li>Syst\u00e8me d&#8217;exploitation:\n<ul>\n<li>Android 15<\/li>\n<li>Android<\/li>\n<\/ul>\n<\/li>\n<li>Indice de r\u00e9parabilit\u00e9: 7.3<\/li>\n<li>Technologie:\n<ul>\n<li>AMOLED<\/li>\n<li>Glonass<\/li>\n<\/ul>\n<\/li>\n<li>Capacit\u00e9 de la batterie: 7000 mAh<\/li>\n<li>puissance: 120 W<\/li>\n<li>Connectivit\u00e9:\n<ul>\n<li>NFC<\/li>\n<li>Bluetooth<\/li>\n<li>5G<\/li>\n<\/ul>\n<\/li>\n<li>Cam\u00e9ra\/Appareil Photo:\n<ul>\n<li>50 Mp<\/li>\n<li>Dual<\/li>\n<li>8 MP<\/li>\n<li>Frontal<\/li>\n<li>32 Mp<\/li>\n<\/ul>\n<\/li>\n<li>Connexions:\n<ul>\n<li>USB-C<\/li>\n<li>Dual SIM<\/li>\n<\/ul>\n<\/li>\n<li>M\u00e9moire RAM: 12 GB RAM<\/li>\n<li>M\u00e9moire interne: 512 GB<\/li>\n<li>Couleur: Noir<\/li>\n<li>Fonctions: ECO<\/li>\n<li>Batterie au lithium rechargeable: 7000 mAh<\/li>\n<li>Non Inclus: Adaptateur AC<\/li>\n<li>Fr\u00e9quence: 120 Hz<\/li>\n<li>Noyaux: 8 Noyaux<\/li>\n<li>Famille de processeurs: MediaTek Dimensity<\/li>\n<\/ul>","protected":false},"excerpt":{"rendered":"<p>Si vous \u00eates passionn\u00e9 d&#8217;informatique et d&#8217;\u00e9lectronique, si vous \u00eates \u00e0 la pointe de la technologie et qu&#8217;aucun d\u00e9tail ne vous \u00e9chappe, achetez Smartphone Realme GT 7T 6,8&#8243; Octa Core 12 GB RAM 512 GB Noir au meilleur prix. Le Realme GT 7T est un smartphone avanc\u00e9 qui se distingue par sa combinaison de performances [&hellip;]<\/p>\n","protected":false},"featured_media":34241,"comment_status":"open","ping_status":"closed","template":"","meta":[],"product_brand":[1154],"product_cat":[575,65,960],"product_tag":[213,566,106],"class_list":{"0":"post-34264","1":"product","2":"type-product","3":"status-publish","4":"has-post-thumbnail","6":"product_brand-brandp_2818","7":"product_cat-electronique-telephonie-et-tablettes","8":"product_cat-informatique-electronique","9":"product_cat-telephones-portables","10":"product_tag-tag_933","11":"product_tag-tag_547","12":"product_tag-tag_1295","14":"first","15":"instock","16":"taxable","17":"shipping-taxable","18":"purchasable","19":"product-type-simple"},"_links":{"self":[{"href":"https:\/\/bigbuy.tupique.com\/pt\/wp-json\/wp\/v2\/product\/34264","targetHints":{"allow":["GET"]}}],"collection":[{"href":"https:\/\/bigbuy.tupique.com\/pt\/wp-json\/wp\/v2\/product"}],"about":[{"href":"https:\/\/bigbuy.tupique.com\/pt\/wp-json\/wp\/v2\/types\/product"}],"replies":[{"embeddable":true,"href":"https:\/\/bigbuy.tupique.com\/pt\/wp-json\/wp\/v2\/comments?post=34264"}],"wp:featuredmedia":[{"embeddable":true,"href":"https:\/\/bigbuy.tupique.com\/pt\/wp-json\/wp\/v2\/media\/34241"}],"wp:attachment":[{"href":"https:\/\/bigbuy.tupique.com\/pt\/wp-json\/wp\/v2\/media?parent=34264"}],"wp:term":[{"taxonomy":"product_brand","embeddable":true,"href":"https:\/\/bigbuy.tupique.com\/pt\/wp-json\/wp\/v2\/product_brand?post=34264"},{"taxonomy":"product_cat","embeddable":true,"href":"https:\/\/bigbuy.tupique.com\/pt\/wp-json\/wp\/v2\/product_cat?post=34264"},{"taxonomy":"product_tag","embeddable":true,"href":"https:\/\/bigbuy.tupique.com\/pt\/wp-json\/wp\/v2\/product_tag?post=34264"}],"curies":[{"name":"wp","href":"https:\/\/api.w.org\/{rel}","templated":true}]}}