{"id":33526,"date":"2026-03-30T05:11:17","date_gmt":"2026-03-30T04:11:17","guid":{"rendered":"https:\/\/bigbuy.tupique.com\/produto\/perforating-hammer-bosch-sds-plus-1350-w\/"},"modified":"2026-04-16T16:25:10","modified_gmt":"2026-04-16T15:25:10","slug":"perforating-hammer-bosch-sds-plus-1350-w","status":"publish","type":"product","link":"https:\/\/bigbuy.tupique.com\/pt\/produto\/perforating-hammer-bosch-sds-plus-1350-w\/","title":{"rendered":"Marteau perforateur BOSCH SDS-plus 1350 W"},"content":{"rendered":"<p>Si vous \u00eates \u00e0 la recherche de nouvelles tendances sur le march\u00e9, nous vous pr\u00e9sentons <b>Marteau perforateur BOSCH SDS-plus 1350 W<\/b> !<\/p>\n<p>Le <b>Marteau perforateur SDS-plus GBH 6-42 C<\/b> de <b>BOSCH<\/b> est un outil professionnel con\u00e7u pour les travaux de per\u00e7age et de burinage les plus exigeants, id\u00e9al pour la construction comme pour la r\u00e9novation. Avec un puissant <b>moteur de 1350 W<\/b>, ce marteau offre une performance optimale et un haut niveau de productivit\u00e9. Son syst\u00e8me <b>SDS-plus<\/b> garantit un changement rapide et s\u00fbr des forets, facilitant l\u2019adaptation \u00e0 diff\u00e9rentes t\u00e2ches et mat\u00e9riaux, tandis que sa structure en <b>m\u00e9tal r\u00e9sistant<\/b> assure durabilit\u00e9 et robustesse, garantissant une longue dur\u00e9e de vie m\u00eame en usage intensif. L\u2019appareil fonctionne en <b>courant continu\/alternatif<\/b> et dispose d\u2019une connexion par <b>prise europ\u00e9enne (EU)<\/b>, conforme aux normes \u00e9lectriques courantes en Europe. De plus, son design ergonomique et \u00e9quilibr\u00e9 facilite la prise en main lors de longues sessions de travail, r\u00e9duisant la fatigue de l\u2019utilisateur. Cet outil <b>BOSCH Pro<\/b> est livr\u00e9 avec un coffret permettant un transport et un rangement s\u00fbrs et organis\u00e9s, prot\u00e9geant ses composants. Le mod\u00e8le GBH 6-42 C se distingue par sa combinaison de puissance, pr\u00e9cision et adaptabilit\u00e9, faisant de lui une option fiable pour les professionnels recherchant un marteau perforateur performant et robuste. Ce produit est une solution technique avanc\u00e9e r\u00e9pondant aux exigences du secteur professionnel gr\u00e2ce \u00e0 son ing\u00e9nierie solide et \u00e0 la technologie SDS-plus.<\/p>\n<ul>\n<li>Produit \u00e0 brancher: Oui<\/li>\n<li>Type de prise: Prise EU<\/li>\n<li>puissance: 1350 W<\/li>\n<li>Bloc d\u2019Alimentation:\n<ul>\n<li>r\u00e9seau \u00e9lectrique<\/li>\n<li>Courant CC\/CA<\/li>\n<\/ul>\n<\/li>\n<li>Mati\u00e8re: M\u00e9tal<\/li>\n<\/ul>","protected":false},"excerpt":{"rendered":"<p>Si vous \u00eates \u00e0 la recherche de nouvelles tendances sur le march\u00e9, nous vous pr\u00e9sentons Marteau perforateur BOSCH SDS-plus 1350 W ! Le Marteau perforateur SDS-plus GBH 6-42 C de BOSCH est un outil professionnel con\u00e7u pour les travaux de per\u00e7age et de burinage les plus exigeants, id\u00e9al pour la construction comme pour la r\u00e9novation. [&hellip;]<\/p>\n","protected":false},"featured_media":33521,"comment_status":"open","ping_status":"closed","template":"","meta":[],"product_brand":[162],"product_cat":[613,239],"product_tag":[59,210],"class_list":{"0":"post-33526","1":"product","2":"type-product","3":"status-publish","4":"has-post-thumbnail","6":"product_brand-brandp_959","7":"product_cat-bricolage-et-materiel","8":"product_cat-maison-jardin","9":"product_tag-tag_1304","10":"product_tag-tag_25","12":"first","13":"instock","14":"taxable","15":"shipping-taxable","16":"purchasable","17":"product-type-simple"},"_links":{"self":[{"href":"https:\/\/bigbuy.tupique.com\/pt\/wp-json\/wp\/v2\/product\/33526","targetHints":{"allow":["GET"]}}],"collection":[{"href":"https:\/\/bigbuy.tupique.com\/pt\/wp-json\/wp\/v2\/product"}],"about":[{"href":"https:\/\/bigbuy.tupique.com\/pt\/wp-json\/wp\/v2\/types\/product"}],"replies":[{"embeddable":true,"href":"https:\/\/bigbuy.tupique.com\/pt\/wp-json\/wp\/v2\/comments?post=33526"}],"wp:featuredmedia":[{"embeddable":true,"href":"https:\/\/bigbuy.tupique.com\/pt\/wp-json\/wp\/v2\/media\/33521"}],"wp:attachment":[{"href":"https:\/\/bigbuy.tupique.com\/pt\/wp-json\/wp\/v2\/media?parent=33526"}],"wp:term":[{"taxonomy":"product_brand","embeddable":true,"href":"https:\/\/bigbuy.tupique.com\/pt\/wp-json\/wp\/v2\/product_brand?post=33526"},{"taxonomy":"product_cat","embeddable":true,"href":"https:\/\/bigbuy.tupique.com\/pt\/wp-json\/wp\/v2\/product_cat?post=33526"},{"taxonomy":"product_tag","embeddable":true,"href":"https:\/\/bigbuy.tupique.com\/pt\/wp-json\/wp\/v2\/product_tag?post=33526"}],"curies":[{"name":"wp","href":"https:\/\/api.w.org\/{rel}","templated":true}]}}