{"id":33490,"date":"2026-03-30T05:10:20","date_gmt":"2026-03-30T04:10:20","guid":{"rendered":"https:\/\/bigbuy.tupique.com\/produto\/smart-tv-tcl-43s51k-full-hd-43-qled\/"},"modified":"2026-04-16T21:25:26","modified_gmt":"2026-04-16T20:25:26","slug":"smart-tv-tcl-43s51k-full-hd-43-qled","status":"publish","type":"product","link":"https:\/\/bigbuy.tupique.com\/pt\/produto\/smart-tv-tcl-43s51k-full-hd-43-qled\/","title":{"rendered":"TV intelligente TCL 43S51K Full HD 43&#8243; QLED"},"content":{"rendered":"<p>Si vous \u00eates passionn\u00e9 d&#8217;<b>informatique et d&#8217;\u00e9lectronique<\/b>, si vous \u00eates \u00e0 la pointe de la technologie et qu&#8217;aucun d\u00e9tail ne vous \u00e9chappe, achetez <b>TV intelligente TCL 43S51K Full HD 43&#8243; QLED<\/b> au meilleur prix.<\/p>\n<p>Le <b>TCL 43S51K<\/b> est un <b>Smart TV 43&#8243;<\/b> con\u00e7u pour offrir une exp\u00e9rience visuelle immersive dans tout espace domestique, gr\u00e2ce \u00e0 son <b>\u00e9cran de 43 pouces<\/b> avec <b>r\u00e9solution Full HD<\/b> garantissant des images nettes et d\u00e9taill\u00e9es, que ce soit pour la t\u00e9l\u00e9vision ou les services de streaming. Ce t\u00e9l\u00e9viseur int\u00e8gre la <b>technologie HDR10<\/b>, permettant de profiter d\u2019un contraste \u00e9largi et d\u2019une reproduction des couleurs plus r\u00e9aliste, am\u00e9liorant la qualit\u00e9 des sc\u00e8nes sombres et lumineuses. Son design moderne est propos\u00e9 en <b>noir et gris<\/b>, s\u2019adaptant facilement \u00e0 diff\u00e9rents styles d\u2019int\u00e9rieur. Il dispose de multiples options de connectivit\u00e9, dont <b>2 ports HDMI 1.4 et le Wi-Fi int\u00e9gr\u00e9<\/b>, facilitant la connexion de consoles, de dispositifs multim\u00e9dias et l\u2019acc\u00e8s aux plateformes en ligne. L\u2019int\u00e9gration d\u2019<b>Android TV<\/b> offre une interface intuitive et l\u2019acc\u00e8s \u00e0 des milliers d\u2019applications, avec contr\u00f4le vocal et personnalisation des contenus selon les pr\u00e9f\u00e9rences de l\u2019utilisateur. Class\u00e9 en <b>classe \u00e9nerg\u00e9tique F<\/b>, il constitue une solution adapt\u00e9e \u00e0 ceux qui privil\u00e9gient la fonctionnalit\u00e9 et le rapport qualit\u00e9-prix pour un t\u00e9l\u00e9viseur de taille moyenne. Le TCL 43S51K est un choix \u00e9quilibr\u00e9 pour ceux qui recherchent une TV intelligente avec des fonctionnalit\u00e9s solides et une connectivit\u00e9 avanc\u00e9e au quotidien.<\/p>\n<ul>\n<li>Couleur:\n<ul>\n<li>Noir<\/li>\n<li>Gris<\/li>\n<\/ul>\n<\/li>\n<li>R\u00e9solution: Full HD<\/li>\n<li>Classification \u00e9nerg\u00e9tique: F<\/li>\n<li>Ecran: 43&#8243;<\/li>\n<li>Technologie:\n<ul>\n<li>HDR10<\/li>\n<li>QLED<\/li>\n<\/ul>\n<\/li>\n<li>Syst\u00e8me d&#8217;exploitation: Android TV<\/li>\n<li>Diagonale de l&#8217;\u00e9cran (cm):\n<ul>\n<li>108 cm<\/li>\n<li>109,2 cm<\/li>\n<li>109 CM<\/li>\n<\/ul>\n<\/li>\n<li>Fr\u00e9quence: 60 Hz<\/li>\n<li>Son: Dolby Digital Plus<\/li>\n<li>Poids approx.:\n<ul>\n<li>5,1 Kg<\/li>\n<li>7,2 KG<\/li>\n<\/ul>\n<\/li>\n<li>Indice de r\u00e9parabilit\u00e9: 7.4<\/li>\n<li>Dimensions approx.:\n<ul>\n<li>18,4 cm<\/li>\n<li>12,2 cm<\/li>\n<\/ul>\n<\/li>\n<\/ul>","protected":false},"excerpt":{"rendered":"<p>Si vous \u00eates passionn\u00e9 d&#8217;informatique et d&#8217;\u00e9lectronique, si vous \u00eates \u00e0 la pointe de la technologie et qu&#8217;aucun d\u00e9tail ne vous \u00e9chappe, achetez TV intelligente TCL 43S51K Full HD 43&#8243; QLED au meilleur prix. Le TCL 43S51K est un Smart TV 43&#8243; con\u00e7u pour offrir une exp\u00e9rience visuelle immersive dans tout espace domestique, gr\u00e2ce \u00e0 [&hellip;]<\/p>\n","protected":false},"featured_media":33484,"comment_status":"open","ping_status":"closed","template":"","meta":[],"product_brand":[1153],"product_cat":[589,65,957],"product_tag":[59],"class_list":{"0":"post-33490","1":"product","2":"type-product","3":"status-publish","4":"has-post-thumbnail","6":"product_brand-brandp_3009","7":"product_cat-electronique-television","8":"product_cat-informatique-electronique","9":"product_cat-televisions-et-smart-tv","10":"product_tag-tag_1304","12":"first","13":"instock","14":"taxable","15":"shipping-taxable","16":"purchasable","17":"product-type-simple"},"_links":{"self":[{"href":"https:\/\/bigbuy.tupique.com\/pt\/wp-json\/wp\/v2\/product\/33490","targetHints":{"allow":["GET"]}}],"collection":[{"href":"https:\/\/bigbuy.tupique.com\/pt\/wp-json\/wp\/v2\/product"}],"about":[{"href":"https:\/\/bigbuy.tupique.com\/pt\/wp-json\/wp\/v2\/types\/product"}],"replies":[{"embeddable":true,"href":"https:\/\/bigbuy.tupique.com\/pt\/wp-json\/wp\/v2\/comments?post=33490"}],"wp:featuredmedia":[{"embeddable":true,"href":"https:\/\/bigbuy.tupique.com\/pt\/wp-json\/wp\/v2\/media\/33484"}],"wp:attachment":[{"href":"https:\/\/bigbuy.tupique.com\/pt\/wp-json\/wp\/v2\/media?parent=33490"}],"wp:term":[{"taxonomy":"product_brand","embeddable":true,"href":"https:\/\/bigbuy.tupique.com\/pt\/wp-json\/wp\/v2\/product_brand?post=33490"},{"taxonomy":"product_cat","embeddable":true,"href":"https:\/\/bigbuy.tupique.com\/pt\/wp-json\/wp\/v2\/product_cat?post=33490"},{"taxonomy":"product_tag","embeddable":true,"href":"https:\/\/bigbuy.tupique.com\/pt\/wp-json\/wp\/v2\/product_tag?post=33490"}],"curies":[{"name":"wp","href":"https:\/\/api.w.org\/{rel}","templated":true}]}}