{"id":33475,"date":"2026-03-30T05:09:51","date_gmt":"2026-03-30T04:09:51","guid":{"rendered":"https:\/\/bigbuy.tupique.com\/produto\/baby-hammock-chicco-08079890160000-black-grey\/"},"modified":"2026-05-11T20:01:53","modified_gmt":"2026-05-11T18:01:53","slug":"baby-hammock-chicco-08079890160000-black-grey","status":"publish","type":"product","link":"https:\/\/bigbuy.tupique.com\/pt\/produto\/baby-hammock-chicco-08079890160000-black-grey\/","title":{"rendered":"Hamac pour B\u00e9b\u00e9 Chicco 08079890160000 Noir Gris"},"content":{"rendered":"<p>Si vous \u00eates \u00e0 la recherche de nouvelles tendances sur le march\u00e9, nous vous pr\u00e9sentons <b>Hamac pour B\u00e9b\u00e9 Chicco 08079890160000 Noir Gris<\/b> !<\/p>\n<ul>\n<li>Couleur:\n<ul>\n<li>Noir<\/li>\n<li>Gris<\/li>\n<\/ul>\n<\/li>\n<li>Mati\u00e8re: Plastique<\/li>\n<li>N\u00e9cessite un montage: Oui<\/li>\n<li>\u00c2ge recommand\u00e9: + 0 Mois<\/li>\n<\/ul>","protected":false},"excerpt":{"rendered":"<p>Si vous \u00eates \u00e0 la recherche de nouvelles tendances sur le march\u00e9, nous vous pr\u00e9sentons Hamac pour B\u00e9b\u00e9 Chicco 08079890160000 Noir Gris ! Couleur: Noir Gris Mati\u00e8re: Plastique N\u00e9cessite un montage: Oui \u00c2ge recommand\u00e9: + 0 Mois<\/p>","protected":false},"featured_media":33462,"comment_status":"open","ping_status":"closed","template":"","meta":[],"product_brand":[998],"product_cat":[251,252,157,158],"product_tag":[59],"class_list":{"0":"post-33475","1":"product","2":"type-product","3":"status-publish","4":"has-post-thumbnail","6":"product_brand-brandp_2092","7":"product_cat-bebes-et-enfants","8":"product_cat-detente-et-distraction","9":"product_cat-jouets-deguisements","10":"product_cat-jouets-et-jeux","11":"product_tag-tag_1304","13":"first","14":"instock","15":"taxable","16":"shipping-taxable","17":"purchasable","18":"product-type-simple"},"_links":{"self":[{"href":"https:\/\/bigbuy.tupique.com\/pt\/wp-json\/wp\/v2\/product\/33475","targetHints":{"allow":["GET"]}}],"collection":[{"href":"https:\/\/bigbuy.tupique.com\/pt\/wp-json\/wp\/v2\/product"}],"about":[{"href":"https:\/\/bigbuy.tupique.com\/pt\/wp-json\/wp\/v2\/types\/product"}],"replies":[{"embeddable":true,"href":"https:\/\/bigbuy.tupique.com\/pt\/wp-json\/wp\/v2\/comments?post=33475"}],"wp:featuredmedia":[{"embeddable":true,"href":"https:\/\/bigbuy.tupique.com\/pt\/wp-json\/wp\/v2\/media\/33462"}],"wp:attachment":[{"href":"https:\/\/bigbuy.tupique.com\/pt\/wp-json\/wp\/v2\/media?parent=33475"}],"wp:term":[{"taxonomy":"product_brand","embeddable":true,"href":"https:\/\/bigbuy.tupique.com\/pt\/wp-json\/wp\/v2\/product_brand?post=33475"},{"taxonomy":"product_cat","embeddable":true,"href":"https:\/\/bigbuy.tupique.com\/pt\/wp-json\/wp\/v2\/product_cat?post=33475"},{"taxonomy":"product_tag","embeddable":true,"href":"https:\/\/bigbuy.tupique.com\/pt\/wp-json\/wp\/v2\/product_tag?post=33475"}],"curies":[{"name":"wp","href":"https:\/\/api.w.org\/{rel}","templated":true}]}}