{"id":33314,"date":"2026-03-30T04:56:52","date_gmt":"2026-03-30T03:56:52","guid":{"rendered":"https:\/\/bigbuy.tupique.com\/produto\/motherboard-gigabyte-amd-amd-am5-3\/"},"modified":"2026-05-11T20:01:47","modified_gmt":"2026-05-11T18:01:47","slug":"motherboard-gigabyte-amd-amd-am5-3","status":"publish","type":"product","link":"https:\/\/bigbuy.tupique.com\/pt\/produto\/motherboard-gigabyte-amd-amd-am5-3\/","title":{"rendered":"Carte M\u00e8re Gigabyte AMD AMD AM5"},"content":{"rendered":"<p>Si vous \u00eates passionn\u00e9 d&#8217;<b>informatique et d&#8217;\u00e9lectronique<\/b>, si vous \u00eates \u00e0 la pointe de la technologie et qu&#8217;aucun d\u00e9tail ne vous \u00e9chappe, achetez <b>Carte M\u00e8re Gigabyte AMD AMD AM5<\/b> au meilleur prix.<\/p>\n<p>La <b>carte m\u00e8re<\/b> <b>Gigabyte X870 AORUS ELITE WF7 ICE<\/b> est une solution avanc\u00e9e con\u00e7ue sp\u00e9cifiquement pour les syst\u00e8mes \u00e9quip\u00e9s de processeurs AMD, exploitant le <b>socket AMD AM5<\/b> et le chipset de derni\u00e8re g\u00e9n\u00e9ration <b>AMD X870<\/b>. Cette carte m\u00e8re au format <b>ATX<\/b> offre une plateforme robuste et spacieuse, id\u00e9ale pour monter des configurations haute performance n\u00e9cessitant un large support de composants et d\u2019extensions. Elle prend en charge la m\u00e9moire <b>DDR5 SDRAM<\/b>, garantissant des vitesses de transfert plus rapides et une meilleure efficacit\u00e9 \u00e9nerg\u00e9tique par rapport aux g\u00e9n\u00e9rations pr\u00e9c\u00e9dentes, essentielle pour les t\u00e2ches exigeantes et les jeux intensifs. De plus, elle int\u00e8gre la connectivit\u00e9 <b>Intel Wi-Fi 6<\/b>, offrant des connexions sans fil rapides et stables qui am\u00e9liorent l\u2019exp\u00e9rience en r\u00e9seau local et en ligne. C\u00f4t\u00e9 connectique physique, elle comprend des ports <b>USB 2.0<\/b> et une sortie vid\u00e9o <b>HDMI<\/b>, facilitant la connexion \u00e0 des \u00e9crans modernes et divers p\u00e9riph\u00e9riques. Son design en couleur <b>blanc<\/b> refl\u00e8te un style contemporain, compatible avec des configurations recherchant une finition propre et sophistiqu\u00e9e. Fabriqu\u00e9e en Chine, cette carte m\u00e8re combine technologie de pointe et assemblage solide pour fournir une base fiable dans les syst\u00e8mes GAMING ou professionnels tirant parti des capacit\u00e9s de l\u2019\u00e9cosyst\u00e8me AMD le plus r\u00e9cent. En r\u00e9sum\u00e9, la <b>Gigabyte X870 AORUS ELITE WF7 ICE<\/b> int\u00e8gre les derni\u00e8res innovations en chipset, connectivit\u00e9 et support m\u00e9moire pour construire des machines puissantes et polyvalentes.<\/p>\n<ul>\n<li>Type:\n<ul>\n<li>Carte M\u00e8re<\/li>\n<li>PCI Express 3.0<\/li>\n<li>ATX<\/li>\n<li>UEFI<\/li>\n<\/ul>\n<\/li>\n<li>Connexions:\n<ul>\n<li>HDMI<\/li>\n<li>Jack 3.5 mm<\/li>\n<li>DisplayPort<\/li>\n<li>PCI Express (x16) x 1<\/li>\n<li>S\/PDIF<\/li>\n<li>24 PIN x 1<\/li>\n<li>USB 3.2 x 4<\/li>\n<li>USB 3.2<\/li>\n<li>USB 4.0 x 2<\/li>\n<li>8-pin<\/li>\n<li>USB 3.2 x 3<\/li>\n<li>M.2 x 4<\/li>\n<li>Sortie audio<\/li>\n<li>USB 2.0<\/li>\n<li>TPM<\/li>\n<li>DisplayPort 1.4<\/li>\n<li>MIni Jack 3.5 mm x 1<\/li>\n<li>USB 3.2 x 1<\/li>\n<li>PCI Express 3.0 (x16) x 1<\/li>\n<li>HDMI 2.1<\/li>\n<li>HDMI x 1<\/li>\n<li>DisplayPort x 2<\/li>\n<li>2 x USB 2.0<\/li>\n<li>Microphone<\/li>\n<li>Ethernet LAN<\/li>\n<li>SATA x 4<\/li>\n<li>DIMM<\/li>\n<li>4 x USB 3.2 Gen 1 (3.1 Gen 1)<\/li>\n<li>USB 2.0 x 2<\/li>\n<li>RJ45 x 1<\/li>\n<\/ul>\n<\/li>\n<li>Type de m\u00e9moire:\n<ul>\n<li>DDR5 SDRAM<\/li>\n<li>DDR5<\/li>\n<\/ul>\n<\/li>\n<li>Cha\u00eenes:\n<ul>\n<li>7.1<\/li>\n<li>2 Cha\u00eenes<\/li>\n<\/ul>\n<\/li>\n<li>vitesse:\n<ul>\n<li>6000 MHz<\/li>\n<li>4400 MHz<\/li>\n<li>4800 MHz<\/li>\n<li>5200 MHz<\/li>\n<li>5600 MHz<\/li>\n<li>6400 MHz<\/li>\n<li>6200 MHz<\/li>\n<li>6800 MHz<\/li>\n<li>6600 MHZ<\/li>\n<li>6666 mhz<\/li>\n<\/ul>\n<\/li>\n<li>Connectivit\u00e9:\n<ul>\n<li>2,5 Gigabit Ethernet<\/li>\n<li>Wi-Fi 4<\/li>\n<li>Wi-Fi 5 GHz<\/li>\n<li>Bluetooth<\/li>\n<li>REALTEK RTL8125<\/li>\n<li>Wi-Fi<\/li>\n<\/ul>\n<\/li>\n<li>Chipset:\n<ul>\n<li>AMD AM5<\/li>\n<li>AMD X870<\/li>\n<li>Intel Wi-Fi 6<\/li>\n<li>AMD<\/li>\n<\/ul>\n<\/li>\n<li>Compatible:\n<ul>\n<li>Windows 11<\/li>\n<li>raid 0<\/li>\n<li>raid 1<\/li>\n<li>Raid 10<\/li>\n<li>AMD Ryzen 7<\/li>\n<li>Bandes LED<\/li>\n<li>AMD Ryzen 5<\/li>\n<li>HDCP<\/li>\n<li>AMD Ryzen 3<\/li>\n<li>HDD\/SSD<\/li>\n<li>PC<\/li>\n<\/ul>\n<\/li>\n<li>USB 2.0: 2<\/li>\n<li>Caract\u00e9ristiques: Adaptateur graphique int\u00e9gr\u00e9<\/li>\n<li>Antenne Wifi: 2<\/li>\n<li>R\u00e9solution (px): 4096 x 2160 px<\/li>\n<li>\u00c9lev\u00e9: 3,5 cm<\/li>\n<li>Poids approx.: 2,4 Kg<\/li>\n<li>Profondeur: 244 mm<\/li>\n<li>Bluetooth: Oui<\/li>\n<li>Processeur: AMD<\/li>\n<li>Couleur: Blanc<\/li>\n<li>Plate-forme: Windows<\/li>\n<li>Facteur de forme: ATX<\/li>\n<li>Interface:\n<ul>\n<li>Gigabit Ethernet<\/li>\n<li>DirectX 12.0<\/li>\n<\/ul>\n<\/li>\n<li>Batterie: CR2032<\/li>\n<li>M\u00e9moire: 256 MB<\/li>\n<li>Nombre d&#8217;emplacements m\u00e9moire: 4<\/li>\n<li>Piles incluses: Oui<\/li>\n<li>Haut-parleurs: 7.1<\/li>\n<li>Son: Realtek ALC1220<\/li>\n<li>Connecteurs: SATA x 4<\/li>\n<li>Largeur: 30,5 cm<\/li>\n<li>Socket: AMD AM5<\/li>\n<li>Famille de processeurs: AMD<\/li>\n<\/ul>","protected":false},"excerpt":{"rendered":"<p>Si vous \u00eates passionn\u00e9 d&#8217;informatique et d&#8217;\u00e9lectronique, si vous \u00eates \u00e0 la pointe de la technologie et qu&#8217;aucun d\u00e9tail ne vous \u00e9chappe, achetez Carte M\u00e8re Gigabyte AMD AMD AM5 au meilleur prix. La carte m\u00e8re Gigabyte X870 AORUS ELITE WF7 ICE est une solution avanc\u00e9e con\u00e7ue sp\u00e9cifiquement pour les syst\u00e8mes \u00e9quip\u00e9s de processeurs AMD, exploitant [&hellip;]<\/p>\n","protected":false},"featured_media":33280,"comment_status":"open","ping_status":"closed","template":"","meta":[],"product_brand":[1147],"product_cat":[736,65,584],"product_tag":[59,106],"class_list":{"0":"post-33314","1":"product","2":"type-product","3":"status-publish","4":"has-post-thumbnail","6":"product_brand-brandp_550","7":"product_cat-cartes-meres","8":"product_cat-informatique-electronique","9":"product_cat-informatique-reseaux-et-composants","10":"product_tag-tag_1304","11":"product_tag-tag_1295","13":"first","14":"instock","15":"taxable","16":"shipping-taxable","17":"purchasable","18":"product-type-simple"},"_links":{"self":[{"href":"https:\/\/bigbuy.tupique.com\/pt\/wp-json\/wp\/v2\/product\/33314","targetHints":{"allow":["GET"]}}],"collection":[{"href":"https:\/\/bigbuy.tupique.com\/pt\/wp-json\/wp\/v2\/product"}],"about":[{"href":"https:\/\/bigbuy.tupique.com\/pt\/wp-json\/wp\/v2\/types\/product"}],"replies":[{"embeddable":true,"href":"https:\/\/bigbuy.tupique.com\/pt\/wp-json\/wp\/v2\/comments?post=33314"}],"wp:featuredmedia":[{"embeddable":true,"href":"https:\/\/bigbuy.tupique.com\/pt\/wp-json\/wp\/v2\/media\/33280"}],"wp:attachment":[{"href":"https:\/\/bigbuy.tupique.com\/pt\/wp-json\/wp\/v2\/media?parent=33314"}],"wp:term":[{"taxonomy":"product_brand","embeddable":true,"href":"https:\/\/bigbuy.tupique.com\/pt\/wp-json\/wp\/v2\/product_brand?post=33314"},{"taxonomy":"product_cat","embeddable":true,"href":"https:\/\/bigbuy.tupique.com\/pt\/wp-json\/wp\/v2\/product_cat?post=33314"},{"taxonomy":"product_tag","embeddable":true,"href":"https:\/\/bigbuy.tupique.com\/pt\/wp-json\/wp\/v2\/product_tag?post=33314"}],"curies":[{"name":"wp","href":"https:\/\/api.w.org\/{rel}","templated":true}]}}