{"id":33213,"date":"2026-03-30T04:53:44","date_gmt":"2026-03-30T03:53:44","guid":{"rendered":"https:\/\/bigbuy.tupique.com\/produto\/gaming-control-turtle-beach\/"},"modified":"2026-04-16T21:55:25","modified_gmt":"2026-04-16T20:55:25","slug":"gaming-control-turtle-beach","status":"publish","type":"product","link":"https:\/\/bigbuy.tupique.com\/pt\/produto\/gaming-control-turtle-beach\/","title":{"rendered":"Contr\u00f4le des jeux Turtle Beach"},"content":{"rendered":"<p>Si vous \u00eates \u00e0 la recherche de nouvelles tendances sur le march\u00e9, nous vous pr\u00e9sentons <b>Contr\u00f4le des jeux Turtle Beach<\/b> !<\/p>\n<ul>\n<li>Plate-forme:\n<ul>\n<li>Microsoft Xbox One<\/li>\n<li>PC<\/li>\n<li>Xbox Series<\/li>\n<\/ul>\n<\/li>\n<li>Couleur: Noir<\/li>\n<li>Connexions:\n<ul>\n<li>USB<\/li>\n<li>USB-C<\/li>\n<\/ul>\n<\/li>\n<li>Langue: Anglais<\/li>\n<li>Bloc d\u2019Alimentation: Avec fil<\/li>\n<li>Inclut: Ecran<\/li>\n<\/ul>","protected":false},"excerpt":{"rendered":"<p>Si vous \u00eates \u00e0 la recherche de nouvelles tendances sur le march\u00e9, nous vous pr\u00e9sentons Contr\u00f4le des jeux Turtle Beach ! Plate-forme: Microsoft Xbox One PC Xbox Series Couleur: Noir Connexions: USB USB-C Langue: Anglais Bloc d\u2019Alimentation: Avec fil Inclut: Ecran<\/p>","protected":false},"featured_media":33180,"comment_status":"open","ping_status":"closed","template":"","meta":[],"product_brand":[842],"product_cat":[730,609,65],"product_tag":[59,572],"class_list":{"0":"post-33213","1":"product","2":"type-product","3":"status-publish","4":"has-post-thumbnail","6":"product_brand-brandp_5689","7":"product_cat-accessoires-pour-consoles","8":"product_cat-electronique-jouets-electroniques","9":"product_cat-informatique-electronique","10":"product_tag-tag_1304","11":"product_tag-tag_29","13":"first","14":"instock","15":"taxable","16":"shipping-taxable","17":"purchasable","18":"product-type-simple"},"_links":{"self":[{"href":"https:\/\/bigbuy.tupique.com\/pt\/wp-json\/wp\/v2\/product\/33213","targetHints":{"allow":["GET"]}}],"collection":[{"href":"https:\/\/bigbuy.tupique.com\/pt\/wp-json\/wp\/v2\/product"}],"about":[{"href":"https:\/\/bigbuy.tupique.com\/pt\/wp-json\/wp\/v2\/types\/product"}],"replies":[{"embeddable":true,"href":"https:\/\/bigbuy.tupique.com\/pt\/wp-json\/wp\/v2\/comments?post=33213"}],"wp:featuredmedia":[{"embeddable":true,"href":"https:\/\/bigbuy.tupique.com\/pt\/wp-json\/wp\/v2\/media\/33180"}],"wp:attachment":[{"href":"https:\/\/bigbuy.tupique.com\/pt\/wp-json\/wp\/v2\/media?parent=33213"}],"wp:term":[{"taxonomy":"product_brand","embeddable":true,"href":"https:\/\/bigbuy.tupique.com\/pt\/wp-json\/wp\/v2\/product_brand?post=33213"},{"taxonomy":"product_cat","embeddable":true,"href":"https:\/\/bigbuy.tupique.com\/pt\/wp-json\/wp\/v2\/product_cat?post=33213"},{"taxonomy":"product_tag","embeddable":true,"href":"https:\/\/bigbuy.tupique.com\/pt\/wp-json\/wp\/v2\/product_tag?post=33213"}],"curies":[{"name":"wp","href":"https:\/\/api.w.org\/{rel}","templated":true}]}}