{"id":33175,"date":"2026-03-30T04:52:37","date_gmt":"2026-03-30T03:52:37","guid":{"rendered":"https:\/\/bigbuy.tupique.com\/produto\/surveillance-camcorder-abus-3\/"},"modified":"2026-04-16T15:16:00","modified_gmt":"2026-04-16T14:16:00","slug":"surveillance-camcorder-abus-3","status":"publish","type":"product","link":"https:\/\/bigbuy.tupique.com\/pt\/produto\/surveillance-camcorder-abus-3\/","title":{"rendered":"Camescope de surveillance ABUS"},"content":{"rendered":"<p>Si vous \u00eates \u00e0 la recherche de nouvelles tendances sur le march\u00e9, nous vous pr\u00e9sentons <b>Camescope de surveillance ABUS<\/b> !<\/p>\n<p>Le <b>kit de cam\u00e9ra de surveillance ABUS PPIC91000<\/b> est une solution fiable et avanc\u00e9e pour la s\u00e9curit\u00e9 r\u00e9sidentielle ou commerciale, con\u00e7ue pour offrir une surveillance continue avec une haute qualit\u00e9 d\u2019image. Cette <b>cam\u00e9ra de surveillance<\/b> dispose d\u2019une r\u00e9solution nette de <b>1920 x 1080 pixels<\/b>, garantissant des d\u00e9tails clairs et pr\u00e9cis \u00e0 chaque enregistrement, id\u00e9aux pour identifier personnes ou objets dans la zone surveill\u00e9e. Sa couleur blanche et son design compact facilitent une installation discr\u00e8te et adaptable dans divers environnements. \u00c9quip\u00e9e d\u2019une alimentation de <b>12 V<\/b> et d\u2019une batterie <b>lithium-ion<\/b>, elle permet un fonctionnement prolong\u00e9, assurant la continuit\u00e9 du syst\u00e8me en cas de coupure de courant. De plus, l\u2019appareil int\u00e8gre une <b>vision nocturne infrarouge<\/b>, renfor\u00e7ant la surveillance en conditions de faible luminosit\u00e9 ou la nuit, \u00e9tendant son utilit\u00e9 24h\/24. Son large <b>champ de vision de 130\u00b0<\/b> aide \u00e0 couvrir de grandes zones avec moins de cam\u00e9ras, optimisant la s\u00e9curit\u00e9 et r\u00e9duisant l\u2019investissement en mat\u00e9riel suppl\u00e9mentaire. La technologie int\u00e9gr\u00e9e comprend une batterie rechargeable, facilitant l\u2019installation dans des zones sans connexion directe au r\u00e9seau \u00e9lectrique, augmentant la flexibilit\u00e9 et l\u2019applicabilit\u00e9 du syst\u00e8me. Ce kit est id\u00e9al pour ceux qui recherchent une solution efficace combinant qualit\u00e9 d\u2019image, autonomie et fonctionnalit\u00e9s techniques avanc\u00e9es sans complication. En r\u00e9sum\u00e9, la cam\u00e9ra ABUS PPIC91000 se pr\u00e9sente comme une option solide et polyvalente pour renforcer les syst\u00e8mes de surveillance avec haute fiabilit\u00e9 et performance durable.<\/p>\n<ul>\n<li>Type: Cam\u00e9scope<\/li>\n<li>Couleur: Blanc<\/li>\n<li>Tension: 12 V<\/li>\n<li>Inclut:\n<ul>\n<li>Batterie<\/li>\n<li>Batterie au lithium rechargeable x 2<\/li>\n<\/ul>\n<\/li>\n<li>Piles incluses: Oui<\/li>\n<li>Technologie: Infrarouges<\/li>\n<li>Type de batterie: Litio Ion<\/li>\n<\/ul>","protected":false},"excerpt":{"rendered":"<p>Si vous \u00eates \u00e0 la recherche de nouvelles tendances sur le march\u00e9, nous vous pr\u00e9sentons Camescope de surveillance ABUS ! Le kit de cam\u00e9ra de surveillance ABUS PPIC91000 est une solution fiable et avanc\u00e9e pour la s\u00e9curit\u00e9 r\u00e9sidentielle ou commerciale, con\u00e7ue pour offrir une surveillance continue avec une haute qualit\u00e9 d\u2019image. Cette cam\u00e9ra de surveillance [&hellip;]<\/p>\n","protected":false},"featured_media":33163,"comment_status":"open","ping_status":"closed","template":"","meta":[],"product_brand":[1169],"product_cat":[580,239,579],"product_tag":[567,59,210],"class_list":{"0":"post-33175","1":"product","2":"type-product","3":"status-publish","4":"has-post-thumbnail","6":"product_brand-brandp_6311","7":"product_cat-cameras-de-surveillance-video","8":"product_cat-maison-jardin","9":"product_cat-securite-a-la-maison","10":"product_tag-tag_556","11":"product_tag-tag_1304","12":"product_tag-tag_25","14":"first","15":"instock","16":"taxable","17":"shipping-taxable","18":"purchasable","19":"product-type-simple"},"_links":{"self":[{"href":"https:\/\/bigbuy.tupique.com\/pt\/wp-json\/wp\/v2\/product\/33175","targetHints":{"allow":["GET"]}}],"collection":[{"href":"https:\/\/bigbuy.tupique.com\/pt\/wp-json\/wp\/v2\/product"}],"about":[{"href":"https:\/\/bigbuy.tupique.com\/pt\/wp-json\/wp\/v2\/types\/product"}],"replies":[{"embeddable":true,"href":"https:\/\/bigbuy.tupique.com\/pt\/wp-json\/wp\/v2\/comments?post=33175"}],"wp:featuredmedia":[{"embeddable":true,"href":"https:\/\/bigbuy.tupique.com\/pt\/wp-json\/wp\/v2\/media\/33163"}],"wp:attachment":[{"href":"https:\/\/bigbuy.tupique.com\/pt\/wp-json\/wp\/v2\/media?parent=33175"}],"wp:term":[{"taxonomy":"product_brand","embeddable":true,"href":"https:\/\/bigbuy.tupique.com\/pt\/wp-json\/wp\/v2\/product_brand?post=33175"},{"taxonomy":"product_cat","embeddable":true,"href":"https:\/\/bigbuy.tupique.com\/pt\/wp-json\/wp\/v2\/product_cat?post=33175"},{"taxonomy":"product_tag","embeddable":true,"href":"https:\/\/bigbuy.tupique.com\/pt\/wp-json\/wp\/v2\/product_tag?post=33175"}],"curies":[{"name":"wp","href":"https:\/\/api.w.org\/{rel}","templated":true}]}}