{"id":33162,"date":"2026-03-30T04:52:14","date_gmt":"2026-03-30T03:52:14","guid":{"rendered":"https:\/\/bigbuy.tupique.com\/produto\/router-hpe-s0g34a-white-usb-2-0\/"},"modified":"2026-04-15T18:24:53","modified_gmt":"2026-04-15T17:24:53","slug":"router-hpe-s0g34a-white-usb-2-0","status":"publish","type":"product","link":"https:\/\/bigbuy.tupique.com\/pt\/produto\/router-hpe-s0g34a-white-usb-2-0\/","title":{"rendered":"Router HPE S0G34A Blanc USB 2.0"},"content":{"rendered":"<p>Si vous \u00eates \u00e0 la recherche de nouvelles tendances sur le march\u00e9, nous vous pr\u00e9sentons <b>Router HPE S0G34A Blanc USB 2.0<\/b> !<\/p>\n<p>Le <b>routeur<\/b> <b>HPE S0G34A<\/b> est une passerelle puissante con\u00e7ue pour les petites et moyennes entreprises recherchant une solution avanc\u00e9e en s\u00e9curit\u00e9 et gestion r\u00e9seau centralis\u00e9e. Cet appareil blanc offre une connectivit\u00e9 polyvalente via plusieurs interfaces, incluant des ports <b>Ethernet RJ45<\/b> et un port <b>PoE+ (Power over Ethernet) jusqu\u2019\u00e0 60 W<\/b>, facilitant l\u2019alimentation et la connexion des dispositifs compatibles sans c\u00e2bles suppl\u00e9mentaires. Il int\u00e8gre \u00e9galement une connexion <b>USB 2.0<\/b> pour \u00e9tendre ses options d\u2019interconnexion. Son architecture repose sur un processeur cadenc\u00e9 \u00e0 <b>2000 MHz<\/b>, accompagn\u00e9 de <b>4 Go de RAM et 4 Go de m\u00e9moire flash<\/b>, garantissant des performances fluides et la gestion simultan\u00e9e de multiples fonctions de s\u00e9curit\u00e9 et de trafic. La vitesse de transfert support\u00e9e atteint jusqu\u2019\u00e0 <b>2500 Mbps<\/b> en r\u00e9seau LAN, et son pare-feu offre un d\u00e9bit de sortie de <b>2400 Mbps<\/b>, assurant un trafic efficace et s\u00e9curis\u00e9. Il est con\u00e7u pour une installation flexible, avec un design compatible montage en rack, bureau ou mur, optimisant l\u2019espace et s\u2019adaptant \u00e0 divers environnements professionnels. Cet appareil fonctionne sous une plage de tension d\u2019entr\u00e9e de <b>100 &#8211; 240 V<\/b> et une fr\u00e9quence de <b>50 &#8211; 60 Hz<\/b>, consommant au maximum <b>79,5 W<\/b> en fonctionnement et seulement <b>5,6 W<\/b> en veille, alliant puissance et efficacit\u00e9 \u00e9nerg\u00e9tique. Son syst\u00e8me de gestion cloud via le portail Instant On Cloud permet une supervision \u00e0 distance continue et des mises \u00e0 jour automatiques du firmware, simplifiant l\u2019administration m\u00eame pour les utilisateurs non sp\u00e9cialis\u00e9s. Parmi ses fonctions de s\u00e9curit\u00e9 figurent le blocage de domaines, l\u2019inspection approfondie des paquets, et la mise en \u0153uvre d\u2019un mod\u00e8le zero trust avec des pare-feux acc\u00e9l\u00e9r\u00e9s par mat\u00e9riel prot\u00e9geant contre les menaces avanc\u00e9es. Il offre aussi redondance et \u00e9quilibrage de charge WAN pour s\u00e9lectionner automatiquement la meilleure connexion Internet dans des environnements multi-fournisseurs, garantissant un acc\u00e8s ininterrompu. L\u2019interface intuitive am\u00e9liore l\u2019exp\u00e9rience utilisateur, rendant la configuration et la gestion r\u00e9seau accessibles et fiables pour les PME souhaitant prot\u00e9ger leurs donn\u00e9es clients, transactions et connectivit\u00e9 multi-sites. En r\u00e9sum\u00e9, le <b>HPE S0G34A<\/b> repr\u00e9sente une solution compl\u00e8te alliant simplicit\u00e9, robustesse et technologie avanc\u00e9e pour assurer une infrastructure r\u00e9seau s\u00e9curis\u00e9e, flexible et performante.<\/p>\n<ul>\n<li>Type: Router<\/li>\n<li>Produit \u00e0 brancher: Oui<\/li>\n<li>Type de prise: Prise EU<\/li>\n<li>Bloc d\u2019Alimentation: r\u00e9seau \u00e9lectrique<\/li>\n<li>Couleur: Blanc<\/li>\n<li>Connexions:\n<ul>\n<li>USB 2.0<\/li>\n<li>RJ45<\/li>\n<li>PoE x 1<\/li>\n<\/ul>\n<\/li>\n<li>M\u00e9moire interne: 4 GB<\/li>\n<li>Fr\u00e9quence:\n<ul>\n<li>50\/60 Hz<\/li>\n<li>50 &#8211; 60 Hz<\/li>\n<\/ul>\n<\/li>\n<li>Tension d&#8217;entr\u00e9e AC: 100 &#8211; 240 V<\/li>\n<li>Entr\u00e9e AC: 100-240 V<\/li>\n<li>Montage en rack: 1U<\/li>\n<li>vitesse: 10\/100\/1000\/2500 Mbps<\/li>\n<li>M\u00e9moire Flash: 4096 MB<\/li>\n<li>M\u00e9moire RAM: 4 GB<\/li>\n<\/ul>","protected":false},"excerpt":{"rendered":"<p>Si vous \u00eates \u00e0 la recherche de nouvelles tendances sur le march\u00e9, nous vous pr\u00e9sentons Router HPE S0G34A Blanc USB 2.0 ! Le routeur HPE S0G34A est une passerelle puissante con\u00e7ue pour les petites et moyennes entreprises recherchant une solution avanc\u00e9e en s\u00e9curit\u00e9 et gestion r\u00e9seau centralis\u00e9e. Cet appareil blanc offre une connectivit\u00e9 polyvalente via [&hellip;]<\/p>\n","protected":false},"featured_media":33148,"comment_status":"open","ping_status":"closed","template":"","meta":[],"product_brand":[644],"product_cat":[65,584,612],"product_tag":[106],"class_list":{"0":"post-33162","1":"product","2":"type-product","3":"status-publish","4":"has-post-thumbnail","6":"product_brand-brandp_662","7":"product_cat-informatique-electronique","8":"product_cat-informatique-reseaux-et-composants","9":"product_cat-routeurs-et-modems","10":"product_tag-tag_1295","12":"first","13":"instock","14":"taxable","15":"shipping-taxable","16":"purchasable","17":"product-type-simple"},"_links":{"self":[{"href":"https:\/\/bigbuy.tupique.com\/pt\/wp-json\/wp\/v2\/product\/33162","targetHints":{"allow":["GET"]}}],"collection":[{"href":"https:\/\/bigbuy.tupique.com\/pt\/wp-json\/wp\/v2\/product"}],"about":[{"href":"https:\/\/bigbuy.tupique.com\/pt\/wp-json\/wp\/v2\/types\/product"}],"replies":[{"embeddable":true,"href":"https:\/\/bigbuy.tupique.com\/pt\/wp-json\/wp\/v2\/comments?post=33162"}],"wp:featuredmedia":[{"embeddable":true,"href":"https:\/\/bigbuy.tupique.com\/pt\/wp-json\/wp\/v2\/media\/33148"}],"wp:attachment":[{"href":"https:\/\/bigbuy.tupique.com\/pt\/wp-json\/wp\/v2\/media?parent=33162"}],"wp:term":[{"taxonomy":"product_brand","embeddable":true,"href":"https:\/\/bigbuy.tupique.com\/pt\/wp-json\/wp\/v2\/product_brand?post=33162"},{"taxonomy":"product_cat","embeddable":true,"href":"https:\/\/bigbuy.tupique.com\/pt\/wp-json\/wp\/v2\/product_cat?post=33162"},{"taxonomy":"product_tag","embeddable":true,"href":"https:\/\/bigbuy.tupique.com\/pt\/wp-json\/wp\/v2\/product_tag?post=33162"}],"curies":[{"name":"wp","href":"https:\/\/api.w.org\/{rel}","templated":true}]}}