{"id":33107,"date":"2026-03-30T04:41:47","date_gmt":"2026-03-30T03:41:47","guid":{"rendered":"https:\/\/bigbuy.tupique.com\/produto\/stick-vacuum-cleaner-philips\/"},"modified":"2026-04-16T20:20:21","modified_gmt":"2026-04-16T19:20:21","slug":"stick-vacuum-cleaner-philips","status":"publish","type":"product","link":"https:\/\/bigbuy.tupique.com\/pt\/produto\/stick-vacuum-cleaner-philips\/","title":{"rendered":"Aspirateur balai Philips"},"content":{"rendered":"<p>Si vous \u00eates \u00e0 la recherche de nouvelles tendances sur le march\u00e9, nous vous pr\u00e9sentons <b>Aspirateur balai Philips<\/b> !<\/p>\n<p>Le <b>aspirateur balai sans fil Philips XW6264\/11<\/b> allie fonctionnalit\u00e9 et mobilit\u00e9 pour faciliter le nettoyage \u00e0 domicile. \u00c9quip\u00e9 d\u2019une <b>alimentation par batterie<\/b>, ce mod\u00e8le offre une <b>autonomie d\u2019environ 25 minutes<\/b>, suffisante pour des t\u00e2ches rapides sans interruption. Son design de <b>35 cm<\/b> de large et sa forme <b>rectangulaire<\/b> permettent de couvrir de larges surfaces efficacement, tandis que sa couleur <b>corail<\/b> lui conf\u00e8re une finition moderne et attrayante. Cet aspirateur peut fonctionner en mode <b>sec et humide<\/b>, augmentant sa polyvalence pour aspirer poussi\u00e8re, salet\u00e9 s\u00e8che et petites quantit\u00e9s de liquide, ce qui en fait un outil complet pour divers types de surfaces et situations. La capacit\u00e9 du r\u00e9servoir est de <b>450 ml<\/b>, adapt\u00e9e \u00e0 un usage domestique fr\u00e9quent, et son moteur atteint jusqu\u2019\u00e0 <b>2500 tr\/min<\/b>, garantissant une aspiration puissante et constante pendant le nettoyage. Gr\u00e2ce \u00e0 son design sans fil, l\u2019aspirateur offre une grande libert\u00e9 de mouvement et de confort, sans contraintes de c\u00e2ble, facilitant l\u2019acc\u00e8s aux coins difficiles. De plus, il est \u00e9quip\u00e9 d\u2019une prise conforme \u00e0 la norme EU, assurant compatibilit\u00e9 et s\u00e9curit\u00e9 \u00e9lectrique. Ce mod\u00e8le Philips est une solution pratique pour ceux qui recherchent un aspirateur l\u00e9ger et maniable, capable de traiter salet\u00e9 s\u00e8che et humide, id\u00e9al pour un entretien rapide et efficace du domicile.<\/p>\n<ul>\n<li>Produit \u00e0 brancher: Oui<\/li>\n<li>Type: Aspirateur balai<\/li>\n<li>Type de prise: Prise EU<\/li>\n<li>Bloc d\u2019Alimentation:\n<ul>\n<li>r\u00e9seau \u00e9lectrique<\/li>\n<li>Batterie<\/li>\n<\/ul>\n<\/li>\n<li>Couleur:\n<ul>\n<li>Orange<\/li>\n<li>Corail<\/li>\n<\/ul>\n<\/li>\n<li>\u00c9lev\u00e9: 110 cm<\/li>\n<li>Tension: 21,6 V<\/li>\n<li>Batterie: Lithium-ion<\/li>\n<li>Dimensions approx.:\n<ul>\n<li>25 cm<\/li>\n<li>23 cm<\/li>\n<\/ul>\n<\/li>\n<li>Largeur: 35 cm<\/li>\n<li>Forme: Rectangulaire<\/li>\n<li>Caract\u00e9ristiques: Humide et sec<\/li>\n<li>Technologie: Cyclonic<\/li>\n<li>Type de batterie: Litio Ion<\/li>\n<li>Autonomie approx.: 25 minutes<\/li>\n<\/ul>","protected":false},"excerpt":{"rendered":"<p>Si vous \u00eates \u00e0 la recherche de nouvelles tendances sur le march\u00e9, nous vous pr\u00e9sentons Aspirateur balai Philips ! Le aspirateur balai sans fil Philips XW6264\/11 allie fonctionnalit\u00e9 et mobilit\u00e9 pour faciliter le nettoyage \u00e0 domicile. \u00c9quip\u00e9 d\u2019une alimentation par batterie, ce mod\u00e8le offre une autonomie d\u2019environ 25 minutes, suffisante pour des t\u00e2ches rapides sans [&hellip;]<\/p>\n","protected":false},"featured_media":33095,"comment_status":"open","ping_status":"closed","template":"","meta":[],"product_brand":[315],"product_cat":[762,239,240],"product_tag":[59,56,210],"class_list":{"0":"post-33107","1":"product","2":"type-product","3":"status-publish","4":"has-post-thumbnail","6":"product_brand-brandp_571","7":"product_cat-aspirateurs-et-robots","8":"product_cat-maison-jardin","9":"product_cat-nettoyage-aspirateur-et-repassage","10":"product_tag-tag_1304","11":"product_tag-tag_930","12":"product_tag-tag_25","14":"first","15":"instock","16":"taxable","17":"shipping-taxable","18":"purchasable","19":"product-type-simple"},"_links":{"self":[{"href":"https:\/\/bigbuy.tupique.com\/pt\/wp-json\/wp\/v2\/product\/33107","targetHints":{"allow":["GET"]}}],"collection":[{"href":"https:\/\/bigbuy.tupique.com\/pt\/wp-json\/wp\/v2\/product"}],"about":[{"href":"https:\/\/bigbuy.tupique.com\/pt\/wp-json\/wp\/v2\/types\/product"}],"replies":[{"embeddable":true,"href":"https:\/\/bigbuy.tupique.com\/pt\/wp-json\/wp\/v2\/comments?post=33107"}],"wp:featuredmedia":[{"embeddable":true,"href":"https:\/\/bigbuy.tupique.com\/pt\/wp-json\/wp\/v2\/media\/33095"}],"wp:attachment":[{"href":"https:\/\/bigbuy.tupique.com\/pt\/wp-json\/wp\/v2\/media?parent=33107"}],"wp:term":[{"taxonomy":"product_brand","embeddable":true,"href":"https:\/\/bigbuy.tupique.com\/pt\/wp-json\/wp\/v2\/product_brand?post=33107"},{"taxonomy":"product_cat","embeddable":true,"href":"https:\/\/bigbuy.tupique.com\/pt\/wp-json\/wp\/v2\/product_cat?post=33107"},{"taxonomy":"product_tag","embeddable":true,"href":"https:\/\/bigbuy.tupique.com\/pt\/wp-json\/wp\/v2\/product_tag?post=33107"}],"curies":[{"name":"wp","href":"https:\/\/api.w.org\/{rel}","templated":true}]}}