{"id":32954,"date":"2026-03-30T04:37:45","date_gmt":"2026-03-30T03:37:45","guid":{"rendered":"https:\/\/bigbuy.tupique.com\/produto\/surveillance-camcorder-abus-2\/"},"modified":"2026-05-11T20:01:52","modified_gmt":"2026-05-11T18:01:52","slug":"surveillance-camcorder-abus-2","status":"publish","type":"product","link":"https:\/\/bigbuy.tupique.com\/pt\/produto\/surveillance-camcorder-abus-2\/","title":{"rendered":"Camescope de surveillance ABUS"},"content":{"rendered":"<p>Si vous aimez prendre soin de chaque d\u00e9tail de votre maison et d&#8217;\u00eatre \u00e0 la derni\u00e8re mode en mati\u00e8re de produits qui vous rendront la vie plus facile, achetez <b>Camescope de surveillance ABUS<\/b> au meilleur prix.<\/p>\n<p>La <b>cam\u00e9ra de surveillance<\/b> IP Wi-Fi sans fil <b>ABUS SmartLook PPIC52520<\/b> est une solution avanc\u00e9e pour la s\u00e9curit\u00e9 r\u00e9sidentielle et des petits commerces, alliant fonctionnalit\u00e9 et facilit\u00e9 d\u2019installation. Son design en <b>blanc<\/b> avec un bo\u00eetier en <b>plastique r\u00e9sistant<\/b> permet une int\u00e9gration discr\u00e8te dans divers environnements int\u00e9rieurs. Gr\u00e2ce \u00e0 sa connectivit\u00e9 <b>Wi-Fi<\/b> enti\u00e8rement <b>sans fil<\/b>, elle supprime le besoin de c\u00e2bles complexes, facilitant son placement dans des zones strat\u00e9giques pour la surveillance. Sa r\u00e9solution vid\u00e9o de <b>1920 x 1080 pixels<\/b> garantit des images nettes et d\u00e9taill\u00e9es, essentielles pour identifier clairement personnes ou \u00e9v\u00e9nements en temps r\u00e9el ou lors de la relecture. Cette cam\u00e9ra IP ABUS int\u00e8gre une technologie assurant une transmission stable et s\u00e9curis\u00e9e des vid\u00e9os via les r\u00e9seaux sans fil, optimisant la surveillance \u00e0 distance via appareils mobiles ou applications compatibles. Son type de connexion et son format ciblent les utilisateurs recherchant une surveillance efficace sans la complexit\u00e9 des syst\u00e8mes filaires traditionnels. L\u2019alliance d\u2019un design pratique, d\u2019une haute d\u00e9finition et d\u2019une connectivit\u00e9 sans fil fait de cette cam\u00e9ra une option fiable pour ceux qui valorisent une s\u00e9curit\u00e9 moderne et accessible en int\u00e9rieur. En r\u00e9sum\u00e9, le mod\u00e8le <b>SmartLook PPIC52520<\/b> d\u2019ABUS repr\u00e9sente une cam\u00e9ra IP offrant un bon \u00e9quilibre entre qualit\u00e9 d\u2019image, simplicit\u00e9 d\u2019utilisation et polyvalence d\u2019installation.<\/p>\n<ul>\n<li>Caract\u00e9ristiques: Sans fil<\/li>\n<li>Type: Cam\u00e9scope<\/li>\n<li>Couleur: Blanc<\/li>\n<li>Mati\u00e8re: Plastique<\/li>\n<li>Connectivit\u00e9:\n<ul>\n<li>Wi-Fi<\/li>\n<li>Sans fil<\/li>\n<\/ul>\n<\/li>\n<\/ul>","protected":false},"excerpt":{"rendered":"<p>Si vous aimez prendre soin de chaque d\u00e9tail de votre maison et d&#8217;\u00eatre \u00e0 la derni\u00e8re mode en mati\u00e8re de produits qui vous rendront la vie plus facile, achetez Camescope de surveillance ABUS au meilleur prix. La cam\u00e9ra de surveillance IP Wi-Fi sans fil ABUS SmartLook PPIC52520 est une solution avanc\u00e9e pour la s\u00e9curit\u00e9 r\u00e9sidentielle [&hellip;]<\/p>\n","protected":false},"featured_media":32942,"comment_status":"open","ping_status":"closed","template":"","meta":[],"product_brand":[1169],"product_cat":[580,239,579],"product_tag":[567,59,210],"class_list":{"0":"post-32954","1":"product","2":"type-product","3":"status-publish","4":"has-post-thumbnail","6":"product_brand-brandp_6311","7":"product_cat-cameras-de-surveillance-video","8":"product_cat-maison-jardin","9":"product_cat-securite-a-la-maison","10":"product_tag-tag_556","11":"product_tag-tag_1304","12":"product_tag-tag_25","14":"first","15":"instock","16":"taxable","17":"shipping-taxable","18":"purchasable","19":"product-type-simple"},"_links":{"self":[{"href":"https:\/\/bigbuy.tupique.com\/pt\/wp-json\/wp\/v2\/product\/32954","targetHints":{"allow":["GET"]}}],"collection":[{"href":"https:\/\/bigbuy.tupique.com\/pt\/wp-json\/wp\/v2\/product"}],"about":[{"href":"https:\/\/bigbuy.tupique.com\/pt\/wp-json\/wp\/v2\/types\/product"}],"replies":[{"embeddable":true,"href":"https:\/\/bigbuy.tupique.com\/pt\/wp-json\/wp\/v2\/comments?post=32954"}],"wp:featuredmedia":[{"embeddable":true,"href":"https:\/\/bigbuy.tupique.com\/pt\/wp-json\/wp\/v2\/media\/32942"}],"wp:attachment":[{"href":"https:\/\/bigbuy.tupique.com\/pt\/wp-json\/wp\/v2\/media?parent=32954"}],"wp:term":[{"taxonomy":"product_brand","embeddable":true,"href":"https:\/\/bigbuy.tupique.com\/pt\/wp-json\/wp\/v2\/product_brand?post=32954"},{"taxonomy":"product_cat","embeddable":true,"href":"https:\/\/bigbuy.tupique.com\/pt\/wp-json\/wp\/v2\/product_cat?post=32954"},{"taxonomy":"product_tag","embeddable":true,"href":"https:\/\/bigbuy.tupique.com\/pt\/wp-json\/wp\/v2\/product_tag?post=32954"}],"curies":[{"name":"wp","href":"https:\/\/api.w.org\/{rel}","templated":true}]}}