{"id":32904,"date":"2026-03-30T04:36:26","date_gmt":"2026-03-30T03:36:26","guid":{"rendered":"https:\/\/bigbuy.tupique.com\/produto\/robot-vacuum-cleaner-philips-4800-mah\/"},"modified":"2026-04-16T20:20:22","modified_gmt":"2026-04-16T19:20:22","slug":"robot-vacuum-cleaner-philips-4800-mah","status":"publish","type":"product","link":"https:\/\/bigbuy.tupique.com\/pt\/produto\/robot-vacuum-cleaner-philips-4800-mah\/","title":{"rendered":"Aspirateur robot Philips 4800 mAh"},"content":{"rendered":"<p>Si vous aimez prendre soin de chaque d\u00e9tail de votre maison et d&#8217;\u00eatre \u00e0 la derni\u00e8re mode en mati\u00e8re de produits qui vous rendront la vie plus facile, achetez <b>Aspirateur robot Philips 4800 mAh<\/b> au meilleur prix.<\/p>\n<p>Le <b>Robot Aspirateur Philips XU5100\/20<\/b> est un appareil con\u00e7u pour offrir un nettoyage efficace et pratique \u00e0 la maison gr\u00e2ce \u00e0 sa technologie avanc\u00e9e et ses fonctionnalit\u00e9s. Avec une puissance d\u2019aspiration de <b>10 000 Pa<\/b>, il assure un nettoyage en profondeur sur diff\u00e9rents types de surfaces, \u00e9liminant facilement poussi\u00e8re et salet\u00e9. Son syst\u00e8me de <b>navigation laser<\/b> permet une exploration pr\u00e9cise de l\u2019environnement, optimisant les trajets de nettoyage et \u00e9vitant les obstacles gr\u00e2ce \u00e0 des capteurs intelligents, ce qui lui permet de s\u2019adapter \u00e0 des espaces complexes sans perdre en efficacit\u00e9. \u00c9quip\u00e9 d\u2019un <b>filtre haute efficacit\u00e9<\/b>, il contribue \u00e0 am\u00e9liorer la qualit\u00e9 de l\u2019air en capturant les particules fines lors de l\u2019aspiration. Ce robot dispose d\u2019une <b>connectivit\u00e9 Wi-Fi<\/b> permettant son contr\u00f4le \u00e0 distance via des applications compatibles avec <b>iOS et Android<\/b>, offrant la possibilit\u00e9 de programmer les cycles de nettoyage o\u00f9 que vous soyez et \u00e0 tout moment. La batterie rechargeable offre une autonomie notable apr\u00e8s un <b>temps de charge d\u2019environ 6 heures<\/b>, garantissant un fonctionnement continu adapt\u00e9 aux logements de taille moyenne \u00e0 grande, tandis que son niveau sonore de <b>66 dB<\/b> est relativement bas pour ce type d\u2019appareil, permettant une utilisation sans g\u00eane. Son design beige est fabriqu\u00e9 avec des mat\u00e9riaux r\u00e9sistants tels que l\u2019<b>acrylonitrile-butadi\u00e8ne-styr\u00e8ne (ABS)<\/b>, assurant durabilit\u00e9 et finition propre et \u00e9l\u00e9gante. De plus, il int\u00e8gre la fonction de <b>vidage automatique<\/b>, r\u00e9duisant la n\u00e9cessit\u00e9 d\u2019un entretien fr\u00e9quent par l\u2019utilisateur. En r\u00e9sum\u00e9, le Philips XU5100\/20 allie puissance, intelligence et confort pour faciliter le nettoyage quotidien, repr\u00e9sentant une solution moderne pour ceux qui souhaitent optimiser leur temps et garder leurs espaces toujours impeccables.<\/p>\n<ul>\n<li>Produit \u00e0 brancher: Oui<\/li>\n<li>Type de prise: Prise EU<\/li>\n<li>Bloc d\u2019Alimentation:\n<ul>\n<li>r\u00e9seau \u00e9lectrique<\/li>\n<li>Batterie<\/li>\n<\/ul>\n<\/li>\n<li>Couleur: Beige<\/li>\n<li>Connectivit\u00e9: Wi-Fi<\/li>\n<li>Longueur du c\u00e2ble: 150 cm<\/li>\n<li>Volume sonore: 66 dB<\/li>\n<li>Filtre:\n<ul>\n<li>EPA 10<\/li>\n<li>EPA<\/li>\n<\/ul>\n<\/li>\n<li>Indice de r\u00e9parabilit\u00e9: 7.4<\/li>\n<li>Capacit\u00e9: 3 L<\/li>\n<li>Caract\u00e9ristiques:\n<ul>\n<li>Filtre<\/li>\n<li>D\u00e9tecte les obstacles<\/li>\n<\/ul>\n<\/li>\n<li>Type de batterie:\n<ul>\n<li>Rechargeable<\/li>\n<li>Litio Ion<\/li>\n<\/ul>\n<\/li>\n<li>Mati\u00e8re: Acrylonitrile-Butadi\u00e8ne-Styr\u00e8ne (ABS)<\/li>\n<li>Compatible: iOS, Android<\/li>\n<li>Temps de charge approx.: 6 heures<\/li>\n<li>Niveau sonore: 66 dB<\/li>\n<li>Long: 42 cm<\/li>\n<li>Inclut:\n<ul>\n<li>Manuel de l&#8217;utilisateur<\/li>\n<li>Sac \u00e0 poussi\u00e8re<\/li>\n<\/ul>\n<\/li>\n<li>Capacit\u00e9 de la batterie: 4800 mAh<\/li>\n<\/ul>","protected":false},"excerpt":{"rendered":"<p><span class=\"unit-info\">204.3300 &euro; \/ 1 l<\/span><\/p>","protected":false},"featured_media":32886,"comment_status":"open","ping_status":"closed","template":"","meta":[],"product_brand":[315],"product_cat":[762,239,240],"product_tag":[59,56],"class_list":{"0":"post-32904","1":"product","2":"type-product","3":"status-publish","4":"has-post-thumbnail","6":"product_brand-brandp_571","7":"product_cat-aspirateurs-et-robots","8":"product_cat-maison-jardin","9":"product_cat-nettoyage-aspirateur-et-repassage","10":"product_tag-tag_1304","11":"product_tag-tag_930","13":"first","14":"instock","15":"taxable","16":"shipping-taxable","17":"purchasable","18":"product-type-simple"},"_links":{"self":[{"href":"https:\/\/bigbuy.tupique.com\/pt\/wp-json\/wp\/v2\/product\/32904","targetHints":{"allow":["GET"]}}],"collection":[{"href":"https:\/\/bigbuy.tupique.com\/pt\/wp-json\/wp\/v2\/product"}],"about":[{"href":"https:\/\/bigbuy.tupique.com\/pt\/wp-json\/wp\/v2\/types\/product"}],"replies":[{"embeddable":true,"href":"https:\/\/bigbuy.tupique.com\/pt\/wp-json\/wp\/v2\/comments?post=32904"}],"wp:featuredmedia":[{"embeddable":true,"href":"https:\/\/bigbuy.tupique.com\/pt\/wp-json\/wp\/v2\/media\/32886"}],"wp:attachment":[{"href":"https:\/\/bigbuy.tupique.com\/pt\/wp-json\/wp\/v2\/media?parent=32904"}],"wp:term":[{"taxonomy":"product_brand","embeddable":true,"href":"https:\/\/bigbuy.tupique.com\/pt\/wp-json\/wp\/v2\/product_brand?post=32904"},{"taxonomy":"product_cat","embeddable":true,"href":"https:\/\/bigbuy.tupique.com\/pt\/wp-json\/wp\/v2\/product_cat?post=32904"},{"taxonomy":"product_tag","embeddable":true,"href":"https:\/\/bigbuy.tupique.com\/pt\/wp-json\/wp\/v2\/product_tag?post=32904"}],"curies":[{"name":"wp","href":"https:\/\/api.w.org\/{rel}","templated":true}]}}