{"id":32778,"date":"2026-03-30T04:29:32","date_gmt":"2026-03-30T03:29:32","guid":{"rendered":"https:\/\/bigbuy.tupique.com\/produto\/motherboard-asus-amd-am5-amd-2\/"},"modified":"2026-04-16T16:02:15","modified_gmt":"2026-04-16T15:02:15","slug":"motherboard-asus-amd-am5-amd-2","status":"publish","type":"product","link":"https:\/\/bigbuy.tupique.com\/pt\/produto\/motherboard-asus-amd-am5-amd-2\/","title":{"rendered":"Carte M\u00e8re Asus AMD AM5 AMD"},"content":{"rendered":"<p>Si vous \u00eates passionn\u00e9 d&#8217;<b>informatique et d&#8217;\u00e9lectronique<\/b>, si vous \u00eates \u00e0 la pointe de la technologie et qu&#8217;aucun d\u00e9tail ne vous \u00e9chappe, achetez <b>Carte M\u00e8re Asus AMD AM5 AMD<\/b> au meilleur prix.<\/p>\n<ul>\n<li>Type:\n<ul>\n<li>Carte M\u00e8re<\/li>\n<li>Mini ITX<\/li>\n<li>ATX<\/li>\n<li>UEFI<\/li>\n<\/ul>\n<\/li>\n<li>Chipset:\n<ul>\n<li>AMD AM5<\/li>\n<li>AMD X870<\/li>\n<li>AMD<\/li>\n<\/ul>\n<\/li>\n<li>Nombre d&#8217;emplacements m\u00e9moire: 2<\/li>\n<li>Largeur:\n<ul>\n<li>170 mm<\/li>\n<li>17 cm<\/li>\n<\/ul>\n<\/li>\n<li>Facteur de forme: Mini-ITX<\/li>\n<li>Bluetooth: Oui<\/li>\n<li>Connexions:\n<ul>\n<li>24 PIN x 1<\/li>\n<li>HDMI<\/li>\n<li>USB 2.0 x 2<\/li>\n<li>PCI Express (x16) x 1<\/li>\n<li>USB-C 3.2<\/li>\n<li>8-pin<\/li>\n<li>SATA x 2<\/li>\n<li>USB 4.0 x 2<\/li>\n<li>USB<\/li>\n<li>USB-C<\/li>\n<li>USB 2.0 x 3<\/li>\n<li>HDMI x 1<\/li>\n<li>2 x USB 2.0<\/li>\n<li>Ethernet LAN<\/li>\n<li>M.2 x 2<\/li>\n<li>DIMM x 2<\/li>\n<li>USB-C 3.2 x 1<\/li>\n<li>DIMM<\/li>\n<li>USB-A &#8211; USB-C<\/li>\n<li>USB 3.2 x 1<\/li>\n<li>RJ45 x 1<\/li>\n<\/ul>\n<\/li>\n<li>Cha\u00eenes: 2 Cha\u00eenes<\/li>\n<li>Connectivit\u00e9:\n<ul>\n<li>2,5 Gigabit Ethernet<\/li>\n<li>Bluetooth<\/li>\n<li>Wi-Fi<\/li>\n<\/ul>\n<\/li>\n<li>Type de m\u00e9moire:\n<ul>\n<li>DDR5 SDRAM<\/li>\n<li>DDR5<\/li>\n<\/ul>\n<\/li>\n<li>Compatible:\n<ul>\n<li>Windows 11<\/li>\n<li>Raid 10<\/li>\n<li>AMD Ryzen 7<\/li>\n<li>AMD Ryzen 9<\/li>\n<li>raid 0<\/li>\n<li>raid 1<\/li>\n<li>HDD\/SSD<\/li>\n<li>PC<\/li>\n<\/ul>\n<\/li>\n<li>Long: 17 cm<\/li>\n<li>Couleur: Noir<\/li>\n<li>M\u00e9moire: 256 MB<\/li>\n<li>Socket: AMD AM5<\/li>\n<li>Famille de processeurs: AMD<\/li>\n<\/ul>","protected":false},"excerpt":{"rendered":"<p>Si vous \u00eates passionn\u00e9 d&#8217;informatique et d&#8217;\u00e9lectronique, si vous \u00eates \u00e0 la pointe de la technologie et qu&#8217;aucun d\u00e9tail ne vous \u00e9chappe, achetez Carte M\u00e8re Asus AMD AM5 AMD au meilleur prix. Type: Carte M\u00e8re Mini ITX ATX UEFI Chipset: AMD AM5 AMD X870 AMD Nombre d&#8217;emplacements m\u00e9moire: 2 Largeur: 170 mm 17 cm Facteur [&hellip;]<\/p>\n","protected":false},"featured_media":32707,"comment_status":"open","ping_status":"closed","template":"","meta":[],"product_brand":[798],"product_cat":[736,65,584],"product_tag":[59,106],"class_list":{"0":"post-32778","1":"product","2":"type-product","3":"status-publish","4":"has-post-thumbnail","6":"product_brand-brandp_536","7":"product_cat-cartes-meres","8":"product_cat-informatique-electronique","9":"product_cat-informatique-reseaux-et-composants","10":"product_tag-tag_1304","11":"product_tag-tag_1295","13":"first","14":"instock","15":"taxable","16":"shipping-taxable","17":"purchasable","18":"product-type-simple"},"_links":{"self":[{"href":"https:\/\/bigbuy.tupique.com\/pt\/wp-json\/wp\/v2\/product\/32778","targetHints":{"allow":["GET"]}}],"collection":[{"href":"https:\/\/bigbuy.tupique.com\/pt\/wp-json\/wp\/v2\/product"}],"about":[{"href":"https:\/\/bigbuy.tupique.com\/pt\/wp-json\/wp\/v2\/types\/product"}],"replies":[{"embeddable":true,"href":"https:\/\/bigbuy.tupique.com\/pt\/wp-json\/wp\/v2\/comments?post=32778"}],"wp:featuredmedia":[{"embeddable":true,"href":"https:\/\/bigbuy.tupique.com\/pt\/wp-json\/wp\/v2\/media\/32707"}],"wp:attachment":[{"href":"https:\/\/bigbuy.tupique.com\/pt\/wp-json\/wp\/v2\/media?parent=32778"}],"wp:term":[{"taxonomy":"product_brand","embeddable":true,"href":"https:\/\/bigbuy.tupique.com\/pt\/wp-json\/wp\/v2\/product_brand?post=32778"},{"taxonomy":"product_cat","embeddable":true,"href":"https:\/\/bigbuy.tupique.com\/pt\/wp-json\/wp\/v2\/product_cat?post=32778"},{"taxonomy":"product_tag","embeddable":true,"href":"https:\/\/bigbuy.tupique.com\/pt\/wp-json\/wp\/v2\/product_tag?post=32778"}],"curies":[{"name":"wp","href":"https:\/\/api.w.org\/{rel}","templated":true}]}}