{"id":32546,"date":"2026-03-30T04:15:12","date_gmt":"2026-03-30T03:15:12","guid":{"rendered":"https:\/\/bigbuy.tupique.com\/produto\/switch-trendnet-teg-3182ws\/"},"modified":"2026-04-16T10:11:18","modified_gmt":"2026-04-16T09:11:18","slug":"switch-trendnet-teg-3182ws","status":"publish","type":"product","link":"https:\/\/bigbuy.tupique.com\/pt\/produto\/switch-trendnet-teg-3182ws\/","title":{"rendered":"Switch Trendnet TEG-3182WS"},"content":{"rendered":"<p>Si vous \u00eates \u00e0 la recherche de nouvelles tendances sur le march\u00e9, nous vous pr\u00e9sentons <b>Switch Trendnet TEG-3182WS<\/b> !<\/p>\n<p>Le <b>Trendnet TEG-3182WS<\/b> est un <b>switch manageable<\/b> professionnel con\u00e7u pour des environnements r\u00e9seau exigeant haute capacit\u00e9 et flexibilit\u00e9. Il dispose de <b>18 ports<\/b>, dont <b>16 ports RJ-45 Ethernet standards<\/b> supportant des vitesses jusqu\u2019\u00e0 <b>2,5 Gbps<\/b> (100\/1000\/2500 Mbps), id\u00e9aux pour des connexions rapides et un transfert efficace des donn\u00e9es. Il comprend \u00e9galement <b>2 ports multigigabit<\/b> qui augmentent la polyvalence de l\u2019appareil. Son architecture de commutation de <b>120 Gbit\/s<\/b> et une <b>table d\u2019adresses MAC pouvant contenir 16000 entr\u00e9es<\/b> assurent des performances optimales et une gestion fluide du trafic r\u00e9seau. Ce switch respecte les normes IEEE 802.1D, 802.1Q, 802.1ab, ainsi que des protocoles avanc\u00e9s de qualit\u00e9 de service et de s\u00e9curit\u00e9 tels que IEEE 802.1p, 802.1s, 802.1w et 802.1x, garantissant compatibilit\u00e9 avec des configurations professionnelles exigeantes et support VLAN, Spanning Tree et authentification r\u00e9seau. Son format physique <b>1U pour montage en rack<\/b> facilite son int\u00e9gration dans les centres de donn\u00e9es ou salles serveurs, tandis que sa couleur <b>noire<\/b> et ses dimensions d\u2019environ <b>44 cm<\/b> lui conf\u00e8rent une apparence professionnelle et compacte. Son alimentation est compatible avec des tensions de <b>100 \u00e0 240 V<\/b>, \u00e9quip\u00e9e d\u2019une prise EU, offrant une grande flexibilit\u00e9 internationale. Ce mod\u00e8le constitue une solution robuste pour la gestion intelligente des r\u00e9seaux d\u2019entreprise n\u00e9cessitant une connectivit\u00e9 rapide, fiable et \u00e9volutive. En r\u00e9sum\u00e9, le Trendnet TEG-3182WS est une option solide pour ceux qui recherchent un <b>switch<\/b> performant avec capacit\u00e9 multigigabit et fonctions avanc\u00e9es de gestion r\u00e9seau.<\/p>\n<ul>\n<li>Produit \u00e0 brancher: Oui<\/li>\n<li>Type: Switch<\/li>\n<li>Type de prise: Prise EU<\/li>\n<li>Bloc d\u2019Alimentation: r\u00e9seau \u00e9lectrique<\/li>\n<li>Couleur: Noir<\/li>\n<li>Connexions: RJ45<\/li>\n<li>Tension: 100-240 V<\/li>\n<li>Fr\u00e9quence: 50-60 Hz<\/li>\n<\/ul>","protected":false},"excerpt":{"rendered":"<p>Si vous \u00eates \u00e0 la recherche de nouvelles tendances sur le march\u00e9, nous vous pr\u00e9sentons Switch Trendnet TEG-3182WS ! Le Trendnet TEG-3182WS est un switch manageable professionnel con\u00e7u pour des environnements r\u00e9seau exigeant haute capacit\u00e9 et flexibilit\u00e9. Il dispose de 18 ports, dont 16 ports RJ-45 Ethernet standards supportant des vitesses jusqu\u2019\u00e0 2,5 Gbps (100\/1000\/2500 [&hellip;]<\/p>\n","protected":false},"featured_media":32543,"comment_status":"open","ping_status":"closed","template":"","meta":[],"product_brand":[635],"product_cat":[65,584,585],"product_tag":[106],"class_list":{"0":"post-32546","1":"product","2":"type-product","3":"status-publish","4":"has-post-thumbnail","6":"product_brand-brandp_4777","7":"product_cat-informatique-electronique","8":"product_cat-informatique-reseaux-et-composants","9":"product_cat-switch","10":"product_tag-tag_1295","12":"first","13":"instock","14":"taxable","15":"shipping-taxable","16":"purchasable","17":"product-type-simple"},"_links":{"self":[{"href":"https:\/\/bigbuy.tupique.com\/pt\/wp-json\/wp\/v2\/product\/32546","targetHints":{"allow":["GET"]}}],"collection":[{"href":"https:\/\/bigbuy.tupique.com\/pt\/wp-json\/wp\/v2\/product"}],"about":[{"href":"https:\/\/bigbuy.tupique.com\/pt\/wp-json\/wp\/v2\/types\/product"}],"replies":[{"embeddable":true,"href":"https:\/\/bigbuy.tupique.com\/pt\/wp-json\/wp\/v2\/comments?post=32546"}],"wp:featuredmedia":[{"embeddable":true,"href":"https:\/\/bigbuy.tupique.com\/pt\/wp-json\/wp\/v2\/media\/32543"}],"wp:attachment":[{"href":"https:\/\/bigbuy.tupique.com\/pt\/wp-json\/wp\/v2\/media?parent=32546"}],"wp:term":[{"taxonomy":"product_brand","embeddable":true,"href":"https:\/\/bigbuy.tupique.com\/pt\/wp-json\/wp\/v2\/product_brand?post=32546"},{"taxonomy":"product_cat","embeddable":true,"href":"https:\/\/bigbuy.tupique.com\/pt\/wp-json\/wp\/v2\/product_cat?post=32546"},{"taxonomy":"product_tag","embeddable":true,"href":"https:\/\/bigbuy.tupique.com\/pt\/wp-json\/wp\/v2\/product_tag?post=32546"}],"curies":[{"name":"wp","href":"https:\/\/api.w.org\/{rel}","templated":true}]}}