{"id":32296,"date":"2026-03-30T04:08:05","date_gmt":"2026-03-30T03:08:05","guid":{"rendered":"https:\/\/bigbuy.tupique.com\/produto\/mens-necklace-albert-m-wsox00608-s\/"},"modified":"2026-04-15T05:08:43","modified_gmt":"2026-04-15T04:08:43","slug":"mens-necklace-albert-m-wsox00608-s","status":"publish","type":"product","link":"https:\/\/bigbuy.tupique.com\/pt\/produto\/mens-necklace-albert-m-wsox00608-s\/","title":{"rendered":"Collier Homme Albert M. WSOX00608.S"},"content":{"rendered":"<p>Nous vons pr\u00e9sentons <b>Collier Homme Albert M. WSOX00608.S<\/b> et une vaste gamme de bagues, bracelets, boucles d&#8217;oreilles et pendentifs etc. \u00e0 bon prix. D\u00e9couvrez d&#8217;exclusifs et \u00e9l\u00e9gants articles de bijouterie et de bijouterie fantaisie pour tous les go\u00fbts.<\/p>\n<p>Le <b>WSOX00608.S<\/b> de la marque <b>Albert M.<\/b> est un <b>collier pour homme<\/b> con\u00e7u pour compl\u00e9ter le style masculin avec une touche de distinction et de simplicit\u00e9. Ce collier se distingue par son orientation exclusive vers la mode masculine, offrant une pi\u00e8ce polyvalente adapt\u00e9e \u00e0 diverses occasions, du quotidien d\u00e9contract\u00e9 aux \u00e9v\u00e9nements plus formels. Bien que les informations disponibles indiquent qu\u2019il s\u2019agit d\u2019un <b>collier homme<\/b>, son design et sa finition r\u00e9pondent clairement \u00e0 la demande actuelle d\u2019accessoires qui valorisent la personnalit\u00e9 sans sacrifier \u00e9l\u00e9gance ni confort. La marque Albert M. est reconnue pour proposer des produits \u00e9quilibrant qualit\u00e9 et style, faisant de cette pi\u00e8ce une option compatible avec diff\u00e9rents types de tenues et go\u00fbts masculins. Sa structure est pens\u00e9e pour s\u2019adapter parfaitement au cou masculin, assurant un ajustement agr\u00e9able et durable. Ce collier repr\u00e9sente un choix fonctionnel dans le catalogue d\u2019accessoires pour homme, destin\u00e9 \u00e0 ceux qui souhaitent ajouter un d\u00e9tail subtil mais significatif \u00e0 leur apparence. En r\u00e9sum\u00e9, le collier WSOX00608.S d\u2019Albert M. se positionne comme une alternative fiable et esth\u00e9tique pour compl\u00e9ter la garde-robe masculine avec un accessoire alliant praticit\u00e9 et design sp\u00e9cifiquement masculin.<\/p>\n<ul>\n<li>Genre: Homme<\/li>\n<li>Type: Collier Homme<\/li>\n<\/ul>","protected":false},"excerpt":{"rendered":"<p>Nous vons pr\u00e9sentons Collier Homme Albert M. WSOX00608.S et une vaste gamme de bagues, bracelets, boucles d&#8217;oreilles et pendentifs etc. \u00e0 bon prix. D\u00e9couvrez d&#8217;exclusifs et \u00e9l\u00e9gants articles de bijouterie et de bijouterie fantaisie pour tous les go\u00fbts. Le WSOX00608.S de la marque Albert M. est un collier pour homme con\u00e7u pour compl\u00e9ter le style [&hellip;]<\/p>\n","protected":false},"featured_media":32295,"comment_status":"open","ping_status":"closed","template":"","meta":[],"product_brand":[837],"product_cat":[547,548,551,544],"product_tag":[103,723,543],"class_list":{"0":"post-32296","1":"product","2":"type-product","3":"status-publish","4":"has-post-thumbnail","6":"product_brand-brandp_7994","7":"product_cat-accessoires","8":"product_cat-bijoux","9":"product_cat-colliers","10":"product_cat-mode-accessoires","11":"product_tag-tag_1261","12":"product_tag-tag_1273","13":"product_tag-tag_61","15":"first","16":"instock","17":"taxable","18":"shipping-taxable","19":"purchasable","20":"product-type-simple"},"_links":{"self":[{"href":"https:\/\/bigbuy.tupique.com\/pt\/wp-json\/wp\/v2\/product\/32296","targetHints":{"allow":["GET"]}}],"collection":[{"href":"https:\/\/bigbuy.tupique.com\/pt\/wp-json\/wp\/v2\/product"}],"about":[{"href":"https:\/\/bigbuy.tupique.com\/pt\/wp-json\/wp\/v2\/types\/product"}],"replies":[{"embeddable":true,"href":"https:\/\/bigbuy.tupique.com\/pt\/wp-json\/wp\/v2\/comments?post=32296"}],"wp:featuredmedia":[{"embeddable":true,"href":"https:\/\/bigbuy.tupique.com\/pt\/wp-json\/wp\/v2\/media\/32295"}],"wp:attachment":[{"href":"https:\/\/bigbuy.tupique.com\/pt\/wp-json\/wp\/v2\/media?parent=32296"}],"wp:term":[{"taxonomy":"product_brand","embeddable":true,"href":"https:\/\/bigbuy.tupique.com\/pt\/wp-json\/wp\/v2\/product_brand?post=32296"},{"taxonomy":"product_cat","embeddable":true,"href":"https:\/\/bigbuy.tupique.com\/pt\/wp-json\/wp\/v2\/product_cat?post=32296"},{"taxonomy":"product_tag","embeddable":true,"href":"https:\/\/bigbuy.tupique.com\/pt\/wp-json\/wp\/v2\/product_tag?post=32296"}],"curies":[{"name":"wp","href":"https:\/\/api.w.org\/{rel}","templated":true}]}}