{"id":31938,"date":"2026-03-30T03:40:22","date_gmt":"2026-03-30T02:40:22","guid":{"rendered":"https:\/\/bigbuy.tupique.com\/produto\/robot-vacuum-cleaner-roborock-6400-mah\/"},"modified":"2026-04-16T20:51:34","modified_gmt":"2026-04-16T19:51:34","slug":"robot-vacuum-cleaner-roborock-6400-mah","status":"publish","type":"product","link":"https:\/\/bigbuy.tupique.com\/pt\/produto\/robot-vacuum-cleaner-roborock-6400-mah\/","title":{"rendered":"Aspirateur robot Roborock 6400 mAh"},"content":{"rendered":"<p>Si vous \u00eates \u00e0 la recherche de nouvelles tendances sur le march\u00e9, nous vous pr\u00e9sentons <b>Aspirateur robot Roborock 6400 mAh<\/b> !<\/p>\n<p>Le <b>ROBOROCK SAROS Z70<\/b> est un <b>robot aspirateur<\/b> avanc\u00e9 con\u00e7u pour offrir un nettoyage efficace et adaptatif \u00e0 la maison, avec un design ultrafin facilitant l\u2019acc\u00e8s aux zones difficiles. Cet appareil se distingue par sa <b>puissance de 65 W<\/b> et une capacit\u00e9 d\u2019aspiration de <b>22000 Pa<\/b>, garantissant une extraction profonde de la poussi\u00e8re et des salet\u00e9s sur diff\u00e9rents types de surfaces. Il int\u00e8gre \u00e9galement un innovant <b>bras articul\u00e9 OmniGrip<\/b> qui am\u00e9liore la maniabilit\u00e9 et la pr\u00e9cision pendant le nettoyage, optimisant le contact avec le sol pour une aspiration plus efficace. Son syst\u00e8me de d\u00e9tection d\u2019obstacles permet au robot de naviguer intelligemment dans l\u2019environnement, \u00e9vitant les chocs et se d\u00e9pla\u00e7ant en douceur pour pr\u00e9server meubles et appareil. Avec un niveau sonore contenu de <b>55 dB<\/b>, il convient m\u00eame aux environnements n\u00e9cessitant un faible impact acoustique. Le mod\u00e8le est propos\u00e9 en <b>couleur noire<\/b>, apportant un aspect moderne et \u00e9l\u00e9gant qui s\u2019int\u00e8gre facilement \u00e0 toute d\u00e9coration. L\u2019\u00e9quipement inclut le <b>manuel d\u2019utilisation<\/b> pour faciliter sa configuration et son entretien. En r\u00e9sum\u00e9, le ROBOROCK SAROS Z70 offre un \u00e9quilibre entre puissance, technologie avanc\u00e9e et design compact, se positionnant comme une option fiable pour le nettoyage automatis\u00e9 du domicile.<\/p>\n<ul>\n<li>Produit \u00e0 brancher: Oui<\/li>\n<li>Type de prise: Prise EU<\/li>\n<li>Bloc d\u2019Alimentation:\n<ul>\n<li>r\u00e9seau \u00e9lectrique<\/li>\n<li>Batterie<\/li>\n<\/ul>\n<\/li>\n<li>Couleur: Noir<\/li>\n<li>puissance: 65 W<\/li>\n<li>Niveau sonore:\n<ul>\n<li>65 dB<\/li>\n<li>55 dB<\/li>\n<\/ul>\n<\/li>\n<li>Volume sonore: 65 dB<\/li>\n<li>Aspiration: 22000 Pa<\/li>\n<li>Indice de r\u00e9parabilit\u00e9: 8.5<\/li>\n<li>Capacit\u00e9:\n<ul>\n<li>2,5 L<\/li>\n<li>3 L<\/li>\n<\/ul>\n<\/li>\n<li>Dimensions approx.:\n<ul>\n<li>55 cm<\/li>\n<li>56 cm<\/li>\n<\/ul>\n<\/li>\n<li>Largeur: 35 cm<\/li>\n<li>Type de batterie:\n<ul>\n<li>Rechargeable<\/li>\n<li>Litio Ion<\/li>\n<\/ul>\n<\/li>\n<li>Autonomie approx.: 3 heures<\/li>\n<li>Inclut:\n<ul>\n<li>C\u00e2ble Alimentation<\/li>\n<li>Manuel de l&#8217;utilisateur<\/li>\n<li>Sac \u00e0 poussi\u00e8re<\/li>\n<\/ul>\n<\/li>\n<li>Non Inclus: Adaptateur AC<\/li>\n<li>Caract\u00e9ristiques: D\u00e9tecte les obstacles<\/li>\n<li>Capacit\u00e9 de la batterie: 6400 mAh<\/li>\n<\/ul>","protected":false},"excerpt":{"rendered":"<p><span class=\"unit-info\">717.6633 &euro; \/ 1 l<\/span><\/p>","protected":false},"featured_media":31932,"comment_status":"open","ping_status":"closed","template":"","meta":[],"product_brand":[1246],"product_cat":[762,239,240],"product_tag":[59,56],"class_list":{"0":"post-31938","1":"product","2":"type-product","3":"status-publish","4":"has-post-thumbnail","6":"product_brand-brandp_6694","7":"product_cat-aspirateurs-et-robots","8":"product_cat-maison-jardin","9":"product_cat-nettoyage-aspirateur-et-repassage","10":"product_tag-tag_1304","11":"product_tag-tag_930","13":"first","14":"instock","15":"taxable","16":"shipping-taxable","17":"purchasable","18":"product-type-simple"},"_links":{"self":[{"href":"https:\/\/bigbuy.tupique.com\/pt\/wp-json\/wp\/v2\/product\/31938","targetHints":{"allow":["GET"]}}],"collection":[{"href":"https:\/\/bigbuy.tupique.com\/pt\/wp-json\/wp\/v2\/product"}],"about":[{"href":"https:\/\/bigbuy.tupique.com\/pt\/wp-json\/wp\/v2\/types\/product"}],"replies":[{"embeddable":true,"href":"https:\/\/bigbuy.tupique.com\/pt\/wp-json\/wp\/v2\/comments?post=31938"}],"wp:featuredmedia":[{"embeddable":true,"href":"https:\/\/bigbuy.tupique.com\/pt\/wp-json\/wp\/v2\/media\/31932"}],"wp:attachment":[{"href":"https:\/\/bigbuy.tupique.com\/pt\/wp-json\/wp\/v2\/media?parent=31938"}],"wp:term":[{"taxonomy":"product_brand","embeddable":true,"href":"https:\/\/bigbuy.tupique.com\/pt\/wp-json\/wp\/v2\/product_brand?post=31938"},{"taxonomy":"product_cat","embeddable":true,"href":"https:\/\/bigbuy.tupique.com\/pt\/wp-json\/wp\/v2\/product_cat?post=31938"},{"taxonomy":"product_tag","embeddable":true,"href":"https:\/\/bigbuy.tupique.com\/pt\/wp-json\/wp\/v2\/product_tag?post=31938"}],"curies":[{"name":"wp","href":"https:\/\/api.w.org\/{rel}","templated":true}]}}