{"id":31931,"date":"2026-03-30T03:40:08","date_gmt":"2026-03-30T02:40:08","guid":{"rendered":"https:\/\/bigbuy.tupique.com\/produto\/vacuum-cleaner-bosch-gas-35-l-afc-c-1200-w-blue\/"},"modified":"2026-04-16T16:02:08","modified_gmt":"2026-04-16T15:02:08","slug":"vacuum-cleaner-bosch-gas-35-l-afc-c-1200-w-blue","status":"publish","type":"product","link":"https:\/\/bigbuy.tupique.com\/pt\/produto\/vacuum-cleaner-bosch-gas-35-l-afc-c-1200-w-blue\/","title":{"rendered":"Aspirateur BOSCH GAS 35 L AFC (C) 1200 W Bleu"},"content":{"rendered":"<p>Si vous \u00eates \u00e0 la recherche de nouvelles tendances sur le march\u00e9, nous vous pr\u00e9sentons <b>Aspirateur BOSCH GAS 35 L AFC (C) 1200 W Bleu<\/b> !<\/p>\n<p>La <b>GAS 35 L AFC (C)<\/b> de <b>BOSCH<\/b> est un <b>aspirateur<\/b> professionnel con\u00e7u pour r\u00e9pondre efficacement aux exigences de nettoyage dans les environnements industriels et les ateliers. Ce mod\u00e8le associe une <b>puissance de 1200 W<\/b> garantissant une aspiration robuste et constante, m\u00eame face aux particules et d\u00e9bris de grande taille, ce qui le rend particuli\u00e8rement adapt\u00e9 aux travaux intensifs et prolong\u00e9s. Sa fabrication r\u00e9sistante en <b>plastique<\/b> aux couleurs <b>bleu et noir<\/b> assure une grande durabilit\u00e9 lors d\u2019un usage fr\u00e9quent et prot\u00e8ge le moteur contre les chocs l\u00e9gers. Il est \u00e9quip\u00e9 d\u2019un <b>suceur \u00e9troit<\/b> permettant d\u2019atteindre et de nettoyer les zones difficiles d\u2019acc\u00e8s, optimisant ainsi le nettoyage aussi bien sur de grandes surfaces que dans les coins et les joints. Il int\u00e8gre un <b>c\u00e2ble de 5 m\u00e8tres<\/b> offrant un rayon d\u2019action adapt\u00e9 aux espaces moyens, facilitant les d\u00e9placements sans avoir \u00e0 changer constamment de prise. Le design ergonomique, caract\u00e9ristique de la gamme professionnelle Bosch, facilite la manipulation et le transport, tandis que son syst\u00e8me de filtration efficace contribue \u00e0 maintenir un environnement de travail plus propre en limitant la dispersion des particules. Dans l\u2019ensemble, la BOSCH GAS 35 L AFC (C) s\u2019impose comme un choix fiable et puissant pour les professionnels recherchant un aspirateur performant, robuste et dot\u00e9 de caract\u00e9ristiques techniques adapt\u00e9es aux exigences industrielles.<\/p>\n<ul>\n<li>Couleur:\n<ul>\n<li>Noir<\/li>\n<li>Bleu<\/li>\n<\/ul>\n<\/li>\n<li>Bloc d\u2019Alimentation: Gaz<\/li>\n<li>puissance: 1200 W<\/li>\n<li>Longueur du c\u00e2ble: 5 m<\/li>\n<li>Caract\u00e9ristiques: Buse \u00e9troite<\/li>\n<li>Fr\u00e9quence: 50 &#8211; 60 Hz<\/li>\n<li>Inclut:\n<ul>\n<li>Anse de transport<\/li>\n<li>Manuel de l&#8217;utilisateur<\/li>\n<\/ul>\n<\/li>\n<li>Tension: 220-240 V<\/li>\n<\/ul>","protected":false},"excerpt":{"rendered":"<p><span class=\"unit-info\">21.6569 &euro; \/ 1 l<\/span><\/p>","protected":false},"featured_media":31927,"comment_status":"open","ping_status":"closed","template":"","meta":[],"product_brand":[162],"product_cat":[762,239,240],"product_tag":[59,210],"class_list":{"0":"post-31931","1":"product","2":"type-product","3":"status-publish","4":"has-post-thumbnail","6":"product_brand-brandp_959","7":"product_cat-aspirateurs-et-robots","8":"product_cat-maison-jardin","9":"product_cat-nettoyage-aspirateur-et-repassage","10":"product_tag-tag_1304","11":"product_tag-tag_25","13":"first","14":"instock","15":"taxable","16":"shipping-taxable","17":"purchasable","18":"product-type-simple"},"_links":{"self":[{"href":"https:\/\/bigbuy.tupique.com\/pt\/wp-json\/wp\/v2\/product\/31931","targetHints":{"allow":["GET"]}}],"collection":[{"href":"https:\/\/bigbuy.tupique.com\/pt\/wp-json\/wp\/v2\/product"}],"about":[{"href":"https:\/\/bigbuy.tupique.com\/pt\/wp-json\/wp\/v2\/types\/product"}],"replies":[{"embeddable":true,"href":"https:\/\/bigbuy.tupique.com\/pt\/wp-json\/wp\/v2\/comments?post=31931"}],"wp:featuredmedia":[{"embeddable":true,"href":"https:\/\/bigbuy.tupique.com\/pt\/wp-json\/wp\/v2\/media\/31927"}],"wp:attachment":[{"href":"https:\/\/bigbuy.tupique.com\/pt\/wp-json\/wp\/v2\/media?parent=31931"}],"wp:term":[{"taxonomy":"product_brand","embeddable":true,"href":"https:\/\/bigbuy.tupique.com\/pt\/wp-json\/wp\/v2\/product_brand?post=31931"},{"taxonomy":"product_cat","embeddable":true,"href":"https:\/\/bigbuy.tupique.com\/pt\/wp-json\/wp\/v2\/product_cat?post=31931"},{"taxonomy":"product_tag","embeddable":true,"href":"https:\/\/bigbuy.tupique.com\/pt\/wp-json\/wp\/v2\/product_tag?post=31931"}],"curies":[{"name":"wp","href":"https:\/\/api.w.org\/{rel}","templated":true}]}}