{"id":31924,"date":"2026-03-30T03:39:57","date_gmt":"2026-03-30T02:39:57","guid":{"rendered":"https:\/\/bigbuy.tupique.com\/produto\/router-bosch-gkf-12v-8\/"},"modified":"2026-04-16T16:27:44","modified_gmt":"2026-04-16T15:27:44","slug":"router-bosch-gkf-12v-8","status":"publish","type":"product","link":"https:\/\/bigbuy.tupique.com\/pt\/produto\/router-bosch-gkf-12v-8\/","title":{"rendered":"Fraiseuse BOSCH GKF 12V-8"},"content":{"rendered":"<p>Si vous aimez prendre soin de chaque d\u00e9tail de votre maison et d&#8217;\u00eatre \u00e0 la derni\u00e8re mode en mati\u00e8re de produits qui vous rendront la vie plus facile, achetez <b>Fraiseuse BOSCH GKF 12V-8<\/b> au meilleur prix.<\/p>\n<p>La <b>GKF 12V-8<\/b> de BOSCH est une <b>d\u00e9fonceuse<\/b> compacte sp\u00e9cialement con\u00e7ue pour offrir une grande pr\u00e9cision et une excellente maniabilit\u00e9 lors de travaux professionnels de menuiserie et de bricolage. Fonctionnant avec un syst\u00e8me de <b>batterie 12 V<\/b>, cet outil sans fil offre une libert\u00e9 de mouvement et une facilit\u00e9 d\u2019utilisation dans tout environnement de travail, supprimant le besoin de prises \u00e9lectriques \u00e0 proximit\u00e9. Elle int\u00e8gre une technologie de batterie avanc\u00e9e pour garantir une autonomie prolong\u00e9e et permettre un travail continu, et comprend <b>deux batteries de 3,0 Ah<\/b> afin de maintenir la productivit\u00e9 pendant que l\u2019une se recharge. Son design ergonomique, avec des surfaces en <b>PVC<\/b> et un format compact, assure une maniabilit\u00e9 sup\u00e9rieure, permettant un contr\u00f4le optimal pour le fraisage des chants, les chanfreins et les travaux de finition sur diff\u00e9rents types de bois et mat\u00e9riaux synth\u00e9tiques. L\u2019inclusion d\u2019un <b>c\u00e2ble \u00e9lectrique<\/b> garantit une polyvalence d\u2019utilisation, permettant de travailler aussi bien en mode sans fil qu\u2019en \u00e9tant branch\u00e9 \u00e0 une alimentation directe si n\u00e9cessaire. Ce mod\u00e8le est livr\u00e9 dans le robuste syst\u00e8me de rangement <b>L-BOXX<\/b>, facilitant le transport et la protection de l\u2019outil et de ses accessoires lors des d\u00e9placements. Il s\u2019agit d\u2019un choix id\u00e9al pour les professionnels et amateurs exigeants recherchant pr\u00e9cision, mobilit\u00e9 et fiabilit\u00e9 pour les travaux de rainurage et de profilage, soutenu par la r\u00e9putation de qualit\u00e9 de BOSCH Professional.<\/p>\n<ul>\n<li>Mati\u00e8re: PVC<\/li>\n<li>Tension: 12 V<\/li>\n<li>Bloc d\u2019Alimentation:\n<ul>\n<li>Batterie<\/li>\n<li>C\u00e2ble \u00e9lectrique<\/li>\n<\/ul>\n<\/li>\n<li>Inclut:\n<ul>\n<li>Batterie<\/li>\n<li>Chargeur de batterie<\/li>\n<li>Batterie au lithium rechargeable x 2<\/li>\n<\/ul>\n<\/li>\n<li>Piles incluses: Oui<\/li>\n<li>puissance: 36 W<\/li>\n<li>Poids approx.: 1,1 kg<\/li>\n<li>vitesse: 13000 rpm<\/li>\n<li>Type de batterie: Litio Ion<\/li>\n<\/ul>","protected":false},"excerpt":{"rendered":"<p>Si vous aimez prendre soin de chaque d\u00e9tail de votre maison et d&#8217;\u00eatre \u00e0 la derni\u00e8re mode en mati\u00e8re de produits qui vous rendront la vie plus facile, achetez Fraiseuse BOSCH GKF 12V-8 au meilleur prix. La GKF 12V-8 de BOSCH est une d\u00e9fonceuse compacte sp\u00e9cialement con\u00e7ue pour offrir une grande pr\u00e9cision et une excellente [&hellip;]<\/p>\n","protected":false},"featured_media":31923,"comment_status":"open","ping_status":"closed","template":"","meta":[],"product_brand":[162],"product_cat":[613,239],"product_tag":[59,210],"class_list":{"0":"post-31924","1":"product","2":"type-product","3":"status-publish","4":"has-post-thumbnail","6":"product_brand-brandp_959","7":"product_cat-bricolage-et-materiel","8":"product_cat-maison-jardin","9":"product_tag-tag_1304","10":"product_tag-tag_25","12":"first","13":"instock","14":"taxable","15":"shipping-taxable","16":"purchasable","17":"product-type-simple"},"_links":{"self":[{"href":"https:\/\/bigbuy.tupique.com\/pt\/wp-json\/wp\/v2\/product\/31924","targetHints":{"allow":["GET"]}}],"collection":[{"href":"https:\/\/bigbuy.tupique.com\/pt\/wp-json\/wp\/v2\/product"}],"about":[{"href":"https:\/\/bigbuy.tupique.com\/pt\/wp-json\/wp\/v2\/types\/product"}],"replies":[{"embeddable":true,"href":"https:\/\/bigbuy.tupique.com\/pt\/wp-json\/wp\/v2\/comments?post=31924"}],"wp:featuredmedia":[{"embeddable":true,"href":"https:\/\/bigbuy.tupique.com\/pt\/wp-json\/wp\/v2\/media\/31923"}],"wp:attachment":[{"href":"https:\/\/bigbuy.tupique.com\/pt\/wp-json\/wp\/v2\/media?parent=31924"}],"wp:term":[{"taxonomy":"product_brand","embeddable":true,"href":"https:\/\/bigbuy.tupique.com\/pt\/wp-json\/wp\/v2\/product_brand?post=31924"},{"taxonomy":"product_cat","embeddable":true,"href":"https:\/\/bigbuy.tupique.com\/pt\/wp-json\/wp\/v2\/product_cat?post=31924"},{"taxonomy":"product_tag","embeddable":true,"href":"https:\/\/bigbuy.tupique.com\/pt\/wp-json\/wp\/v2\/product_tag?post=31924"}],"curies":[{"name":"wp","href":"https:\/\/api.w.org\/{rel}","templated":true}]}}