{"id":31874,"date":"2026-03-30T03:38:37","date_gmt":"2026-03-30T02:38:37","guid":{"rendered":"https:\/\/bigbuy.tupique.com\/produto\/surveillance-camcorder-arlo-essential2\/"},"modified":"2026-04-16T15:22:04","modified_gmt":"2026-04-16T14:22:04","slug":"surveillance-camcorder-arlo-essential2","status":"publish","type":"product","link":"https:\/\/bigbuy.tupique.com\/pt\/produto\/surveillance-camcorder-arlo-essential2\/","title":{"rendered":"Camescope de surveillance Arlo Essential2"},"content":{"rendered":"<p>Si vous \u00eates \u00e0 la recherche de nouvelles tendances sur le march\u00e9, nous vous pr\u00e9sentons <b>Camescope de surveillance Arlo Essential2<\/b> !<\/p>\n<ul>\n<li>Type:\n<ul>\n<li>Cam\u00e9scope<\/li>\n<li>Cam\u00e9ra de s\u00e9curit\u00e9 IP<\/li>\n<\/ul>\n<\/li>\n<li>Unit\u00e9s: 3 Unit\u00e9s<\/li>\n<li>Couleur: Blanc<\/li>\n<li>Caract\u00e9ristiques:\n<ul>\n<li>Haut-parleurs int\u00e9gr\u00e9s<\/li>\n<li>Microphone int\u00e9gr\u00e9<\/li>\n<li>R\u00e9sistant aux intemp\u00e9ries<\/li>\n<\/ul>\n<\/li>\n<li>Connectivit\u00e9: Wi-Fi<\/li>\n<li>Inclut:\n<ul>\n<li>Kit de Montage<\/li>\n<li>C\u00e2ble USB<\/li>\n<li>Vis<\/li>\n<li>Batterie au lithium rechargeable<\/li>\n<li>Manuel de l&#8217;utilisateur<\/li>\n<\/ul>\n<\/li>\n<li>Fonctions: Vision nocturne<\/li>\n<li>Technologie:\n<ul>\n<li>Sans fil<\/li>\n<li>2-Way CrossFireX<\/li>\n<\/ul>\n<\/li>\n<li>Ethernet: Non<\/li>\n<li>Non Inclus: Bluetooth<\/li>\n<li>Angle: 130\u00ba<\/li>\n<li>R\u00e9solution (px): 720 px<\/li>\n<\/ul>","protected":false},"excerpt":{"rendered":"<p><span class=\"unit-info\">118.3300 &euro; \/ 1 unit<\/span><\/p>","protected":false},"featured_media":31865,"comment_status":"open","ping_status":"closed","template":"","meta":[],"product_brand":[1295],"product_cat":[580,239,579],"product_tag":[567,59,210],"class_list":{"0":"post-31874","1":"product","2":"type-product","3":"status-publish","4":"has-post-thumbnail","6":"product_brand-brandp_10624","7":"product_cat-cameras-de-surveillance-video","8":"product_cat-maison-jardin","9":"product_cat-securite-a-la-maison","10":"product_tag-tag_556","11":"product_tag-tag_1304","12":"product_tag-tag_25","14":"first","15":"instock","16":"taxable","17":"shipping-taxable","18":"purchasable","19":"product-type-simple"},"_links":{"self":[{"href":"https:\/\/bigbuy.tupique.com\/pt\/wp-json\/wp\/v2\/product\/31874","targetHints":{"allow":["GET"]}}],"collection":[{"href":"https:\/\/bigbuy.tupique.com\/pt\/wp-json\/wp\/v2\/product"}],"about":[{"href":"https:\/\/bigbuy.tupique.com\/pt\/wp-json\/wp\/v2\/types\/product"}],"replies":[{"embeddable":true,"href":"https:\/\/bigbuy.tupique.com\/pt\/wp-json\/wp\/v2\/comments?post=31874"}],"wp:featuredmedia":[{"embeddable":true,"href":"https:\/\/bigbuy.tupique.com\/pt\/wp-json\/wp\/v2\/media\/31865"}],"wp:attachment":[{"href":"https:\/\/bigbuy.tupique.com\/pt\/wp-json\/wp\/v2\/media?parent=31874"}],"wp:term":[{"taxonomy":"product_brand","embeddable":true,"href":"https:\/\/bigbuy.tupique.com\/pt\/wp-json\/wp\/v2\/product_brand?post=31874"},{"taxonomy":"product_cat","embeddable":true,"href":"https:\/\/bigbuy.tupique.com\/pt\/wp-json\/wp\/v2\/product_cat?post=31874"},{"taxonomy":"product_tag","embeddable":true,"href":"https:\/\/bigbuy.tupique.com\/pt\/wp-json\/wp\/v2\/product_tag?post=31874"}],"curies":[{"name":"wp","href":"https:\/\/api.w.org\/{rel}","templated":true}]}}