{"id":31820,"date":"2026-03-30T03:37:08","date_gmt":"2026-03-30T02:37:08","guid":{"rendered":"https:\/\/bigbuy.tupique.com\/produto\/surveillance-camcorder-arlo-arlo-go-2\/"},"modified":"2026-04-16T15:22:05","modified_gmt":"2026-04-16T14:22:05","slug":"surveillance-camcorder-arlo-arlo-go-2","status":"publish","type":"product","link":"https:\/\/bigbuy.tupique.com\/pt\/produto\/surveillance-camcorder-arlo-arlo-go-2\/","title":{"rendered":"Camescope de surveillance Arlo ARLO Go 2"},"content":{"rendered":"<p>Si vous \u00eates \u00e0 la recherche de nouvelles tendances sur le march\u00e9, nous vous pr\u00e9sentons <b>Camescope de surveillance Arlo ARLO Go 2<\/b> !<\/p>\n<p>La <b>cam\u00e9ra de surveillance ARLO Go 2<\/b> de la c\u00e9l\u00e8bre marque Arlo est un appareil con\u00e7u pour offrir une solution flexible et efficace dans les syst\u00e8mes de s\u00e9curit\u00e9 IP, adaptable aux environnements r\u00e9sidentiels et commerciaux. Cette <b>cam\u00e9ra de s\u00e9curit\u00e9<\/b> se distingue par sa connectivit\u00e9 sans fil via <b>Wi-Fi<\/b> ainsi que sa compatibilit\u00e9 avec les r\u00e9seaux <b>3G\/4G<\/b>, permettant une installation polyvalente dans des lieux sans acc\u00e8s \u00e0 un r\u00e9seau fixe, garantissant une transmission vid\u00e9o stable et en temps r\u00e9el. Son design en <b>blanc<\/b> est discret et r\u00e9sistant, adapt\u00e9 \u00e0 l\u2019ext\u00e9rieur, compl\u00e9t\u00e9 par sa capacit\u00e9 \u00e0 supporter des conditions m\u00e9t\u00e9orologiques difficiles gr\u00e2ce \u00e0 sa construction robuste et \u00e9tanche. \u00c9quip\u00e9e de <b>vision nocturne<\/b>, cette cam\u00e9ra permet une surveillance efficace dans des environnements peu \u00e9clair\u00e9s, assurant des d\u00e9tails visibles pour un contr\u00f4le 24h\/24. De plus, elle int\u00e8gre haut-parleurs et microphone pour une communication bidirectionnelle, un atout pour les conversations \u00e0 distance et les alertes imm\u00e9diates en cas de d\u00e9tection de mouvements ou de sons suspects. Son fonctionnement IP facilite l\u2019int\u00e9gration dans les syst\u00e8mes domotiques et les applications mobiles, offrant des acc\u00e8s s\u00e9curis\u00e9s et des configurations personnalis\u00e9es. L\u2019ARLO Go 2 combine une technologie avanc\u00e9e de transmission et d\u2019enregistrement num\u00e9rique qui, associ\u00e9e \u00e0 sa mobilit\u00e9 et sa robustesse, en fait un outil id\u00e9al pour une surveillance continue et fiable partout. En r\u00e9sum\u00e9, ce mod\u00e8le \u00e9quilibre technologie de pointe et praticit\u00e9, constituant une ressource essentielle pour une surveillance constante sans complications techniques.<\/p>\n<ul>\n<li>Type:\n<ul>\n<li>Cam\u00e9scope<\/li>\n<li>Cam\u00e9ra de s\u00e9curit\u00e9 IP<\/li>\n<\/ul>\n<\/li>\n<li>Couleur: Blanc<\/li>\n<li>Caract\u00e9ristiques:\n<ul>\n<li>Haut-parleurs int\u00e9gr\u00e9s<\/li>\n<li>Microphone int\u00e9gr\u00e9<\/li>\n<li>Connexion au r\u00e9seau mobile<\/li>\n<\/ul>\n<\/li>\n<li>Connexions: 4G<\/li>\n<li>Connectivit\u00e9: Wi-Fi<\/li>\n<li>Nombre de cam\u00e9ras: 1<\/li>\n<li>Inclut:\n<ul>\n<li>Vis<\/li>\n<li>Batterie au lithium rechargeable<\/li>\n<\/ul>\n<\/li>\n<li>Fonctions:\n<ul>\n<li>Vision nocturne<\/li>\n<li>Capteur de Mouvement<\/li>\n<\/ul>\n<\/li>\n<li>Technologie:\n<ul>\n<li>Sans fil<\/li>\n<li>HDD<\/li>\n<\/ul>\n<\/li>\n<li>Ethernet: Non<\/li>\n<li>Non Inclus: Bluetooth<\/li>\n<li>Paire de lunettes: x1<\/li>\n<li>Angle: 130\u00ba<\/li>\n<li>R\u00e9solution (px): 1920 x 1080 px<\/li>\n<\/ul>","protected":false},"excerpt":{"rendered":"<p>Si vous \u00eates \u00e0 la recherche de nouvelles tendances sur le march\u00e9, nous vous pr\u00e9sentons Camescope de surveillance Arlo ARLO Go 2 ! La cam\u00e9ra de surveillance ARLO Go 2 de la c\u00e9l\u00e8bre marque Arlo est un appareil con\u00e7u pour offrir une solution flexible et efficace dans les syst\u00e8mes de s\u00e9curit\u00e9 IP, adaptable aux environnements [&hellip;]<\/p>\n","protected":false},"featured_media":31811,"comment_status":"open","ping_status":"closed","template":"","meta":[],"product_brand":[1295],"product_cat":[580,239,579],"product_tag":[567,59,210],"class_list":{"0":"post-31820","1":"product","2":"type-product","3":"status-publish","4":"has-post-thumbnail","6":"product_brand-brandp_10624","7":"product_cat-cameras-de-surveillance-video","8":"product_cat-maison-jardin","9":"product_cat-securite-a-la-maison","10":"product_tag-tag_556","11":"product_tag-tag_1304","12":"product_tag-tag_25","14":"first","15":"instock","16":"taxable","17":"shipping-taxable","18":"purchasable","19":"product-type-simple"},"_links":{"self":[{"href":"https:\/\/bigbuy.tupique.com\/pt\/wp-json\/wp\/v2\/product\/31820","targetHints":{"allow":["GET"]}}],"collection":[{"href":"https:\/\/bigbuy.tupique.com\/pt\/wp-json\/wp\/v2\/product"}],"about":[{"href":"https:\/\/bigbuy.tupique.com\/pt\/wp-json\/wp\/v2\/types\/product"}],"replies":[{"embeddable":true,"href":"https:\/\/bigbuy.tupique.com\/pt\/wp-json\/wp\/v2\/comments?post=31820"}],"wp:featuredmedia":[{"embeddable":true,"href":"https:\/\/bigbuy.tupique.com\/pt\/wp-json\/wp\/v2\/media\/31811"}],"wp:attachment":[{"href":"https:\/\/bigbuy.tupique.com\/pt\/wp-json\/wp\/v2\/media?parent=31820"}],"wp:term":[{"taxonomy":"product_brand","embeddable":true,"href":"https:\/\/bigbuy.tupique.com\/pt\/wp-json\/wp\/v2\/product_brand?post=31820"},{"taxonomy":"product_cat","embeddable":true,"href":"https:\/\/bigbuy.tupique.com\/pt\/wp-json\/wp\/v2\/product_cat?post=31820"},{"taxonomy":"product_tag","embeddable":true,"href":"https:\/\/bigbuy.tupique.com\/pt\/wp-json\/wp\/v2\/product_tag?post=31820"}],"curies":[{"name":"wp","href":"https:\/\/api.w.org\/{rel}","templated":true}]}}