{"id":31503,"date":"2026-03-30T03:23:10","date_gmt":"2026-03-30T02:23:10","guid":{"rendered":"https:\/\/bigbuy.tupique.com\/produto\/motherboard-msi-lga-1700\/"},"modified":"2026-04-16T19:46:13","modified_gmt":"2026-04-16T18:46:13","slug":"motherboard-msi-lga-1700","status":"publish","type":"product","link":"https:\/\/bigbuy.tupique.com\/pt\/produto\/motherboard-msi-lga-1700\/","title":{"rendered":"Carte M\u00e8re MSI LGA 1700"},"content":{"rendered":"<p>Si vous \u00eates \u00e0 la recherche de nouvelles tendances sur le march\u00e9, nous vous pr\u00e9sentons <b>Carte M\u00e8re MSI LGA 1700<\/b> !<\/p>\n<ul>\n<li>Type:\n<ul>\n<li>Carte M\u00e8re<\/li>\n<li>ATX<\/li>\n<li>UEFI<\/li>\n<\/ul>\n<\/li>\n<li>Connexions:\n<ul>\n<li>Sortie audio<\/li>\n<li>USB 3.2<\/li>\n<li>TPM<\/li>\n<li>24 PIN x 1<\/li>\n<li>HDMI 2.1<\/li>\n<li>USB 3.2 x 4<\/li>\n<li>PCI Express 3.0 (x1) x 2<\/li>\n<li>DisplayPort 1.4<\/li>\n<li>HDMI x 2<\/li>\n<li>2 x USB 2.0<\/li>\n<li>Ethernet LAN<\/li>\n<li>SATA x 4<\/li>\n<li>DIMM x 2<\/li>\n<li>HDMI 2.1 x 1<\/li>\n<li>DIMM<\/li>\n<li>4 x USB 3.2 Gen 1 (3.1 Gen 1)<\/li>\n<li>DisplayPort x 1<\/li>\n<li>USB 3.2 x 1<\/li>\n<li>USB 2.0 x 2<\/li>\n<li>RJ45 x 1<\/li>\n<\/ul>\n<\/li>\n<li>Compatible:\n<ul>\n<li>Bandes LED<\/li>\n<li>Intel Celeron<\/li>\n<li>raid 0<\/li>\n<li>Raid 10<\/li>\n<li>raid 1<\/li>\n<li>Raid 5<\/li>\n<li>Windows 11<\/li>\n<li>Windows 10<\/li>\n<li>Intel Pentium Gold<\/li>\n<li>PC<\/li>\n<\/ul>\n<\/li>\n<li>Type de m\u00e9moire:\n<ul>\n<li>DDR5 SDRAM<\/li>\n<li>DDR5<\/li>\n<\/ul>\n<\/li>\n<li>Cha\u00eenes:\n<ul>\n<li>2 Cha\u00eenes<\/li>\n<li>7.1<\/li>\n<\/ul>\n<\/li>\n<li>Connectivit\u00e9:\n<ul>\n<li>2,5 Gigabit Ethernet<\/li>\n<li>Wi-Fi 4<\/li>\n<li>Wi-Fi 6E ghz<\/li>\n<li>Wi-Fi 5 GHz<\/li>\n<li>Bluetooth<\/li>\n<li>Wi-Fi<\/li>\n<li>Wi-Fi 6 GHz<\/li>\n<li>Bluetooth 5.3<\/li>\n<\/ul>\n<\/li>\n<li>vitesse:\n<ul>\n<li>4800 MHz<\/li>\n<li>5000 MHZ<\/li>\n<li>7200 MHZ<\/li>\n<li>5600 MHz<\/li>\n<li>6000 MHz<\/li>\n<li>5400 mhz<\/li>\n<li>5800 mhz<\/li>\n<li>5200 MHz<\/li>\n<li>6200 MHz<\/li>\n<li>7000 MHz<\/li>\n<li>6800 MHz<\/li>\n<li>6400 MHz<\/li>\n<li>6600 MHZ<\/li>\n<\/ul>\n<\/li>\n<li>Nombre d&#8217;emplacements m\u00e9moire: 2<\/li>\n<li>Bloc d\u2019Alimentation: ATX<\/li>\n<li>Chipset: Intel B760<\/li>\n<li>Long: 17 cm<\/li>\n<li>Largeur: 17 cm<\/li>\n<li>Facteur de forme: Mini ATX<\/li>\n<li>Interface: Gigabit Ethernet<\/li>\n<li>M\u00e9moire: 256 MB<\/li>\n<li>Haut-parleurs: 7.1<\/li>\n<li>Son: Realtek ALC897<\/li>\n<li>Socket: LGA 1700<\/li>\n<li>Famille de processeurs: Intel<\/li>\n<\/ul>","protected":false},"excerpt":{"rendered":"<p>Si vous \u00eates \u00e0 la recherche de nouvelles tendances sur le march\u00e9, nous vous pr\u00e9sentons Carte M\u00e8re MSI LGA 1700 ! Type: Carte M\u00e8re ATX UEFI Connexions: Sortie audio USB 3.2 TPM 24 PIN x 1 HDMI 2.1 USB 3.2 x 4 PCI Express 3.0 (x1) x 2 DisplayPort 1.4 HDMI x 2 2 x [&hellip;]<\/p>\n","protected":false},"featured_media":31475,"comment_status":"open","ping_status":"closed","template":"","meta":[],"product_brand":[975],"product_cat":[736,65,584],"product_tag":[59,106],"class_list":{"0":"post-31503","1":"product","2":"type-product","3":"status-publish","4":"has-post-thumbnail","6":"product_brand-brandp_565","7":"product_cat-cartes-meres","8":"product_cat-informatique-electronique","9":"product_cat-informatique-reseaux-et-composants","10":"product_tag-tag_1304","11":"product_tag-tag_1295","13":"first","14":"instock","15":"taxable","16":"shipping-taxable","17":"purchasable","18":"product-type-simple"},"_links":{"self":[{"href":"https:\/\/bigbuy.tupique.com\/pt\/wp-json\/wp\/v2\/product\/31503","targetHints":{"allow":["GET"]}}],"collection":[{"href":"https:\/\/bigbuy.tupique.com\/pt\/wp-json\/wp\/v2\/product"}],"about":[{"href":"https:\/\/bigbuy.tupique.com\/pt\/wp-json\/wp\/v2\/types\/product"}],"replies":[{"embeddable":true,"href":"https:\/\/bigbuy.tupique.com\/pt\/wp-json\/wp\/v2\/comments?post=31503"}],"wp:featuredmedia":[{"embeddable":true,"href":"https:\/\/bigbuy.tupique.com\/pt\/wp-json\/wp\/v2\/media\/31475"}],"wp:attachment":[{"href":"https:\/\/bigbuy.tupique.com\/pt\/wp-json\/wp\/v2\/media?parent=31503"}],"wp:term":[{"taxonomy":"product_brand","embeddable":true,"href":"https:\/\/bigbuy.tupique.com\/pt\/wp-json\/wp\/v2\/product_brand?post=31503"},{"taxonomy":"product_cat","embeddable":true,"href":"https:\/\/bigbuy.tupique.com\/pt\/wp-json\/wp\/v2\/product_cat?post=31503"},{"taxonomy":"product_tag","embeddable":true,"href":"https:\/\/bigbuy.tupique.com\/pt\/wp-json\/wp\/v2\/product_tag?post=31503"}],"curies":[{"name":"wp","href":"https:\/\/api.w.org\/{rel}","templated":true}]}}