{"id":31407,"date":"2026-03-30T03:09:39","date_gmt":"2026-03-30T02:09:39","guid":{"rendered":"https:\/\/bigbuy.tupique.com\/produto\/motherboard-msi-2\/"},"modified":"2026-05-11T20:01:50","modified_gmt":"2026-05-11T18:01:50","slug":"motherboard-msi-2","status":"publish","type":"product","link":"https:\/\/bigbuy.tupique.com\/pt\/produto\/motherboard-msi-2\/","title":{"rendered":"Carte M\u00e8re MSI"},"content":{"rendered":"<p>Si vous \u00eates \u00e0 la recherche de nouvelles tendances sur le march\u00e9, nous vous pr\u00e9sentons <b>Carte M\u00e8re MSI<\/b> !<\/p>\n<ul>\n<li>Type: Carte M\u00e8re<\/li>\n<\/ul>","protected":false},"excerpt":{"rendered":"<p>Si vous \u00eates \u00e0 la recherche de nouvelles tendances sur le march\u00e9, nous vous pr\u00e9sentons Carte M\u00e8re MSI ! Type: Carte M\u00e8re<\/p>","protected":false},"featured_media":31402,"comment_status":"open","ping_status":"closed","template":"","meta":[],"product_brand":[975],"product_cat":[736,65,584],"product_tag":[59,106],"class_list":{"0":"post-31407","1":"product","2":"type-product","3":"status-publish","4":"has-post-thumbnail","6":"product_brand-brandp_565","7":"product_cat-cartes-meres","8":"product_cat-informatique-electronique","9":"product_cat-informatique-reseaux-et-composants","10":"product_tag-tag_1304","11":"product_tag-tag_1295","13":"first","14":"instock","15":"taxable","16":"shipping-taxable","17":"purchasable","18":"product-type-simple"},"_links":{"self":[{"href":"https:\/\/bigbuy.tupique.com\/pt\/wp-json\/wp\/v2\/product\/31407","targetHints":{"allow":["GET"]}}],"collection":[{"href":"https:\/\/bigbuy.tupique.com\/pt\/wp-json\/wp\/v2\/product"}],"about":[{"href":"https:\/\/bigbuy.tupique.com\/pt\/wp-json\/wp\/v2\/types\/product"}],"replies":[{"embeddable":true,"href":"https:\/\/bigbuy.tupique.com\/pt\/wp-json\/wp\/v2\/comments?post=31407"}],"wp:featuredmedia":[{"embeddable":true,"href":"https:\/\/bigbuy.tupique.com\/pt\/wp-json\/wp\/v2\/media\/31402"}],"wp:attachment":[{"href":"https:\/\/bigbuy.tupique.com\/pt\/wp-json\/wp\/v2\/media?parent=31407"}],"wp:term":[{"taxonomy":"product_brand","embeddable":true,"href":"https:\/\/bigbuy.tupique.com\/pt\/wp-json\/wp\/v2\/product_brand?post=31407"},{"taxonomy":"product_cat","embeddable":true,"href":"https:\/\/bigbuy.tupique.com\/pt\/wp-json\/wp\/v2\/product_cat?post=31407"},{"taxonomy":"product_tag","embeddable":true,"href":"https:\/\/bigbuy.tupique.com\/pt\/wp-json\/wp\/v2\/product_tag?post=31407"}],"curies":[{"name":"wp","href":"https:\/\/api.w.org\/{rel}","templated":true}]}}