{"id":31326,"date":"2026-03-30T03:07:17","date_gmt":"2026-03-30T02:07:17","guid":{"rendered":"https:\/\/bigbuy.tupique.com\/produto\/switch-trendnet-teg-3284ws\/"},"modified":"2026-04-16T10:11:19","modified_gmt":"2026-04-16T09:11:19","slug":"switch-trendnet-teg-3284ws","status":"publish","type":"product","link":"https:\/\/bigbuy.tupique.com\/pt\/produto\/switch-trendnet-teg-3284ws\/","title":{"rendered":"Switch Trendnet TEG-3284WS"},"content":{"rendered":"<p>Si vous \u00eates passionn\u00e9 d&#8217;<b>informatique et d&#8217;\u00e9lectronique<\/b>, si vous \u00eates \u00e0 la pointe de la technologie et qu&#8217;aucun d\u00e9tail ne vous \u00e9chappe, achetez <b>Switch Trendnet TEG-3284WS<\/b> au meilleur prix.<\/p>\n<p>Le <b>Trendnet TEG-3284WS<\/b> est un <b>switch manageable<\/b> con\u00e7u pour les r\u00e9seaux professionnels n\u00e9cessitant une haute capacit\u00e9 de commutation et une gestion avanc\u00e9e. Il dispose de <b>24 ports RJ45 Ethernet standards<\/b> supportant des vitesses jusqu\u2019\u00e0 <b>2,5G (100\/1000\/2500 Mbps)<\/b>, offrant une connexion rapide et stable pour plusieurs appareils simultan\u00e9ment. Sa technologie <b>full duplex bidirectionnel<\/b> garantit une communication efficace, \u00e9vitant les collisions et maximisant les performances r\u00e9seau. Avec une table d\u2019adresses MAC pouvant contenir jusqu\u2019\u00e0 <b>32 000 entr\u00e9es<\/b> et une capacit\u00e9 de commutation de <b>200 Gbit\/s<\/b>, ce switch g\u00e8re un volume \u00e9lev\u00e9 de trafic rapidement et de mani\u00e8re fiable. Il int\u00e8gre la prise en charge des normes r\u00e9seau avanc\u00e9es telles que <b>IEEE 802.1D, 802.1Q, 802.1p, 802.1s, 802.1w, 802.1x<\/b>, facilitant la mise en place de VLAN, la qualit\u00e9 de service (QoS), l\u2019agr\u00e9gation de liens, le spanning tree, la s\u00e9curit\u00e9 et la gestion du trafic. Son design compact de couleur <b>noir<\/b> est pr\u00e9vu pour un <b>montage en rack<\/b>, optimisant l\u2019espace dans les centres de donn\u00e9es ou armoires t\u00e9l\u00e9com. Il fonctionne avec une plage de tension flexible de <b>100 \u00e0 240 V<\/b>, s\u2019adaptant \u00e0 diverses installations \u00e9lectriques. En r\u00e9sum\u00e9, le Trendnet TEG-3284WS offre une solution robuste et configurable pour les environnements n\u00e9cessitant une infrastructure r\u00e9seau \u00e9volutive et performante, id\u00e9ale pour les PME ou infrastructures \u00e0 forte exigence de connectivit\u00e9 et contr\u00f4le.<\/p>\n<ul>\n<li>Produit \u00e0 brancher: Oui<\/li>\n<li>Type: Switch<\/li>\n<li>Type de prise: Prise EU<\/li>\n<li>Bloc d\u2019Alimentation: r\u00e9seau \u00e9lectrique<\/li>\n<li>Couleur: Noir<\/li>\n<li>Connexions: RJ45 x 24<\/li>\n<li>Tension:\n<ul>\n<li>100-240 V<\/li>\n<li>100 &#8211; 240 V<\/li>\n<\/ul>\n<\/li>\n<li>Ventillateur: 1<\/li>\n<li>Fr\u00e9quence: 50-60 Hz<\/li>\n<li>Profondeur: 25 cm<\/li>\n<li>N\u00b0 de rainures: 4<\/li>\n<li>Caract\u00e9ristiques: T\u00e9moin de fonctionnement LED<\/li>\n<li>Fr\u00e9quence d&#8217;entr\u00e9e AC: 50-60 Hz<\/li>\n<li>Largeur: 44 cm<\/li>\n<\/ul>","protected":false},"excerpt":{"rendered":"<p>Si vous \u00eates passionn\u00e9 d&#8217;informatique et d&#8217;\u00e9lectronique, si vous \u00eates \u00e0 la pointe de la technologie et qu&#8217;aucun d\u00e9tail ne vous \u00e9chappe, achetez Switch Trendnet TEG-3284WS au meilleur prix. Le Trendnet TEG-3284WS est un switch manageable con\u00e7u pour les r\u00e9seaux professionnels n\u00e9cessitant une haute capacit\u00e9 de commutation et une gestion avanc\u00e9e. Il dispose de 24 [&hellip;]<\/p>\n","protected":false},"featured_media":31321,"comment_status":"open","ping_status":"closed","template":"","meta":[],"product_brand":[635],"product_cat":[65,584,585],"product_tag":[106],"class_list":{"0":"post-31326","1":"product","2":"type-product","3":"status-publish","4":"has-post-thumbnail","6":"product_brand-brandp_4777","7":"product_cat-informatique-electronique","8":"product_cat-informatique-reseaux-et-composants","9":"product_cat-switch","10":"product_tag-tag_1295","12":"first","13":"instock","14":"taxable","15":"shipping-taxable","16":"purchasable","17":"product-type-simple"},"_links":{"self":[{"href":"https:\/\/bigbuy.tupique.com\/pt\/wp-json\/wp\/v2\/product\/31326","targetHints":{"allow":["GET"]}}],"collection":[{"href":"https:\/\/bigbuy.tupique.com\/pt\/wp-json\/wp\/v2\/product"}],"about":[{"href":"https:\/\/bigbuy.tupique.com\/pt\/wp-json\/wp\/v2\/types\/product"}],"replies":[{"embeddable":true,"href":"https:\/\/bigbuy.tupique.com\/pt\/wp-json\/wp\/v2\/comments?post=31326"}],"wp:featuredmedia":[{"embeddable":true,"href":"https:\/\/bigbuy.tupique.com\/pt\/wp-json\/wp\/v2\/media\/31321"}],"wp:attachment":[{"href":"https:\/\/bigbuy.tupique.com\/pt\/wp-json\/wp\/v2\/media?parent=31326"}],"wp:term":[{"taxonomy":"product_brand","embeddable":true,"href":"https:\/\/bigbuy.tupique.com\/pt\/wp-json\/wp\/v2\/product_brand?post=31326"},{"taxonomy":"product_cat","embeddable":true,"href":"https:\/\/bigbuy.tupique.com\/pt\/wp-json\/wp\/v2\/product_cat?post=31326"},{"taxonomy":"product_tag","embeddable":true,"href":"https:\/\/bigbuy.tupique.com\/pt\/wp-json\/wp\/v2\/product_tag?post=31326"}],"curies":[{"name":"wp","href":"https:\/\/api.w.org\/{rel}","templated":true}]}}