{"id":30900,"date":"2026-03-30T02:39:52","date_gmt":"2026-03-30T01:39:52","guid":{"rendered":"https:\/\/bigbuy.tupique.com\/produto\/original-ink-cartridge-hp-black\/"},"modified":"2026-04-16T18:10:51","modified_gmt":"2026-04-16T17:10:51","slug":"original-ink-cartridge-hp-black","status":"publish","type":"product","link":"https:\/\/bigbuy.tupique.com\/pt\/produto\/original-ink-cartridge-hp-black\/","title":{"rendered":"Cartouche d&#8217;encre originale HP Noir"},"content":{"rendered":"<p>Si vous \u00eates passionn\u00e9 d&#8217;<b>informatique et d&#8217;\u00e9lectronique<\/b>, si vous \u00eates \u00e0 la pointe de la technologie et qu&#8217;aucun d\u00e9tail ne vous \u00e9chappe, achetez <b>Cartouche d&#8217;encre originale HP Noir<\/b> au meilleur prix.<\/p>\n<p>La <b>cartouche d\u2019encre originale HP Mod\u00e8le M0K02AE<\/b> est un consommable con\u00e7u pour garantir la qualit\u00e9 et la fiabilit\u00e9 d\u2019impression des \u00e9quipements professionnels. Cette <b>cartouche noire<\/b> fait partie de la gamme <b>HP PageWide Pro 750\/772\/777<\/b> et correspond au mod\u00e8le <b>991X haute capacit\u00e9<\/b>, assurant un volume \u00e9lev\u00e9 d\u2019impressions avant remplacement, id\u00e9al pour les environnements \u00e0 forte demande d\u2019impression. Sa compatibilit\u00e9 est sp\u00e9cialement destin\u00e9e aux imprimantes <b>HP<\/b>, garantissant une int\u00e9gration optimale avec ces appareils pour des r\u00e9sultats nets et constants en textes et graphiques. En tant que <b>cartouche d\u2019encre originale<\/b>, elle respecte les normes de qualit\u00e9 et durabilit\u00e9 du fabricant, \u00e9vitant les probl\u00e8mes courants li\u00e9s aux consommables g\u00e9n\u00e9riques, tels que les bourrages ou l\u2019usure pr\u00e9matur\u00e9e. Bien que l\u2019information indique \u00ab type : toner \u00bb, cette cartouche contient une encre liquide formul\u00e9e pour les technologies d\u2019impression PageWide, offrant une exp\u00e9rience professionnelle avec un s\u00e9chage rapide et une bonne r\u00e9sistance \u00e0 l\u2019usure. En r\u00e9sum\u00e9, la <b>cartouche HP 991X noire haute capacit\u00e9<\/b> est une solution adapt\u00e9e aux utilisateurs recherchant performance dans des environnements professionnels exigeant de gros volumes d\u2019impression avec une d\u00e9finition pr\u00e9cise et uniforme. Ce produit est essentiel pour maintenir la qualit\u00e9 et la disponibilit\u00e9 des syst\u00e8mes d\u2019impression HP PageWide Pro.<\/p>\n<ul>\n<li>Type:\n<ul>\n<li>Toner<\/li>\n<li>Original<\/li>\n<li>Cartouche d&#8217;encre originale<\/li>\n<\/ul>\n<\/li>\n<li>Technologie: Inkjet<\/li>\n<li>Unit\u00e9s: 1 Unit\u00e9<\/li>\n<li>Compatible:\n<ul>\n<li>PAGEWIDE MFP 772DN<\/li>\n<li>PAGEWIDE 777Z<\/li>\n<li>Pagewide Color 755dn<\/li>\n<li>Pagewide Color Mfp 774dn<\/li>\n<li>Imprimante<\/li>\n<li>HP<\/li>\n<\/ul>\n<\/li>\n<li>Couleur: Noir<\/li>\n<li>Caract\u00e9ristiques: Original<\/li>\n<\/ul>\n<p><\/p>\n<p>Id\u00e9al pour 5 \u00e0 20 personnes ayant besoin d\u2019imprimer entre 15 000 et 50 000 pages par mois et qui ont besoin d\u2019une cartouche d\u2019encre de couleur \u00e0 un prix abordable et d\u2019une disponibilit\u00e9 maximale.<br \/>\nVous pouvez compter sur des impressions couleur de qualit\u00e9 professionnelle pour un excellent rapport qualit\u00e9-prix et obtenir les r\u00e9sultats que vous attendez \u00e0 chaque impression. Les cartouches HP PageWide con\u00e7ues par HP offrent des performances d\u2019impression constantes et une excellente qualit\u00e9, le tout \u00e0 un prix abordable exig\u00e9 par les entreprises.<\/p>\n<p><\/p>\n<ul>\n<li>Type: Original<\/li>\n<li>Couleurs d&#8217;impression: Noir<\/li>\n<li>Compatibilit\u00e9 de marque: HP<\/li>\n<li>Compatibilit\u00e9: HP PageWide 774, 779 \/ HP PageWide Pro 750, 755, 772, 777<\/li>\n<li>Quantit\u00e9: 1 pi\u00e8ce(s)<\/li>\n<li>Type d\u2019encre noire: Encre \u00e0 pigments<\/li>\n<li>Quantit\u00e9 de cartouches d&#8217;encre noire: 1<\/li>\n<li>Volume d&#8217;encre noire: 20000 ml<\/li>\n<li>Rendement par page de l&#8217;encre noire: 20000 pages<\/li>\n<li>Type de cartouche d&#8217;encre: Rendement \u00e9lev\u00e9 (XL)<\/li>\n<li>Type d&#8217;encre: Encre \u00e0 pigments<\/li>\n<li>Code OEM: M0K02AE<\/li>\n<li>Segment HP: Professionnel, Entreprise<\/li>\n<li>Largeur: 217,2 mm<\/li>\n<li>Profondeur: 48,2 mm<\/li>\n<li>Hauteur: 99,2 mm<\/li>\n<li>Poids: 670 g<\/li>\n<li>Largeur du colis: 217,2 mm<\/li>\n<li>Profondeur du colis: 48,2 mm<\/li>\n<li>Hauteur du colis: 99,2 mm<\/li>\n<li>Poids du paquet: 720 g<\/li>\n<\/ul>","protected":false},"excerpt":{"rendered":"<p><span class=\"unit-info\">317.9900 &euro; \/ 1 unit<\/span><\/p>","protected":false},"featured_media":30883,"comment_status":"open","ping_status":"closed","template":"","meta":[],"product_brand":[630],"product_cat":[595,65,581],"product_tag":[213,59,106],"class_list":{"0":"post-30900","1":"product","2":"type-product","3":"status-publish","4":"has-post-thumbnail","6":"product_brand-brandp_909","7":"product_cat-cartouches-d-encre-originale","8":"product_cat-informatique-electronique","9":"product_cat-informatique-peripheriques-et-consommables","10":"product_tag-tag_933","11":"product_tag-tag_1304","12":"product_tag-tag_1295","14":"first","15":"instock","16":"taxable","17":"shipping-taxable","18":"purchasable","19":"product-type-simple"},"_links":{"self":[{"href":"https:\/\/bigbuy.tupique.com\/pt\/wp-json\/wp\/v2\/product\/30900","targetHints":{"allow":["GET"]}}],"collection":[{"href":"https:\/\/bigbuy.tupique.com\/pt\/wp-json\/wp\/v2\/product"}],"about":[{"href":"https:\/\/bigbuy.tupique.com\/pt\/wp-json\/wp\/v2\/types\/product"}],"replies":[{"embeddable":true,"href":"https:\/\/bigbuy.tupique.com\/pt\/wp-json\/wp\/v2\/comments?post=30900"}],"wp:featuredmedia":[{"embeddable":true,"href":"https:\/\/bigbuy.tupique.com\/pt\/wp-json\/wp\/v2\/media\/30883"}],"wp:attachment":[{"href":"https:\/\/bigbuy.tupique.com\/pt\/wp-json\/wp\/v2\/media?parent=30900"}],"wp:term":[{"taxonomy":"product_brand","embeddable":true,"href":"https:\/\/bigbuy.tupique.com\/pt\/wp-json\/wp\/v2\/product_brand?post=30900"},{"taxonomy":"product_cat","embeddable":true,"href":"https:\/\/bigbuy.tupique.com\/pt\/wp-json\/wp\/v2\/product_cat?post=30900"},{"taxonomy":"product_tag","embeddable":true,"href":"https:\/\/bigbuy.tupique.com\/pt\/wp-json\/wp\/v2\/product_tag?post=30900"}],"curies":[{"name":"wp","href":"https:\/\/api.w.org\/{rel}","templated":true}]}}