{"id":30612,"date":"2026-03-30T02:22:53","date_gmt":"2026-03-30T01:22:53","guid":{"rendered":"https:\/\/bigbuy.tupique.com\/produto\/smart-tv-philips-65pus7000-65-4k-ultra-hd-led-hdr\/"},"modified":"2026-04-15T04:46:51","modified_gmt":"2026-04-15T03:46:51","slug":"smart-tv-philips-65pus7000-65-4k-ultra-hd-led-hdr","status":"publish","type":"product","link":"https:\/\/bigbuy.tupique.com\/pt\/produto\/smart-tv-philips-65pus7000-65-4k-ultra-hd-led-hdr\/","title":{"rendered":"TV intelligente Philips 65PUS7000 65&#8243; 4K Ultra HD LED HDR"},"content":{"rendered":"<p>Si vous \u00eates \u00e0 la recherche de nouvelles tendances sur le march\u00e9, nous vous pr\u00e9sentons <b>TV intelligente Philips 65PUS7000 65&#8243; 4K Ultra HD LED HDR<\/b> !<\/p>\n<p>Le <b>t\u00e9l\u00e9viseur intelligent Philips 65PUS7000<\/b> est un <b>Smart TV<\/b> de 65 pouces con\u00e7u pour offrir une exp\u00e9rience audiovisuelle de haute qualit\u00e9 \u00e0 domicile. Son <b>\u00e9cran plat de 65&#8243;<\/b> se distingue par sa <b>r\u00e9solution 4K Ultra HD de 3840 x 2160 pixels<\/b>, permettant de profiter d\u2019images nettes et d\u00e9taill\u00e9es avec un grand r\u00e9alisme, particuli\u00e8rement visible sur les contenus compatibles. Disponible en \u00e9l\u00e9gant coloris <b>noir<\/b>, il pr\u00e9sente un design sobre et moderne qui s\u2019int\u00e8gre facilement dans tout espace. Il dispose d\u2019un syst\u00e8me d\u2019exploitation propri\u00e9taire, <b>Titan OS<\/b>, qui facilite la navigation et l\u2019acc\u00e8s aux fonctions intelligentes, y compris les applications et services en ligne gr\u00e2ce \u00e0 sa connectivit\u00e9 <b>WiFi int\u00e9gr\u00e9e<\/b>. C\u00f4t\u00e9 son, il offre une puissance estim\u00e9e \u00e0 <b>20W RMS<\/b>, suffisante pour un usage domestique courant assurant une restitution claire et immersive. Pour la r\u00e9ception, il int\u00e8gre un syst\u00e8me complet de tuners num\u00e9riques compatibles avec plusieurs formats : <b>DVB-C, DVB-S, DVB-S2, DVB-T, DVB-T2 et DVB-T2 HD<\/b>, permettant de capter une large vari\u00e9t\u00e9 de cha\u00eenes et services de t\u00e9l\u00e9vision num\u00e9rique terrestre, c\u00e2ble ou satellite, facilitant son usage dans diff\u00e9rentes r\u00e9gions et configurations. De plus, sa <b>classe \u00e9nerg\u00e9tique E<\/b> t\u00e9moigne d\u2019une consommation ma\u00eetris\u00e9e dans sa cat\u00e9gorie, contribuant \u00e0 une gestion efficace de l\u2019\u00e9nergie. Ce t\u00e9l\u00e9viseur constitue une option polyvalente et fonctionnelle pour les utilisateurs recherchant un grand \u00e9cran avec des performances avanc\u00e9es en image, son et interactivit\u00e9 num\u00e9rique, adapt\u00e9 au divertissement multim\u00e9dia \u00e0 domicile.<\/p>\n<ul>\n<li>Diagonale de l&#8217;\u00e9cran (cm):\n<ul>\n<li>165,1 cm<\/li>\n<li>162,6 cm<\/li>\n<\/ul>\n<\/li>\n<li>Caract\u00e9ristiques:\n<ul>\n<li>accesorios incluidos<\/li>\n<li>ECO<\/li>\n<li>Equalizer<\/li>\n<li>TV intelligente<\/li>\n<li>T\u00e9l\u00e9texte<\/li>\n<li>Guide \u00e9lectronique des programmes (EPG)<\/li>\n<li>Piles incluses<\/li>\n<li>Capteur de lumi\u00e8re<\/li>\n<li>Minuterie d&#8217;arr\u00eat<\/li>\n<li>2 Haut-parleurs<\/li>\n<li>Fonction sous-titre<\/li>\n<li>Canal de retour audio (ARC)<\/li>\n<li>\u00c9clairage Ambiant<\/li>\n<li>\u00c9cran plat<\/li>\n<\/ul>\n<\/li>\n<li>Couleur: Noir<\/li>\n<li>Mati\u00e8re: Plastique<\/li>\n<li>Connexions:\n<ul>\n<li>USB 2.0<\/li>\n<li>RJ45<\/li>\n<li>Ethernet LAN<\/li>\n<li>HDCP<\/li>\n<li>HDMI 1.4<\/li>\n<\/ul>\n<\/li>\n<li>Rapport d&#8217;aspect: 16:9<\/li>\n<li>Connectivit\u00e9:\n<ul>\n<li>Bluetooth<\/li>\n<li>Wi-Fi<\/li>\n<li>Bluetooth 5.2<\/li>\n<li>eARC<\/li>\n<\/ul>\n<\/li>\n<li>Format: 16:9<\/li>\n<li>Classification \u00e9nerg\u00e9tique: E<\/li>\n<li>R\u00e9cepteur:\n<ul>\n<li>Num\u00e9rique<\/li>\n<li>DVB-C,DVB-S,DVB-S2,DVB-T,DVB-T2,DVB-T2 HD<\/li>\n<\/ul>\n<\/li>\n<li>Compatibilit\u00e9: Google Assistant<\/li>\n<li>Bloc d\u2019Alimentation: Cordon d&#8217;alimentation CA<\/li>\n<li>Technologie:\n<ul>\n<li>LED<\/li>\n<li>HDR<\/li>\n<\/ul>\n<\/li>\n<li>Puissance RMS: 20W<\/li>\n<li>VESA: 200 x 200 mm<\/li>\n<li>TV intelligente: Oui<\/li>\n<li>Ecran: 65&#8243;<\/li>\n<li>Compatible:\n<ul>\n<li>Amazon Alexa<\/li>\n<li>VESA 400 x 300<\/li>\n<\/ul>\n<\/li>\n<li>Inclut: T\u00e9l\u00e9commande<\/li>\n<li>Fonctions: ECO<\/li>\n<li>R\u00e9solution: 4K Ultra HD<\/li>\n<li>Tension: 100 &#8211; 240 V<\/li>\n<li>Arr\u00eat Automatique: Oui<\/li>\n<li>Fr\u00e9quence d&#8217;entr\u00e9e AC: 50-60 Hz<\/li>\n<li>consommation d&#8217;\u00e9nergie: 131 kWh<\/li>\n<li>Cha\u00eenes: 2.0<\/li>\n<li>Fonctionne \u00e0 piles: AAA<\/li>\n<li>Fr\u00e9quence: 60 Hz<\/li>\n<li>Formats: BMP,GIF,HEIF,JPEG,PNG<\/li>\n<li>Montage: VESA<\/li>\n<li>R\u00e9solution (px): 3840 x 2160 px<\/li>\n<li>Ann\u00e9e: 2024<\/li>\n<\/ul>","protected":false},"excerpt":{"rendered":"<p>Si vous \u00eates \u00e0 la recherche de nouvelles tendances sur le march\u00e9, nous vous pr\u00e9sentons TV intelligente Philips 65PUS7000 65&#8243; 4K Ultra HD LED HDR ! Le t\u00e9l\u00e9viseur intelligent Philips 65PUS7000 est un Smart TV de 65 pouces con\u00e7u pour offrir une exp\u00e9rience audiovisuelle de haute qualit\u00e9 \u00e0 domicile. Son \u00e9cran plat de 65&#8243; se [&hellip;]<\/p>\n","protected":false},"featured_media":30604,"comment_status":"open","ping_status":"closed","template":"","meta":[],"product_brand":[315],"product_cat":[589,65,957],"product_tag":[],"class_list":{"0":"post-30612","1":"product","2":"type-product","3":"status-publish","4":"has-post-thumbnail","6":"product_brand-brandp_571","7":"product_cat-electronique-television","8":"product_cat-informatique-electronique","9":"product_cat-televisions-et-smart-tv","11":"first","12":"instock","13":"taxable","14":"shipping-taxable","15":"purchasable","16":"product-type-simple"},"_links":{"self":[{"href":"https:\/\/bigbuy.tupique.com\/pt\/wp-json\/wp\/v2\/product\/30612","targetHints":{"allow":["GET"]}}],"collection":[{"href":"https:\/\/bigbuy.tupique.com\/pt\/wp-json\/wp\/v2\/product"}],"about":[{"href":"https:\/\/bigbuy.tupique.com\/pt\/wp-json\/wp\/v2\/types\/product"}],"replies":[{"embeddable":true,"href":"https:\/\/bigbuy.tupique.com\/pt\/wp-json\/wp\/v2\/comments?post=30612"}],"wp:featuredmedia":[{"embeddable":true,"href":"https:\/\/bigbuy.tupique.com\/pt\/wp-json\/wp\/v2\/media\/30604"}],"wp:attachment":[{"href":"https:\/\/bigbuy.tupique.com\/pt\/wp-json\/wp\/v2\/media?parent=30612"}],"wp:term":[{"taxonomy":"product_brand","embeddable":true,"href":"https:\/\/bigbuy.tupique.com\/pt\/wp-json\/wp\/v2\/product_brand?post=30612"},{"taxonomy":"product_cat","embeddable":true,"href":"https:\/\/bigbuy.tupique.com\/pt\/wp-json\/wp\/v2\/product_cat?post=30612"},{"taxonomy":"product_tag","embeddable":true,"href":"https:\/\/bigbuy.tupique.com\/pt\/wp-json\/wp\/v2\/product_tag?post=30612"}],"curies":[{"name":"wp","href":"https:\/\/api.w.org\/{rel}","templated":true}]}}