{"id":30590,"date":"2026-03-30T02:22:20","date_gmt":"2026-03-30T01:22:20","guid":{"rendered":"https:\/\/bigbuy.tupique.com\/produto\/switch-netgear-gs728txup-300eus\/"},"modified":"2026-05-11T20:00:16","modified_gmt":"2026-05-11T18:00:16","slug":"switch-netgear-gs728txup-300eus","status":"publish","type":"product","link":"https:\/\/bigbuy.tupique.com\/pt\/produto\/switch-netgear-gs728txup-300eus\/","title":{"rendered":"Switch Netgear GS728TXUP-300EUS"},"content":{"rendered":"<p>Si vous \u00eates \u00e0 la recherche de nouvelles tendances sur le march\u00e9, nous vous pr\u00e9sentons <b>Switch Netgear GS728TXUP-300EUS<\/b> !<\/p>\n<p>Le <b>Netgear GS728TXUP-300EUS<\/b> est un <b>switch<\/b> professionnel con\u00e7u pour des environnements r\u00e9seau n\u00e9cessitant une grande capacit\u00e9 et flexibilit\u00e9 dans la connexion des appareils. Fabriqu\u00e9 en <b>plastique r\u00e9sistant<\/b>, cet \u00e9quipement offre une solution robuste et l\u00e9g\u00e8re pour la gestion des r\u00e9seaux. Il dispose d\u2019une connectivit\u00e9 avanc\u00e9e incluant des <b>ports USB<\/b>, facilitant la connexion et la configuration de p\u00e9riph\u00e9riques externes ou de stockage suppl\u00e9mentaire. De plus, il int\u00e8gre un support pour modules <b>SFP+<\/b>, permettant des connexions fibre optique \u00e0 haute vitesse, id\u00e9ales pour \u00e9tendre le r\u00e9seau avec des liens \u00e0 large bande passante et faible latence. Son alimentation est conforme au standard europ\u00e9en gr\u00e2ce \u00e0 une <b>prise EU<\/b>, garantissant compatibilit\u00e9 et s\u00e9curit\u00e9 \u00e9lectrique en Europe. Ce switch est destin\u00e9 aux environnements d\u2019entreprise qui exigent une gestion efficace du trafic de donn\u00e9es, avec la capacit\u00e9 de g\u00e9rer plusieurs connexions simultan\u00e9es et une construction favorisant la stabilit\u00e9 et la durabilit\u00e9. En r\u00e9sum\u00e9, le <b>Netgear GS728TXUP<\/b> offre un \u00e9quilibre entre fonctionnalit\u00e9s avanc\u00e9es et design pratique, se positionnant comme une option fiable pour les professionnels souhaitant optimiser leurs infrastructures r\u00e9seau.<\/p>\n<ul>\n<li>Produit \u00e0 brancher: Oui<\/li>\n<li>Type: Switch<\/li>\n<li>Type de prise: Prise EU<\/li>\n<li>Bloc d\u2019Alimentation: r\u00e9seau \u00e9lectrique<\/li>\n<li>Couleur: Gris<\/li>\n<li>Connexions:\n<ul>\n<li>RJ45<\/li>\n<li>PoE<\/li>\n<li>USB<\/li>\n<\/ul>\n<\/li>\n<li>Ventillateur: 2<\/li>\n<li>Mati\u00e8re: Plastique<\/li>\n<\/ul>","protected":false},"excerpt":{"rendered":"<p>Si vous \u00eates \u00e0 la recherche de nouvelles tendances sur le march\u00e9, nous vous pr\u00e9sentons Switch Netgear GS728TXUP-300EUS ! Le Netgear GS728TXUP-300EUS est un switch professionnel con\u00e7u pour des environnements r\u00e9seau n\u00e9cessitant une grande capacit\u00e9 et flexibilit\u00e9 dans la connexion des appareils. Fabriqu\u00e9 en plastique r\u00e9sistant, cet \u00e9quipement offre une solution robuste et l\u00e9g\u00e8re pour [&hellip;]<\/p>\n","protected":false},"featured_media":30584,"comment_status":"open","ping_status":"closed","template":"","meta":[],"product_brand":[633],"product_cat":[65,584,585],"product_tag":[106],"class_list":{"0":"post-30590","1":"product","2":"type-product","3":"status-publish","4":"has-post-thumbnail","6":"product_brand-brandp_567","7":"product_cat-informatique-electronique","8":"product_cat-informatique-reseaux-et-composants","9":"product_cat-switch","10":"product_tag-tag_1295","12":"first","13":"instock","14":"taxable","15":"shipping-taxable","16":"purchasable","17":"product-type-simple"},"_links":{"self":[{"href":"https:\/\/bigbuy.tupique.com\/pt\/wp-json\/wp\/v2\/product\/30590","targetHints":{"allow":["GET"]}}],"collection":[{"href":"https:\/\/bigbuy.tupique.com\/pt\/wp-json\/wp\/v2\/product"}],"about":[{"href":"https:\/\/bigbuy.tupique.com\/pt\/wp-json\/wp\/v2\/types\/product"}],"replies":[{"embeddable":true,"href":"https:\/\/bigbuy.tupique.com\/pt\/wp-json\/wp\/v2\/comments?post=30590"}],"wp:featuredmedia":[{"embeddable":true,"href":"https:\/\/bigbuy.tupique.com\/pt\/wp-json\/wp\/v2\/media\/30584"}],"wp:attachment":[{"href":"https:\/\/bigbuy.tupique.com\/pt\/wp-json\/wp\/v2\/media?parent=30590"}],"wp:term":[{"taxonomy":"product_brand","embeddable":true,"href":"https:\/\/bigbuy.tupique.com\/pt\/wp-json\/wp\/v2\/product_brand?post=30590"},{"taxonomy":"product_cat","embeddable":true,"href":"https:\/\/bigbuy.tupique.com\/pt\/wp-json\/wp\/v2\/product_cat?post=30590"},{"taxonomy":"product_tag","embeddable":true,"href":"https:\/\/bigbuy.tupique.com\/pt\/wp-json\/wp\/v2\/product_tag?post=30590"}],"curies":[{"name":"wp","href":"https:\/\/api.w.org\/{rel}","templated":true}]}}