{"id":30560,"date":"2026-03-30T02:21:34","date_gmt":"2026-03-30T01:21:34","guid":{"rendered":"https:\/\/bigbuy.tupique.com\/produto\/highchair-cybex-iris-black-3-in-1\/"},"modified":"2026-05-11T20:01:46","modified_gmt":"2026-05-11T18:01:46","slug":"highchair-cybex-iris-black-3-in-1","status":"publish","type":"product","link":"https:\/\/bigbuy.tupique.com\/pt\/produto\/highchair-cybex-iris-black-3-in-1\/","title":{"rendered":"Chaise haute Cybex IRIS Noir 3-en-1"},"content":{"rendered":"<p>Si vous \u00eates \u00e0 la recherche de nouvelles tendances sur le march\u00e9, nous vous pr\u00e9sentons <b>Chaise haute Cybex IRIS Noir 3-en-1<\/b> !<\/p>\n<ul>\n<li>Mati\u00e8re: Bois<\/li>\n<li>Inclut: Accessoires<\/li>\n<li>Type:\n<ul>\n<li>Chaise haute<\/li>\n<li>Chaise<\/li>\n<\/ul>\n<\/li>\n<li>Caract\u00e9ristiques:\n<ul>\n<li>3-en-1<\/li>\n<li>R\u00e9glable<\/li>\n<li>Plateau<\/li>\n<li>Repose-pied<\/li>\n<\/ul>\n<\/li>\n<li>Couleur: Noir<\/li>\n<li>\u00c2ge recommand\u00e9: + 6 Ans<\/li>\n<li>Genre: Unisexe<\/li>\n<li>Poids Max. support\u00e9: 120 kg<\/li>\n<li>\u00c9lev\u00e9: 84 cm<\/li>\n<\/ul>","protected":false},"excerpt":{"rendered":"<p>Si vous \u00eates \u00e0 la recherche de nouvelles tendances sur le march\u00e9, nous vous pr\u00e9sentons Chaise haute Cybex IRIS Noir 3-en-1 ! Mati\u00e8re: Bois Inclut: Accessoires Type: Chaise haute Chaise Caract\u00e9ristiques: 3-en-1 R\u00e9glable Plateau Repose-pied Couleur: Noir \u00c2ge recommand\u00e9: + 6 Ans Genre: Unisexe Poids Max. support\u00e9: 120 kg \u00c9lev\u00e9: 84 cm<\/p>","protected":false},"featured_media":30559,"comment_status":"open","ping_status":"closed","template":"","meta":[],"product_brand":[856],"product_cat":[1051,251,157],"product_tag":[59],"class_list":{"0":"post-30560","1":"product","2":"type-product","3":"status-publish","4":"has-post-thumbnail","6":"product_brand-brandp_2860","7":"product_cat-accessoires-pour-enfants","8":"product_cat-bebes-et-enfants","9":"product_cat-jouets-deguisements","10":"product_tag-tag_1304","12":"first","13":"instock","14":"taxable","15":"shipping-taxable","16":"purchasable","17":"product-type-simple"},"_links":{"self":[{"href":"https:\/\/bigbuy.tupique.com\/pt\/wp-json\/wp\/v2\/product\/30560","targetHints":{"allow":["GET"]}}],"collection":[{"href":"https:\/\/bigbuy.tupique.com\/pt\/wp-json\/wp\/v2\/product"}],"about":[{"href":"https:\/\/bigbuy.tupique.com\/pt\/wp-json\/wp\/v2\/types\/product"}],"replies":[{"embeddable":true,"href":"https:\/\/bigbuy.tupique.com\/pt\/wp-json\/wp\/v2\/comments?post=30560"}],"wp:featuredmedia":[{"embeddable":true,"href":"https:\/\/bigbuy.tupique.com\/pt\/wp-json\/wp\/v2\/media\/30559"}],"wp:attachment":[{"href":"https:\/\/bigbuy.tupique.com\/pt\/wp-json\/wp\/v2\/media?parent=30560"}],"wp:term":[{"taxonomy":"product_brand","embeddable":true,"href":"https:\/\/bigbuy.tupique.com\/pt\/wp-json\/wp\/v2\/product_brand?post=30560"},{"taxonomy":"product_cat","embeddable":true,"href":"https:\/\/bigbuy.tupique.com\/pt\/wp-json\/wp\/v2\/product_cat?post=30560"},{"taxonomy":"product_tag","embeddable":true,"href":"https:\/\/bigbuy.tupique.com\/pt\/wp-json\/wp\/v2\/product_tag?post=30560"}],"curies":[{"name":"wp","href":"https:\/\/api.w.org\/{rel}","templated":true}]}}