{"id":30328,"date":"2026-03-30T02:06:19","date_gmt":"2026-03-30T01:06:19","guid":{"rendered":"https:\/\/bigbuy.tupique.com\/produto\/induction-hot-plate-electrolux\/"},"modified":"2026-04-16T17:35:59","modified_gmt":"2026-04-16T16:35:59","slug":"induction-hot-plate-electrolux","status":"publish","type":"product","link":"https:\/\/bigbuy.tupique.com\/pt\/produto\/induction-hot-plate-electrolux\/","title":{"rendered":"Plaque \u00e0 Induction Electrolux"},"content":{"rendered":"<p>Si vous \u00eates \u00e0 la recherche de nouvelles tendances sur le march\u00e9, nous vous pr\u00e9sentons <b>Plaque \u00e0 Induction Electrolux<\/b> !<\/p>\n<p>La <b>plaque \u00e0 induction LIR60430<\/b> de <b>Electrolux<\/b> est une solution efficace et moderne con\u00e7ue pour cuisiner avec pr\u00e9cision et rapidit\u00e9, int\u00e9grant un ensemble de <b>4 zones de cuisson<\/b> totalisant une puissance de <b>7350 W<\/b>, r\u00e9parties sur une surface de <b>60 cm de large<\/b> dans un \u00e9l\u00e9gant coloris <b>noir<\/b> facilitant son int\u00e9gration dans toute cuisine contemporaine. Cette <b>plaque \u00e0 induction<\/b> offre une technologie de cuisson avanc\u00e9e qui chauffe directement le r\u00e9cipient par induction magn\u00e9tique, garantissant un transfert de chaleur rapide et pr\u00e9cis, ainsi qu\u2019une meilleure s\u00e9curit\u00e9 et efficacit\u00e9 \u00e9nerg\u00e9tique. Parmi ses caract\u00e9ristiques, elle inclut un <b>syst\u00e8me de verrouillage enfant<\/b>, apportant une s\u00e9curit\u00e9 essentielle pour les foyers avec enfants, et un design <b>int\u00e9grable<\/b> permettant une installation discr\u00e8te et esth\u00e9tique dans les meubles de cuisine, respectant l\u2019harmonie de l\u2019espace. Elle est \u00e9galement \u00e9quip\u00e9e d\u2019un <b>c\u00e2ble \u00e9lectrique<\/b> pour une connexion simple et directe, optimisant son usage quotidien. La surface en verre vitroc\u00e9ramique est non seulement facile \u00e0 nettoyer mais r\u00e9siste aux hautes temp\u00e9ratures et \u00e0 l\u2019usure, assurant durabilit\u00e9. Con\u00e7ue pour ceux qui recherchent un bon \u00e9quilibre entre puissance, fonctionnalit\u00e9 et s\u00e9curit\u00e9, cette plaque \u00e0 induction allie performances techniques et design sobre et intemporel, s\u2019adaptant aussi bien aux utilisateurs domestiques qu\u2019\u00e0 ceux qui appr\u00e9cient les d\u00e9tails techniques et la qualit\u00e9 de leurs appareils \u00e9lectrom\u00e9nagers. Dans l\u2019ensemble, la <b>Electrolux LIR60430<\/b> repr\u00e9sente une option fiable et pratique parmi les plaques \u00e0 induction actuelles, \u00e9quilibrant efficacit\u00e9, s\u00e9curit\u00e9 et int\u00e9gration dans la maison moderne.<\/p>\n<ul>\n<li>Type: Plaque \u00e0 Induction<\/li>\n<li>Type de prise: Prise EU<\/li>\n<li>Produit \u00e0 brancher: Oui<\/li>\n<li>Type de commande: Tactile<\/li>\n<li>Tension d&#8217;entr\u00e9e AC: 220-240 V<\/li>\n<li>Longueur du c\u00e2ble: 1,5 m<\/li>\n<li>Bloc d\u2019Alimentation:\n<ul>\n<li>r\u00e9seau \u00e9lectrique<\/li>\n<li>C\u00e2ble \u00e9lectrique<\/li>\n<\/ul>\n<\/li>\n<li>diam\u00e8tre approx.:\n<ul>\n<li>\u00d8 21 cm<\/li>\n<li>\u00d8 18 cm<\/li>\n<\/ul>\n<\/li>\n<li>puissance: 7350 W<\/li>\n<li>Caract\u00e9ristiques: Verrouillage pour enfants<\/li>\n<li>Type d&#8217;installation:\n<ul>\n<li>Int\u00e9grable<\/li>\n<li>Encastrable<\/li>\n<\/ul>\n<\/li>\n<li>Profondeur de compartiment d&#8217;installation: 49 cm<\/li>\n<li>\u00c9cran integr\u00e9: Non<\/li>\n<li>Largeur: 60 cm<\/li>\n<li>Zones de cuisson:\n<ul>\n<li>4<\/li>\n<li>8<\/li>\n<\/ul>\n<\/li>\n<li>Couleur:\n<ul>\n<li>Noir<\/li>\n<li>noir<\/li>\n<\/ul>\n<\/li>\n<li>Profondeur:\n<ul>\n<li>60 cm<\/li>\n<li>490 mm<\/li>\n<\/ul>\n<\/li>\n<\/ul>","protected":false},"excerpt":{"rendered":"<p>Si vous \u00eates \u00e0 la recherche de nouvelles tendances sur le march\u00e9, nous vous pr\u00e9sentons Plaque \u00e0 Induction Electrolux ! La plaque \u00e0 induction LIR60430 de Electrolux est une solution efficace et moderne con\u00e7ue pour cuisiner avec pr\u00e9cision et rapidit\u00e9, int\u00e9grant un ensemble de 4 zones de cuisson totalisant une puissance de 7350 W, r\u00e9parties [&hellip;]<\/p>\n","protected":false},"featured_media":30313,"comment_status":"open","ping_status":"closed","template":"","meta":[],"product_brand":[1249],"product_cat":[60,77,78],"product_tag":[55,59,56],"class_list":{"0":"post-30328","1":"product","2":"type-product","3":"status-publish","4":"has-post-thumbnail","6":"product_brand-brandp_907","7":"product_cat-cuisine-gourmet","8":"product_cat-petit-electromenager","9":"product_cat-plaques-de-cuisson","10":"product_tag-tag_926","11":"product_tag-tag_1304","12":"product_tag-tag_930","14":"first","15":"instock","16":"taxable","17":"shipping-taxable","18":"purchasable","19":"product-type-simple"},"_links":{"self":[{"href":"https:\/\/bigbuy.tupique.com\/pt\/wp-json\/wp\/v2\/product\/30328","targetHints":{"allow":["GET"]}}],"collection":[{"href":"https:\/\/bigbuy.tupique.com\/pt\/wp-json\/wp\/v2\/product"}],"about":[{"href":"https:\/\/bigbuy.tupique.com\/pt\/wp-json\/wp\/v2\/types\/product"}],"replies":[{"embeddable":true,"href":"https:\/\/bigbuy.tupique.com\/pt\/wp-json\/wp\/v2\/comments?post=30328"}],"wp:featuredmedia":[{"embeddable":true,"href":"https:\/\/bigbuy.tupique.com\/pt\/wp-json\/wp\/v2\/media\/30313"}],"wp:attachment":[{"href":"https:\/\/bigbuy.tupique.com\/pt\/wp-json\/wp\/v2\/media?parent=30328"}],"wp:term":[{"taxonomy":"product_brand","embeddable":true,"href":"https:\/\/bigbuy.tupique.com\/pt\/wp-json\/wp\/v2\/product_brand?post=30328"},{"taxonomy":"product_cat","embeddable":true,"href":"https:\/\/bigbuy.tupique.com\/pt\/wp-json\/wp\/v2\/product_cat?post=30328"},{"taxonomy":"product_tag","embeddable":true,"href":"https:\/\/bigbuy.tupique.com\/pt\/wp-json\/wp\/v2\/product_tag?post=30328"}],"curies":[{"name":"wp","href":"https:\/\/api.w.org\/{rel}","templated":true}]}}