{"id":30206,"date":"2026-03-30T02:02:55","date_gmt":"2026-03-30T01:02:55","guid":{"rendered":"https:\/\/bigbuy.tupique.com\/produto\/soundbar-samsung-black\/"},"modified":"2026-05-11T20:01:44","modified_gmt":"2026-05-11T18:01:44","slug":"soundbar-samsung-black","status":"publish","type":"product","link":"https:\/\/bigbuy.tupique.com\/pt\/produto\/soundbar-samsung-black\/","title":{"rendered":"Barre audio Samsung Noir"},"content":{"rendered":"<p>Si vous \u00eates \u00e0 la recherche de nouvelles tendances sur le march\u00e9, nous vous pr\u00e9sentons <b>Barre audio Samsung Noir<\/b> !<\/p>\n<p>La <b>barre de son Samsung HW-B66CF\/XE<\/b> est un syst\u00e8me de <b>haut-parleurs 3.1 canaux<\/b> con\u00e7u pour offrir une exp\u00e9rience sonore immersive et \u00e9quilibr\u00e9e en environnement domestique. Sa structure int\u00e8gre un <b>subwoofer sans fil de 6,5 pouces<\/b> qui d\u00e9livre des basses profondes et pr\u00e9cises sans c\u00e2bles suppl\u00e9mentaires, facilitant son installation et am\u00e9liorant le confort d\u2019utilisation. Ce mod\u00e8le se distingue par la technologie <b>Adaptive Sound Lite<\/b>, qui ajuste automatiquement le son selon le type de contenu, optimisant ainsi la clart\u00e9 des dialogues, effets et musiques. La connectivit\u00e9 sans fil via <b>Bluetooth 4.2<\/b> permet une lecture directe depuis des appareils compatibles, simple et sans interruption, assurant une transmission stable et efficace. Sa finition en <b>noir<\/b> conf\u00e8re un design sobre et \u00e9l\u00e9gant, s\u2019adaptant facilement \u00e0 tout int\u00e9rieur. De plus, il dispose d\u2019un <b>\u00e9galiseur int\u00e9gr\u00e9<\/b> pour personnaliser le son selon les pr\u00e9f\u00e9rences auditives, augmentant la polyvalence du syst\u00e8me pour diff\u00e9rents genres et usages. Ce haut-parleur central compl\u00e8te parfaitement l\u2019ensemble, am\u00e9liorant la spatialisation et la pr\u00e9cision sonore pour une exp\u00e9rience d\u00e9taill\u00e9e et immersive. En r\u00e9sum\u00e9, la Samsung HW-B66CF\/XE combine une conception compacte avec des fonctionnalit\u00e9s avanc\u00e9es garantissant une nette am\u00e9lioration de la qualit\u00e9 audio pour ceux qui recherchent une solution compl\u00e8te et moderne pour leur domicile.<\/p>\n<ul>\n<li>Type: Haut-parleur<\/li>\n<li>Produit \u00e0 brancher: Oui<\/li>\n<li>Type de prise: Prise EU<\/li>\n<li>Bloc d\u2019Alimentation: r\u00e9seau \u00e9lectrique<\/li>\n<li>Couleur:\n<ul>\n<li>Noir<\/li>\n<li>noir<\/li>\n<\/ul>\n<\/li>\n<li>Largeur: 86 cm<\/li>\n<li>Connectivit\u00e9:\n<ul>\n<li>Bluetooth 4.2<\/li>\n<li>Bluetooth<\/li>\n<\/ul>\n<\/li>\n<li>puissance: 0,5 W<\/li>\n<li>Inclut:\n<ul>\n<li>5<\/li>\n<li>T\u00e9l\u00e9commande<\/li>\n<li>Subwoofer<\/li>\n<\/ul>\n<\/li>\n<li>Son: Dolby Atmos<\/li>\n<li>Dimensions approx.:\n<ul>\n<li>23,5 cm<\/li>\n<li>7,5 cm<\/li>\n<li>5,9 cm<\/li>\n<li>44,5 cm<\/li>\n<li>235 mm<\/li>\n<\/ul>\n<\/li>\n<li>Caract\u00e9ristiques:\n<ul>\n<li>Equalizer<\/li>\n<li>4 Haut-parleurs<\/li>\n<li>Mode nuit<\/li>\n<\/ul>\n<\/li>\n<li>Connexions:\n<ul>\n<li>HDMI<\/li>\n<li>USB<\/li>\n<li>USB 2.0<\/li>\n<\/ul>\n<\/li>\n<li>Cha\u00eenes: 3.1<\/li>\n<li>Non Inclus: Wi-Fi<\/li>\n<\/ul>","protected":false},"excerpt":{"rendered":"<p>Si vous \u00eates \u00e0 la recherche de nouvelles tendances sur le march\u00e9, nous vous pr\u00e9sentons Barre audio Samsung Noir ! La barre de son Samsung HW-B66CF\/XE est un syst\u00e8me de haut-parleurs 3.1 canaux con\u00e7u pour offrir une exp\u00e9rience sonore immersive et \u00e9quilibr\u00e9e en environnement domestique. Sa structure int\u00e8gre un subwoofer sans fil de 6,5 pouces [&hellip;]<\/p>\n","protected":false},"featured_media":30197,"comment_status":"open","ping_status":"closed","template":"","meta":[],"product_brand":[183],"product_cat":[1278,755,65],"product_tag":[59,106],"class_list":{"0":"post-30206","1":"product","2":"type-product","3":"status-publish","4":"has-post-thumbnail","6":"product_brand-brandp_576","7":"product_cat-barres-de-son","8":"product_cat-electronique-son","9":"product_cat-informatique-electronique","10":"product_tag-tag_1304","11":"product_tag-tag_1295","13":"first","14":"instock","15":"taxable","16":"shipping-taxable","17":"purchasable","18":"product-type-simple"},"_links":{"self":[{"href":"https:\/\/bigbuy.tupique.com\/pt\/wp-json\/wp\/v2\/product\/30206","targetHints":{"allow":["GET"]}}],"collection":[{"href":"https:\/\/bigbuy.tupique.com\/pt\/wp-json\/wp\/v2\/product"}],"about":[{"href":"https:\/\/bigbuy.tupique.com\/pt\/wp-json\/wp\/v2\/types\/product"}],"replies":[{"embeddable":true,"href":"https:\/\/bigbuy.tupique.com\/pt\/wp-json\/wp\/v2\/comments?post=30206"}],"wp:featuredmedia":[{"embeddable":true,"href":"https:\/\/bigbuy.tupique.com\/pt\/wp-json\/wp\/v2\/media\/30197"}],"wp:attachment":[{"href":"https:\/\/bigbuy.tupique.com\/pt\/wp-json\/wp\/v2\/media?parent=30206"}],"wp:term":[{"taxonomy":"product_brand","embeddable":true,"href":"https:\/\/bigbuy.tupique.com\/pt\/wp-json\/wp\/v2\/product_brand?post=30206"},{"taxonomy":"product_cat","embeddable":true,"href":"https:\/\/bigbuy.tupique.com\/pt\/wp-json\/wp\/v2\/product_cat?post=30206"},{"taxonomy":"product_tag","embeddable":true,"href":"https:\/\/bigbuy.tupique.com\/pt\/wp-json\/wp\/v2\/product_tag?post=30206"}],"curies":[{"name":"wp","href":"https:\/\/api.w.org\/{rel}","templated":true}]}}