{"id":30076,"date":"2026-03-30T01:50:05","date_gmt":"2026-03-30T00:50:05","guid":{"rendered":"https:\/\/bigbuy.tupique.com\/produto\/car-chair-chicco-ece-r129-04\/"},"modified":"2026-04-16T17:00:19","modified_gmt":"2026-04-16T16:00:19","slug":"car-chair-chicco-ece-r129-04","status":"publish","type":"product","link":"https:\/\/bigbuy.tupique.com\/pt\/produto\/car-chair-chicco-ece-r129-04\/","title":{"rendered":"Si\u00e8ge de Voiture Chicco ECE R129\/04"},"content":{"rendered":"<p>Si vous \u00eates \u00e0 la recherche de nouvelles tendances sur le march\u00e9, nous vous pr\u00e9sentons <b>Si\u00e8ge de Voiture Chicco ECE R129\/04<\/b> !<\/p>\n<p>Le <b>si\u00e8ge auto Chicco EVERONE<\/b> est un si\u00e8ge enfant multifonction con\u00e7u pour offrir s\u00e9curit\u00e9 et confort de la naissance jusqu\u2019\u00e0 environ 12 ans, couvrant les groupes <b>0\/1\/2\/3<\/b> et conforme \u00e0 la norme <b>I-Size<\/b>, garantissant une protection sup\u00e9rieure contre les chocs lat\u00e9raux. Ce si\u00e8ge se distingue par son design <b>pivotant<\/b>, facilitant l\u2019installation et l\u2019acc\u00e8s de l\u2019enfant, ainsi que le r\u00e9glage et la fixation dans le v\u00e9hicule sans effort. Il dispose \u00e9galement d\u2019un m\u00e9canisme <b>r\u00e9glable en inclinaison<\/b> permettant d\u2019adapter l\u2019inclinaison du dossier pour assurer un confort optimal en conduite et en position de repos. Il int\u00e8gre une <b>r\u00e9ductrice<\/b> id\u00e9ale pour les premiers mois, offrant un soutien ergonomique suppl\u00e9mentaire aux b\u00e9b\u00e9s, s\u2019ajustant \u00e0 leur anatomie pour une posture s\u00fbre et confortable. Sa couleur argent\u00e9e apporte une finition moderne et \u00e9l\u00e9gante, alliant fonctionnalit\u00e9 et esth\u00e9tique. La fabrication et les mat\u00e9riaux garantissent robustesse et durabilit\u00e9, tandis que son syst\u00e8me de fixation est compatible avec Isofix, assurant une installation stable et s\u00e9curis\u00e9e. Ce si\u00e8ge accompagne l\u2019enfant \u00e0 chaque \u00e9tape de sa croissance sans changer de mod\u00e8le, constituant une solution pratique et \u00e9conomique pour les familles. En r\u00e9sum\u00e9, le si\u00e8ge auto Chicco EVERONE allie s\u00e9curit\u00e9, polyvalence et confort pour prot\u00e9ger les petits passagers lors de tous les trajets.<\/p>\n<ul>\n<li>Homologu\u00e9: ECE R129\/04<\/li>\n<li>Caract\u00e9ristiques:\n<ul>\n<li>Inclinable<\/li>\n<li>rotative<\/li>\n<\/ul>\n<\/li>\n<\/ul>","protected":false},"excerpt":{"rendered":"<p>Si vous \u00eates \u00e0 la recherche de nouvelles tendances sur le march\u00e9, nous vous pr\u00e9sentons Si\u00e8ge de Voiture Chicco ECE R129\/04 ! Le si\u00e8ge auto Chicco EVERONE est un si\u00e8ge enfant multifonction con\u00e7u pour offrir s\u00e9curit\u00e9 et confort de la naissance jusqu\u2019\u00e0 environ 12 ans, couvrant les groupes 0\/1\/2\/3 et conforme \u00e0 la norme I-Size, [&hellip;]<\/p>\n","protected":false},"featured_media":30070,"comment_status":"open","ping_status":"closed","template":"","meta":[],"product_brand":[998],"product_cat":[750,251,157],"product_tag":[59,164],"class_list":{"0":"post-30076","1":"product","2":"type-product","3":"status-publish","4":"has-post-thumbnail","6":"product_brand-brandp_2092","7":"product_cat-balades-et-voyages","8":"product_cat-bebes-et-enfants","9":"product_cat-jouets-deguisements","10":"product_tag-tag_1304","11":"product_tag-tag_152","13":"first","14":"instock","15":"taxable","16":"shipping-taxable","17":"purchasable","18":"product-type-simple"},"_links":{"self":[{"href":"https:\/\/bigbuy.tupique.com\/pt\/wp-json\/wp\/v2\/product\/30076","targetHints":{"allow":["GET"]}}],"collection":[{"href":"https:\/\/bigbuy.tupique.com\/pt\/wp-json\/wp\/v2\/product"}],"about":[{"href":"https:\/\/bigbuy.tupique.com\/pt\/wp-json\/wp\/v2\/types\/product"}],"replies":[{"embeddable":true,"href":"https:\/\/bigbuy.tupique.com\/pt\/wp-json\/wp\/v2\/comments?post=30076"}],"wp:featuredmedia":[{"embeddable":true,"href":"https:\/\/bigbuy.tupique.com\/pt\/wp-json\/wp\/v2\/media\/30070"}],"wp:attachment":[{"href":"https:\/\/bigbuy.tupique.com\/pt\/wp-json\/wp\/v2\/media?parent=30076"}],"wp:term":[{"taxonomy":"product_brand","embeddable":true,"href":"https:\/\/bigbuy.tupique.com\/pt\/wp-json\/wp\/v2\/product_brand?post=30076"},{"taxonomy":"product_cat","embeddable":true,"href":"https:\/\/bigbuy.tupique.com\/pt\/wp-json\/wp\/v2\/product_cat?post=30076"},{"taxonomy":"product_tag","embeddable":true,"href":"https:\/\/bigbuy.tupique.com\/pt\/wp-json\/wp\/v2\/product_tag?post=30076"}],"curies":[{"name":"wp","href":"https:\/\/api.w.org\/{rel}","templated":true}]}}