{"id":30062,"date":"2026-03-30T01:49:44","date_gmt":"2026-03-30T00:49:44","guid":{"rendered":"https:\/\/bigbuy.tupique.com\/produto\/tablet-xiaomi-pad-7-112-octa-core-8-gb-ram-256-gb-grey\/"},"modified":"2026-04-15T04:45:15","modified_gmt":"2026-04-15T03:45:15","slug":"tablet-xiaomi-pad-7-112-octa-core-8-gb-ram-256-gb-grey","status":"publish","type":"product","link":"https:\/\/bigbuy.tupique.com\/pt\/produto\/tablet-xiaomi-pad-7-112-octa-core-8-gb-ram-256-gb-grey\/","title":{"rendered":"Tablette Xiaomi Pad 7 11,2&#8243; Octa Core 8 GB RAM 256 GB Gris"},"content":{"rendered":"<p>Si vous \u00eates passionn\u00e9 d&#8217;<b>informatique et d&#8217;\u00e9lectronique<\/b>, si vous \u00eates \u00e0 la pointe de la technologie et qu&#8217;aucun d\u00e9tail ne vous \u00e9chappe, achetez <b>Tablette Xiaomi Pad 7 11,2&#8243; Octa Core 8 GB RAM 256 GB Gris<\/b> au meilleur prix.<\/p>\n<p>La <b>Xiaomi Pad 7<\/b> est une <b>tablette<\/b> polyvalente et puissante qui se distingue par son \u00e9quilibre entre design moderne et haute performance, id\u00e9ale pour la productivit\u00e9 comme pour le divertissement. Dot\u00e9e d\u2019un <b>\u00e9cran tactile de 11,2 pouces<\/b> en gris, elle offre une exp\u00e9rience visuelle nette et immersive, parfaite pour regarder des contenus multim\u00e9dias, lire ou travailler. Disponible avec <b>8 Go de RAM<\/b> et au choix <b>128\u202fGo ou 256\u202fGo de stockage interne<\/b>, elle assure une grande fluidit\u00e9 pour les applications exigeantes et suffisamment d\u2019espace pour fichiers, documents et vid\u00e9os. Parmi ses fonctionnalit\u00e9s avanc\u00e9es figurent une <b>cam\u00e9ra frontale<\/b> pour les appels vid\u00e9o et selfies, ainsi que la <b>reconnaissance faciale<\/b> qui apporte confort et s\u00e9curit\u00e9 lors du d\u00e9verrouillage, sans oublier une connectivit\u00e9 moderne gr\u00e2ce au port <b>USB<\/b>. Son syst\u00e8me d\u2019exploitation optimise l\u2019utilisation des outils bureautiques, de lecture et de cr\u00e9ation, tandis que son profil fin et l\u00e9ger rend cette tablette facile \u00e0 transporter et \u00e0 utiliser partout. La Xiaomi Pad 7, compatible avec des accessoires et adapt\u00e9e aux besoins quotidiens et professionnels, constitue un excellent choix pour ceux qui recherchent un appareil flexible, moderne et performant dans le domaine technologique.<\/p>\n<ul>\n<li>Type: Tablette<\/li>\n<li>Type de prise: Prise EU<\/li>\n<li>Produit \u00e0 brancher: Oui<\/li>\n<li>Caract\u00e9ristiques:\n<ul>\n<li>Cam\u00e9ra frontale<\/li>\n<li>Reconnaissance faciale<\/li>\n<li>Haut-parleurs int\u00e9gr\u00e9s<\/li>\n<li>Chargement rapide<\/li>\n<li>Ecran tactile<\/li>\n<\/ul>\n<\/li>\n<li>Connectivit\u00e9:\n<ul>\n<li>Wi-Fi<\/li>\n<li>Wi-Fi 6E ghz<\/li>\n<li>Bluetooth<\/li>\n<\/ul>\n<\/li>\n<li>Son: Dolby Atmos<\/li>\n<li>Ecran:\n<ul>\n<li>11,2&#8243;<\/li>\n<li>11&#8243;<\/li>\n<\/ul>\n<\/li>\n<li>Rapport d&#8217;aspect:\n<ul>\n<li>3:2<\/li>\n<li>16:9<\/li>\n<\/ul>\n<\/li>\n<li>M\u00e9moire interne:\n<ul>\n<li>128 GB<\/li>\n<li>256 GB<\/li>\n<\/ul>\n<\/li>\n<li>Noyaux: 8 Noyaux<\/li>\n<li>Famille de processeurs: Qualcomm Snapdragon<\/li>\n<li>Diagonale de l&#8217;\u00e9cran (cm):\n<ul>\n<li>28,4 cm<\/li>\n<li>27,9 cm<\/li>\n<\/ul>\n<\/li>\n<li>M\u00e9moire RAM: 8 GB RAM<\/li>\n<li>Processeur:\n<ul>\n<li>Octa Core<\/li>\n<li>Qualcomm Snapdragon 7 Gen 3<\/li>\n<li>Qualcomm Snapdragon<\/li>\n<\/ul>\n<\/li>\n<li>Bloc d\u2019Alimentation: r\u00e9seau \u00e9lectrique<\/li>\n<li>Technologie:\n<ul>\n<li>IPS<\/li>\n<li>IPS LCD<\/li>\n<li>AMOLED<\/li>\n<\/ul>\n<\/li>\n<li>Indice de r\u00e9parabilit\u00e9: 8.1<\/li>\n<li>Syst\u00e8me d&#8217;exploitation: Android<\/li>\n<li>Cam\u00e9ra\/Appareil Photo:\n<ul>\n<li>8 mpx<\/li>\n<li>13 mpx<\/li>\n<\/ul>\n<\/li>\n<li>Connexions:\n<ul>\n<li>USB-C<\/li>\n<li>USB<\/li>\n<li>Dual SIM<\/li>\n<\/ul>\n<\/li>\n<li>Couleur: Gris<\/li>\n<li>Facteur de forme: Bar<\/li>\n<li>Autonomie approx.: 12 heures<\/li>\n<\/ul>","protected":false},"excerpt":{"rendered":"<p>Si vous \u00eates passionn\u00e9 d&#8217;informatique et d&#8217;\u00e9lectronique, si vous \u00eates \u00e0 la pointe de la technologie et qu&#8217;aucun d\u00e9tail ne vous \u00e9chappe, achetez Tablette Xiaomi Pad 7 11,2&#8243; Octa Core 8 GB RAM 256 GB Gris au meilleur prix. La Xiaomi Pad 7 est une tablette polyvalente et puissante qui se distingue par son \u00e9quilibre [&hellip;]<\/p>\n","protected":false},"featured_media":56399,"comment_status":"open","ping_status":"closed","template":"","meta":[],"product_brand":[525],"product_cat":[575,65,1052],"product_tag":[104,566,106],"class_list":{"0":"post-30062","1":"product","2":"type-product","3":"status-publish","4":"has-post-thumbnail","6":"product_brand-brandp_1269","7":"product_cat-electronique-telephonie-et-tablettes","8":"product_cat-informatique-electronique","9":"product_cat-tablettes","10":"product_tag-tag_1279","11":"product_tag-tag_547","12":"product_tag-tag_1295","14":"first","15":"instock","16":"taxable","17":"shipping-taxable","18":"purchasable","19":"product-type-simple"},"_links":{"self":[{"href":"https:\/\/bigbuy.tupique.com\/pt\/wp-json\/wp\/v2\/product\/30062","targetHints":{"allow":["GET"]}}],"collection":[{"href":"https:\/\/bigbuy.tupique.com\/pt\/wp-json\/wp\/v2\/product"}],"about":[{"href":"https:\/\/bigbuy.tupique.com\/pt\/wp-json\/wp\/v2\/types\/product"}],"replies":[{"embeddable":true,"href":"https:\/\/bigbuy.tupique.com\/pt\/wp-json\/wp\/v2\/comments?post=30062"}],"wp:featuredmedia":[{"embeddable":true,"href":"https:\/\/bigbuy.tupique.com\/pt\/wp-json\/wp\/v2\/media\/56399"}],"wp:attachment":[{"href":"https:\/\/bigbuy.tupique.com\/pt\/wp-json\/wp\/v2\/media?parent=30062"}],"wp:term":[{"taxonomy":"product_brand","embeddable":true,"href":"https:\/\/bigbuy.tupique.com\/pt\/wp-json\/wp\/v2\/product_brand?post=30062"},{"taxonomy":"product_cat","embeddable":true,"href":"https:\/\/bigbuy.tupique.com\/pt\/wp-json\/wp\/v2\/product_cat?post=30062"},{"taxonomy":"product_tag","embeddable":true,"href":"https:\/\/bigbuy.tupique.com\/pt\/wp-json\/wp\/v2\/product_tag?post=30062"}],"curies":[{"name":"wp","href":"https:\/\/api.w.org\/{rel}","templated":true}]}}