{"id":30018,"date":"2026-03-30T01:48:34","date_gmt":"2026-03-30T00:48:34","guid":{"rendered":"https:\/\/bigbuy.tupique.com\/produto\/atx-mini-tower-box-case-fractal-silver\/"},"modified":"2026-04-16T18:10:52","modified_gmt":"2026-04-16T17:10:52","slug":"atx-mini-tower-box-case-fractal-silver","status":"publish","type":"product","link":"https:\/\/bigbuy.tupique.com\/pt\/produto\/atx-mini-tower-box-case-fractal-silver\/","title":{"rendered":"Bo\u00eetier mini-tour Micro ATX \/ ITX Fractal Argent\u00e9"},"content":{"rendered":"<p>Si vous \u00eates passionn\u00e9 d&#8217;<b>informatique et d&#8217;\u00e9lectronique<\/b>, si vous \u00eates \u00e0 la pointe de la technologie et qu&#8217;aucun d\u00e9tail ne vous \u00e9chappe, achetez <b>Bo\u00eetier mini-tour Micro ATX \/ ITX Fractal Argent\u00e9<\/b> au meilleur prix.<\/p>\n<p>Le <b>bo\u00eetier mini tour Era 2<\/b> de <b>Fractal<\/b> est sp\u00e9cialement con\u00e7u pour accueillir des configurations compactes avec des cartes m\u00e8res au format <b>Micro ATX et ITX<\/b>, offrant une solution efficace pour les PC n\u00e9cessitant un format r\u00e9duit sans sacrifier la fonctionnalit\u00e9. Ce bo\u00eetier se distingue par sa structure en <b>aluminium<\/b> de haute qualit\u00e9 avec une finition en tons <b>gris et argent\u00e9<\/b>, apportant un aspect moderne et sobre ainsi qu\u2019une grande durabilit\u00e9 et l\u00e9g\u00e8ret\u00e9. Son design <b>mini-tour<\/b> est compatible avec les alimentations de type <b>SFX et SFX-L<\/b>, facilitant l\u2019int\u00e9gration de composants performants dans un espace restreint. C\u00f4t\u00e9 connectivit\u00e9, l\u2019Era 2 inclut un port <b>USB 3.2 Gen 2&#215;2 Type-C<\/b> et deux ports <b>USB 3.0<\/b>, assurant des transferts rapides et la prise en charge de p\u00e9riph\u00e9riques modernes et classiques, ainsi que des connexions <b>USB 2.0<\/b> pour les accessoires basiques. Ce mod\u00e8le met l\u2019accent sur l\u2019\u00e9quilibre entre esth\u00e9tique et fonctionnalit\u00e9, gr\u00e2ce \u00e0 sa construction compacte qui permet une gestion efficace du flux d\u2019air et une installation simple des composants internes, tout en conservant un profil \u00e9l\u00e9gant id\u00e9al pour les environnements de travail ou gaming exigeant un encombrement r\u00e9duit sans compromis sur la qualit\u00e9. En r\u00e9sum\u00e9, le <b>bo\u00eetier PC Fractal Era 2<\/b> s\u2019impose comme une option polyvalente et raffin\u00e9e pour les utilisateurs recherchant une solution minimaliste, avec d\u2019excellentes options de connectivit\u00e9 et une finition aluminium premium garantissant fiabilit\u00e9 et style dans des configurations compactes.<\/p>\n<ul>\n<li>Type:\n<ul>\n<li>Bo\u00eetier ATX semi-tour<\/li>\n<li>PC<\/li>\n<\/ul>\n<\/li>\n<li>USB 2.0: 2<\/li>\n<li>Mati\u00e8re: Aluminium<\/li>\n<li>Connexions:\n<ul>\n<li>USB 2.0<\/li>\n<li>USB-C 3.2 Gen 2 (3.1 Gen 2)<\/li>\n<li>C\u00e2ble jack 3,3 mm<\/li>\n<\/ul>\n<\/li>\n<li>Couleur: Argent\u00e9<\/li>\n<li>Facteur de forme: Mini-Tower<\/li>\n<\/ul>","protected":false},"excerpt":{"rendered":"<p>Si vous \u00eates passionn\u00e9 d&#8217;informatique et d&#8217;\u00e9lectronique, si vous \u00eates \u00e0 la pointe de la technologie et qu&#8217;aucun d\u00e9tail ne vous \u00e9chappe, achetez Bo\u00eetier mini-tour Micro ATX \/ ITX Fractal Argent\u00e9 au meilleur prix. Le bo\u00eetier mini tour Era 2 de Fractal est sp\u00e9cialement con\u00e7u pour accueillir des configurations compactes avec des cartes m\u00e8res au [&hellip;]<\/p>\n","protected":false},"featured_media":29999,"comment_status":"open","ping_status":"closed","template":"","meta":[],"product_brand":[850],"product_cat":[615,65,584],"product_tag":[59,106],"class_list":{"0":"post-30018","1":"product","2":"type-product","3":"status-publish","4":"has-post-thumbnail","6":"product_brand-brandp_6143","7":"product_cat-boitiers-et-caisses","8":"product_cat-informatique-electronique","9":"product_cat-informatique-reseaux-et-composants","10":"product_tag-tag_1304","11":"product_tag-tag_1295","13":"first","14":"instock","15":"taxable","16":"shipping-taxable","17":"purchasable","18":"product-type-simple"},"_links":{"self":[{"href":"https:\/\/bigbuy.tupique.com\/pt\/wp-json\/wp\/v2\/product\/30018","targetHints":{"allow":["GET"]}}],"collection":[{"href":"https:\/\/bigbuy.tupique.com\/pt\/wp-json\/wp\/v2\/product"}],"about":[{"href":"https:\/\/bigbuy.tupique.com\/pt\/wp-json\/wp\/v2\/types\/product"}],"replies":[{"embeddable":true,"href":"https:\/\/bigbuy.tupique.com\/pt\/wp-json\/wp\/v2\/comments?post=30018"}],"wp:featuredmedia":[{"embeddable":true,"href":"https:\/\/bigbuy.tupique.com\/pt\/wp-json\/wp\/v2\/media\/29999"}],"wp:attachment":[{"href":"https:\/\/bigbuy.tupique.com\/pt\/wp-json\/wp\/v2\/media?parent=30018"}],"wp:term":[{"taxonomy":"product_brand","embeddable":true,"href":"https:\/\/bigbuy.tupique.com\/pt\/wp-json\/wp\/v2\/product_brand?post=30018"},{"taxonomy":"product_cat","embeddable":true,"href":"https:\/\/bigbuy.tupique.com\/pt\/wp-json\/wp\/v2\/product_cat?post=30018"},{"taxonomy":"product_tag","embeddable":true,"href":"https:\/\/bigbuy.tupique.com\/pt\/wp-json\/wp\/v2\/product_tag?post=30018"}],"curies":[{"name":"wp","href":"https:\/\/api.w.org\/{rel}","templated":true}]}}