{"id":29978,"date":"2026-03-30T01:47:29","date_gmt":"2026-03-30T00:47:29","guid":{"rendered":"https:\/\/bigbuy.tupique.com\/produto\/drone-dji-2\/"},"modified":"2026-04-16T17:51:52","modified_gmt":"2026-04-16T16:51:52","slug":"drone-dji-2","status":"publish","type":"product","link":"https:\/\/bigbuy.tupique.com\/pt\/produto\/drone-dji-2\/","title":{"rendered":"Drone Dji"},"content":{"rendered":"<p>Si vous \u00eates \u00e0 la recherche de nouvelles tendances sur le march\u00e9, nous vous pr\u00e9sentons <b>Drone Dji<\/b> !<\/p>\n<p>Le <b>drone<\/b> ultracompact <b>DJI Neo Fly More Combo<\/b> est une solution avanc\u00e9e et l\u00e9g\u00e8re avec un poids total de seulement <b>135 grammes<\/b>, facilitant son transport et sa maniabilit\u00e9. Cet appareil, fabriqu\u00e9 en <b>Chine<\/b> et pr\u00e9sent\u00e9 dans un \u00e9l\u00e9gant <b>coloris blanc<\/b>, int\u00e8gre une technologie de positionnement global par <b>GPS<\/b>, permettant des vols stables et pr\u00e9cis, facilitant la navigation m\u00eame en ext\u00e9rieur. Pour la connectivit\u00e9 et le contr\u00f4le \u00e0 distance, il inclut des fonctions <b>Bluetooth<\/b> et <b>Wi-Fi<\/b>, optimisant l\u2019interaction avec les appareils mobiles et la transmission en temps r\u00e9el de vid\u00e9os ou donn\u00e9es. Son syst\u00e8me d\u2019exploitation et son design \u00e9lectrique reposent sur une <b>batterie rechargeable<\/b> incluse, assurant une autonomie suffisante pour des sessions de vol prolong\u00e9es sans remplacement fr\u00e9quent. Le kit &#8220;Fly More Combo&#8221; ajoute des accessoires essentiels, \u00e9largissant la fonctionnalit\u00e9 et le confort de l\u2019utilisateur lors du pilotage et de la capture d\u2019images. Sa capacit\u00e9 \u00e0 r\u00e9aliser des enregistrements et photos de qualit\u00e9 cin\u00e9matographique constitue un atout majeur, id\u00e9al pour les cr\u00e9ateurs de contenu et passionn\u00e9s recherchant des r\u00e9sultats professionnels dans un format compact et portable. L\u2019association de technologies avanc\u00e9es et d\u2019un design l\u00e9ger fait du DJI Neo une option pratique et polyvalente sur le march\u00e9 des drones pour amateurs et professionnels cherchant un \u00e9quilibre entre taille, fonctionnalit\u00e9s et pr\u00e9cision.<\/p>\n<ul>\n<li>Pays \/ r\u00e9gion de fabrication: Chine<\/li>\n<li>Couleur: Blanc<\/li>\n<li>Caract\u00e9ristiques: GPS<\/li>\n<li>Connectivit\u00e9:\n<ul>\n<li>Bluetooth<\/li>\n<li>Wi-Fi<\/li>\n<\/ul>\n<\/li>\n<li>Bloc d\u2019Alimentation: Batterie<\/li>\n<li>Piles incluses: Oui<\/li>\n<li>puissance: 65 W<\/li>\n<li>Batterie: Oui<\/li>\n<li>Inclut: Chargeur<\/li>\n<li>Type de batterie: Litio Ion<\/li>\n<\/ul>","protected":false},"excerpt":{"rendered":"<p>Si vous \u00eates \u00e0 la recherche de nouvelles tendances sur le march\u00e9, nous vous pr\u00e9sentons Drone Dji ! Le drone ultracompact DJI Neo Fly More Combo est une solution avanc\u00e9e et l\u00e9g\u00e8re avec un poids total de seulement 135 grammes, facilitant son transport et sa maniabilit\u00e9. Cet appareil, fabriqu\u00e9 en Chine et pr\u00e9sent\u00e9 dans un [&hellip;]<\/p>\n","protected":false},"featured_media":194679,"comment_status":"open","ping_status":"closed","template":"","meta":[],"product_brand":[1240],"product_cat":[1277,609,65],"product_tag":[57,567,59],"class_list":{"0":"post-29978","1":"product","2":"type-product","3":"status-publish","4":"has-post-thumbnail","6":"product_brand-brandp_9678","7":"product_cat-drones-et-robots","8":"product_cat-electronique-jouets-electroniques","9":"product_cat-informatique-electronique","10":"product_tag-tag_1275","11":"product_tag-tag_556","12":"product_tag-tag_1304","14":"first","15":"instock","16":"taxable","17":"shipping-taxable","18":"purchasable","19":"product-type-simple"},"_links":{"self":[{"href":"https:\/\/bigbuy.tupique.com\/pt\/wp-json\/wp\/v2\/product\/29978","targetHints":{"allow":["GET"]}}],"collection":[{"href":"https:\/\/bigbuy.tupique.com\/pt\/wp-json\/wp\/v2\/product"}],"about":[{"href":"https:\/\/bigbuy.tupique.com\/pt\/wp-json\/wp\/v2\/types\/product"}],"replies":[{"embeddable":true,"href":"https:\/\/bigbuy.tupique.com\/pt\/wp-json\/wp\/v2\/comments?post=29978"}],"wp:featuredmedia":[{"embeddable":true,"href":"https:\/\/bigbuy.tupique.com\/pt\/wp-json\/wp\/v2\/media\/194679"}],"wp:attachment":[{"href":"https:\/\/bigbuy.tupique.com\/pt\/wp-json\/wp\/v2\/media?parent=29978"}],"wp:term":[{"taxonomy":"product_brand","embeddable":true,"href":"https:\/\/bigbuy.tupique.com\/pt\/wp-json\/wp\/v2\/product_brand?post=29978"},{"taxonomy":"product_cat","embeddable":true,"href":"https:\/\/bigbuy.tupique.com\/pt\/wp-json\/wp\/v2\/product_cat?post=29978"},{"taxonomy":"product_tag","embeddable":true,"href":"https:\/\/bigbuy.tupique.com\/pt\/wp-json\/wp\/v2\/product_tag?post=29978"}],"curies":[{"name":"wp","href":"https:\/\/api.w.org\/{rel}","templated":true}]}}