{"id":29912,"date":"2026-03-30T01:45:47","date_gmt":"2026-03-30T00:45:47","guid":{"rendered":"https:\/\/bigbuy.tupique.com\/produto\/childrens-play-house-smoby-2\/"},"modified":"2026-04-15T04:33:41","modified_gmt":"2026-04-15T03:33:41","slug":"childrens-play-house-smoby-2","status":"publish","type":"product","link":"https:\/\/bigbuy.tupique.com\/pt\/produto\/childrens-play-house-smoby-2\/","title":{"rendered":"Maison de jeux pour enfants Smoby"},"content":{"rendered":"<p>Les enfants m\u00e9ritent ce qu\u2019il y a de mieux, nous vous pr\u00e9sentons donc <b>Maison de jeux pour enfants Smoby<\/b>, id\u00e9al pour ceux qui cherchent des produits de qualit\u00e9 pour les plus petits ! Procurez-vous <b>Smoby<\/b> aux meilleurs prix !<\/p>\n<p>La <b>maison de jeu pour enfants<\/b> de la marque <b>Smoby<\/b> est con\u00e7ue pour offrir aux plus petits un espace s\u00fbr et stimulant o\u00f9 d\u00e9velopper leur cr\u00e9ativit\u00e9 et leurs comp\u00e9tences sociales. Enti\u00e8rement fabriqu\u00e9e en <b>plastique r\u00e9sistant<\/b>, cette maison se distingue par sa combinaison de couleurs <b>verte et multicolore<\/b>, la rendant visuellement attrayante et adapt\u00e9e aux environnements int\u00e9rieurs et ext\u00e9rieurs. Sa structure permet aux enfants d\u2019interagir et de jouer librement, favorisant le jeu symbolique et l\u2019imagination. Elle est recommand\u00e9e pour les enfants \u00e0 partir de <b>2 ans<\/b>, avec un focus particulier sur la tranche d\u2019\u00e2ge <b>3 ans et plus<\/b>, garantissant que ses dimensions et son design r\u00e9pondent aux besoins des jeunes enfants, soutenant le d\u00e9veloppement moteur et la socialisation. Cette maison enfantine repr\u00e9sente une solution pratique et durable pour ceux qui recherchent un produit alliant fonctionnalit\u00e9 et plaisir, tout en pla\u00e7ant la s\u00e9curit\u00e9 en priorit\u00e9. En somme, elle constitue une option id\u00e9ale pour que les enfants profitent de leur temps de jeu dans un cadre polyvalent et color\u00e9.<\/p>\n<ul>\n<li>Type:\n<ul>\n<li>Maison de jeux pour enfants<\/li>\n<li>\u00c0 pied<\/li>\n<\/ul>\n<\/li>\n<li>N\u00e9cessite un montage: Non<\/li>\n<li>Manuel d\u2019utilisation: ES-PT<\/li>\n<li>Lumi\u00e8res: Non<\/li>\n<li>Son: Non<\/li>\n<li>Couleur: Multicouleur<\/li>\n<li>Compatible avec: Ext\u00e9rieur<\/li>\n<li>\u00c2ge recommand\u00e9: + 2 Ans<\/li>\n<\/ul>\n<p>AVERTISSEMENTS: Convient pour un usage domestique.<\/p>","protected":false},"excerpt":{"rendered":"<p>Les enfants m\u00e9ritent ce qu\u2019il y a de mieux, nous vous pr\u00e9sentons donc Maison de jeux pour enfants Smoby, id\u00e9al pour ceux qui cherchent des produits de qualit\u00e9 pour les plus petits ! Procurez-vous Smoby aux meilleurs prix ! La maison de jeu pour enfants de la marque Smoby est con\u00e7ue pour offrir aux plus [&hellip;]<\/p>\n","protected":false},"featured_media":29900,"comment_status":"open","ping_status":"closed","template":"","meta":[],"product_brand":[1233],"product_cat":[1217,157,158],"product_tag":[57,211],"class_list":{"0":"post-29912","1":"product","2":"type-product","3":"status-publish","4":"has-post-thumbnail","6":"product_brand-brandp_1931","7":"product_cat-jouer-a-l-exterieur","8":"product_cat-jouets-deguisements","9":"product_cat-jouets-et-jeux","10":"product_tag-tag_1275","11":"product_tag-tag_3","13":"first","14":"instock","15":"taxable","16":"shipping-taxable","17":"purchasable","18":"product-type-simple"},"_links":{"self":[{"href":"https:\/\/bigbuy.tupique.com\/pt\/wp-json\/wp\/v2\/product\/29912","targetHints":{"allow":["GET"]}}],"collection":[{"href":"https:\/\/bigbuy.tupique.com\/pt\/wp-json\/wp\/v2\/product"}],"about":[{"href":"https:\/\/bigbuy.tupique.com\/pt\/wp-json\/wp\/v2\/types\/product"}],"replies":[{"embeddable":true,"href":"https:\/\/bigbuy.tupique.com\/pt\/wp-json\/wp\/v2\/comments?post=29912"}],"wp:featuredmedia":[{"embeddable":true,"href":"https:\/\/bigbuy.tupique.com\/pt\/wp-json\/wp\/v2\/media\/29900"}],"wp:attachment":[{"href":"https:\/\/bigbuy.tupique.com\/pt\/wp-json\/wp\/v2\/media?parent=29912"}],"wp:term":[{"taxonomy":"product_brand","embeddable":true,"href":"https:\/\/bigbuy.tupique.com\/pt\/wp-json\/wp\/v2\/product_brand?post=29912"},{"taxonomy":"product_cat","embeddable":true,"href":"https:\/\/bigbuy.tupique.com\/pt\/wp-json\/wp\/v2\/product_cat?post=29912"},{"taxonomy":"product_tag","embeddable":true,"href":"https:\/\/bigbuy.tupique.com\/pt\/wp-json\/wp\/v2\/product_tag?post=29912"}],"curies":[{"name":"wp","href":"https:\/\/api.w.org\/{rel}","templated":true}]}}