{"id":29706,"date":"2026-03-30T01:30:54","date_gmt":"2026-03-30T00:30:54","guid":{"rendered":"https:\/\/bigbuy.tupique.com\/produto\/uninterruptible-power-supply-system-interactive-ups-apc-srv3ki-e-2700-w\/"},"modified":"2026-04-16T09:17:18","modified_gmt":"2026-04-16T08:17:18","slug":"uninterruptible-power-supply-system-interactive-ups-apc-srv3ki-e-2700-w","status":"publish","type":"product","link":"https:\/\/bigbuy.tupique.com\/pt\/produto\/uninterruptible-power-supply-system-interactive-ups-apc-srv3ki-e-2700-w\/","title":{"rendered":"Syst\u00e8me d&#8217;Alimentation Sans Interruption Interactif APC SRV3KI-E 2700 W"},"content":{"rendered":"<p>Si vous \u00eates passionn\u00e9 d&#8217;<b>informatique et d&#8217;\u00e9lectronique<\/b>, si vous \u00eates \u00e0 la pointe de la technologie et qu&#8217;aucun d\u00e9tail ne vous \u00e9chappe, achetez <b>Syst\u00e8me d&#8217;Alimentation Sans Interruption Interactif APC SRV3KI-E 2700 W<\/b> au meilleur prix.<\/p>\n<p>Le <b>SRV3KI-E<\/b> d\u2019APC est un <b>onduleur interactif<\/b> professionnel con\u00e7u pour prot\u00e9ger les syst\u00e8mes critiques contre les coupures de courant, se distinguant par sa <b>puissance de 2700 W<\/b> et sa technologie avanc\u00e9e. Ce mod\u00e8le int\u00e8gre une <b>batterie VRLA (plomb-acide r\u00e9gul\u00e9e par valve)<\/b>, reconnue pour sa fiabilit\u00e9 et sa durabilit\u00e9 dans les applications exigeantes de secours \u00e9nerg\u00e9tique. Son <b>\u00e9cran LCD<\/b> fournit des informations claires et en temps r\u00e9el sur l\u2019\u00e9tat de fonctionnement, facilitant le contr\u00f4le et la gestion directe des param\u00e8tres principaux. L\u2019appareil pr\u00e9sente un design <b>noir<\/b>, dispose d\u2019indicateurs de surcharge et de connexions standard telles que <b>sorties type C13<\/b>, ainsi qu\u2019une compatibilit\u00e9 avec les connecteurs C19, permettant son int\u00e9gration dans divers environnements informatiques et professionnels. Il prend en charge des tensions d\u2019entr\u00e9e de <b>220 V et 110 V<\/b>, assurant une grande polyvalence aussi bien dans les petites salles serveurs que dans les r\u00e9seaux domestiques avanc\u00e9s. De plus, son interface USB permet la connexion \u00e0 des syst\u00e8mes de surveillance et de gestion \u00e0 distance, tandis que la batterie se recharge compl\u00e8tement en seulement 4 heures, maintenant l\u2019op\u00e9rabilit\u00e9 lors de coupures prolong\u00e9es. Ses dimensions compactes \u2014 190 mm de largeur, 425 mm de profondeur et 336 mm de hauteur \u2014 le rendent adapt\u00e9 aux espaces techniques o\u00f9 l\u2019optimisation de l\u2019espace est essentielle. L\u2019APC SRV3KI-E s\u2019impose comme une solution efficace et fiable pour la protection \u00e9lectrique des infrastructures sensibles et des syst\u00e8mes informatiques n\u00e9cessitant continuit\u00e9 et s\u00e9curit\u00e9 \u00e9nerg\u00e9tique.<\/p>\n<ul>\n<li>Produit \u00e0 brancher: Oui<\/li>\n<li>Type de prise: Prise EU<\/li>\n<li>Type:\n<ul>\n<li>Syst\u00e8me d&#8217;Alimentation Sans Interruption Interactif<\/li>\n<li>C13<\/li>\n<\/ul>\n<\/li>\n<li>Bloc d\u2019Alimentation:\n<ul>\n<li>r\u00e9seau \u00e9lectrique<\/li>\n<li>AC<\/li>\n<\/ul>\n<\/li>\n<li>Couleur: Noir<\/li>\n<li>Largeur: 190 mm<\/li>\n<li>puissance: 2700 W<\/li>\n<li>Technologie:\n<ul>\n<li>VRLA<\/li>\n<li>LCD<\/li>\n<\/ul>\n<\/li>\n<li>Longueur du c\u00e2ble: 1,5 m<\/li>\n<li>Fr\u00e9quence: 50\/60 Hz<\/li>\n<li>Niveau sonore: 50 dB<\/li>\n<li>Caract\u00e9ristiques: Indicateur de surcharge<\/li>\n<li>Connexions:\n<ul>\n<li>USB<\/li>\n<li>RJ45<\/li>\n<\/ul>\n<\/li>\n<li>Tension:\n<ul>\n<li>220 V<\/li>\n<li>110 V<\/li>\n<li>240 V<\/li>\n<\/ul>\n<\/li>\n<li>Tension de sortie: 240 V<\/li>\n<li>Classification IP: IP20<\/li>\n<li>Temps de charge approx.: 4 heures<\/li>\n<\/ul>","protected":false},"excerpt":{"rendered":"<p>Si vous \u00eates passionn\u00e9 d&#8217;informatique et d&#8217;\u00e9lectronique, si vous \u00eates \u00e0 la pointe de la technologie et qu&#8217;aucun d\u00e9tail ne vous \u00e9chappe, achetez Syst\u00e8me d&#8217;Alimentation Sans Interruption Interactif APC SRV3KI-E 2700 W au meilleur prix. Le SRV3KI-E d\u2019APC est un onduleur interactif professionnel con\u00e7u pour prot\u00e9ger les syst\u00e8mes critiques contre les coupures de courant, se [&hellip;]<\/p>\n","protected":false},"featured_media":29702,"comment_status":"open","ping_status":"closed","template":"","meta":[],"product_brand":[649],"product_cat":[65,581,603],"product_tag":[106],"class_list":{"0":"post-29706","1":"product","2":"type-product","3":"status-publish","4":"has-post-thumbnail","6":"product_brand-brandp_532","7":"product_cat-informatique-electronique","8":"product_cat-informatique-peripheriques-et-consommables","9":"product_cat-ups","10":"product_tag-tag_1295","12":"first","13":"instock","14":"taxable","15":"shipping-taxable","16":"purchasable","17":"product-type-simple"},"_links":{"self":[{"href":"https:\/\/bigbuy.tupique.com\/pt\/wp-json\/wp\/v2\/product\/29706","targetHints":{"allow":["GET"]}}],"collection":[{"href":"https:\/\/bigbuy.tupique.com\/pt\/wp-json\/wp\/v2\/product"}],"about":[{"href":"https:\/\/bigbuy.tupique.com\/pt\/wp-json\/wp\/v2\/types\/product"}],"replies":[{"embeddable":true,"href":"https:\/\/bigbuy.tupique.com\/pt\/wp-json\/wp\/v2\/comments?post=29706"}],"wp:featuredmedia":[{"embeddable":true,"href":"https:\/\/bigbuy.tupique.com\/pt\/wp-json\/wp\/v2\/media\/29702"}],"wp:attachment":[{"href":"https:\/\/bigbuy.tupique.com\/pt\/wp-json\/wp\/v2\/media?parent=29706"}],"wp:term":[{"taxonomy":"product_brand","embeddable":true,"href":"https:\/\/bigbuy.tupique.com\/pt\/wp-json\/wp\/v2\/product_brand?post=29706"},{"taxonomy":"product_cat","embeddable":true,"href":"https:\/\/bigbuy.tupique.com\/pt\/wp-json\/wp\/v2\/product_cat?post=29706"},{"taxonomy":"product_tag","embeddable":true,"href":"https:\/\/bigbuy.tupique.com\/pt\/wp-json\/wp\/v2\/product_tag?post=29706"}],"curies":[{"name":"wp","href":"https:\/\/api.w.org\/{rel}","templated":true}]}}