{"id":29411,"date":"2026-03-30T01:12:38","date_gmt":"2026-03-30T00:12:38","guid":{"rendered":"https:\/\/bigbuy.tupique.com\/produto\/smartphone-apple-iphone-16e-61-hexa-core-8-gb-ram-256-gb-black\/"},"modified":"2026-05-11T19:55:31","modified_gmt":"2026-05-11T17:55:31","slug":"smartphone-apple-iphone-16e-61-hexa-core-8-gb-ram-256-gb-black","status":"publish","type":"product","link":"https:\/\/bigbuy.tupique.com\/pt\/produto\/smartphone-apple-iphone-16e-61-hexa-core-8-gb-ram-256-gb-black\/","title":{"rendered":"Smartphone Apple iPhone 16e 6,1&#8243; Hexa Core 8 GB RAM 256 GB Noir"},"content":{"rendered":"<p>Si vous \u00eates passionn\u00e9 d&#8217;<b>informatique et d&#8217;\u00e9lectronique<\/b>, si vous \u00eates \u00e0 la pointe de la technologie et qu&#8217;aucun d\u00e9tail ne vous \u00e9chappe, achetez <b>Smartphone Apple iPhone 16e 6,1&#8243; Hexa Core 8 GB RAM 256 GB Noir<\/b> au meilleur prix.<\/p>\n<p>L\u2019<b>iPhone 16E<\/b> d\u2019Apple est un <b>smartphone<\/b> avanc\u00e9 qui associe un design \u00e9l\u00e9gant en <b>noir<\/b> \u00e0 des sp\u00e9cifications ax\u00e9es sur la performance et l\u2019exp\u00e9rience utilisateur. Il int\u00e8gre <b>8 Go de m\u00e9moire RAM<\/b>, assurant un multit\u00e2che fluide et la capacit\u00e9 de faire tourner des applications exigeantes, que ce soit pour la productivit\u00e9 ou le divertissement. Son <b>\u00e9cran de 6,1 pouces<\/b> offre une haute d\u00e9finition, id\u00e9al pour naviguer, jouer ou profiter de contenus multim\u00e9dias avec des d\u00e9tails et un contraste am\u00e9lior\u00e9s. Il dispose de <b>256 Go de stockage interne<\/b>, suffisant pour conserver une vaste biblioth\u00e8que de photos, vid\u00e9os et applications sans se soucier de l\u2019espace. La pr\u00e9sence du <b>GPS int\u00e9gr\u00e9<\/b> facilite la navigation et l\u2019utilisation de services bas\u00e9s sur la localisation, tandis que le <b>barom\u00e8tre<\/b> et le capteur de lumi\u00e8re ambiante ajoutent des capacit\u00e9s avanc\u00e9es de d\u00e9tection et d\u2019adaptation selon les situations. De plus, l\u2019appareil prend en charge des fonctions modernes telles que le <b>MMS<\/b> et l\u2019<b>appel vid\u00e9o<\/b>, \u00e9largissant les options de communication. Les syst\u00e8mes de s\u00e9curit\u00e9 habituels comme la reconnaissance faciale, propres \u00e0 la marque, offrent un acc\u00e8s rapide et s\u00e9curis\u00e9. L\u2019efficacit\u00e9 de son mat\u00e9riel et de son syst\u00e8me d\u2019exploitation s\u2019allie \u00e0 une construction en mat\u00e9riaux r\u00e9sistants, maintenant la qualit\u00e9 et la durabilit\u00e9 caract\u00e9ristiques d\u2019Apple. L\u2019<b>iPhone 16E<\/b> constitue ainsi un choix solide pour ceux qui recherchent un smartphone fiable, puissant et dot\u00e9 des derni\u00e8res technologies essentielles du march\u00e9.<\/p>\n<ul>\n<li>Diagonale de l&#8217;\u00e9cran (cm): 15,5 cm<\/li>\n<li>Produit \u00e0 brancher: Oui<\/li>\n<li>Type: Smartphone<\/li>\n<li>Bloc d\u2019Alimentation:\n<ul>\n<li>r\u00e9seau \u00e9lectrique<\/li>\n<li>USB<\/li>\n<\/ul>\n<\/li>\n<li>Type de prise: Prise EU<\/li>\n<li>Indice de r\u00e9parabilit\u00e9: 7.9<\/li>\n<li>Capacit\u00e9 de la batterie: 3279 mAh<\/li>\n<li>Ecran: 6,1&#8243;<\/li>\n<li>Syst\u00e8me d&#8217;exploitation: iOS<\/li>\n<li>puissance: 20 W<\/li>\n<li>Connectivit\u00e9:\n<ul>\n<li>NFC<\/li>\n<li>Bluetooth<\/li>\n<li>Wi-Fi<\/li>\n<li>BeiDou<\/li>\n<li>5G<\/li>\n<li>Positionnement de Wi-Fi<\/li>\n<li>Wi-Fi 6 GHz<\/li>\n<li>Bluetooth 5.3<\/li>\n<\/ul>\n<\/li>\n<li>Cam\u00e9ra\/Appareil Photo:\n<ul>\n<li>12 mpx<\/li>\n<li>48 MP<\/li>\n<li>Frontal<\/li>\n<li>Arri\u00e8re<\/li>\n<\/ul>\n<\/li>\n<li>Connexions:\n<ul>\n<li>USB-C<\/li>\n<li>USB<\/li>\n<li>USB 2.0<\/li>\n<li>Dual SIM<\/li>\n<\/ul>\n<\/li>\n<li>Processeur: Hexa Core<\/li>\n<li>M\u00e9moire RAM: 8 GB RAM<\/li>\n<li>M\u00e9moire interne: 256 GB<\/li>\n<li>Couleur: Noir<\/li>\n<li>Caract\u00e9ristiques:\n<ul>\n<li>GPS<\/li>\n<li>Barom\u00e8tre<\/li>\n<li>Capteur de lumi\u00e8re ambiante<\/li>\n<li>MMS<\/li>\n<li>Appel vid\u00e9o<\/li>\n<li>HDR<\/li>\n<li>Autofocus<\/li>\n<li>Activation vocale<\/li>\n<li>Guide d&#8217;installation inclus<\/li>\n<li>Chargement rapide et fiable<\/li>\n<li>SMS<\/li>\n<li>Chargeur sans fil<\/li>\n<li>Syst\u00e8me de reconnaissance faciale<\/li>\n<li>Stabilisateur d&#8217;image<\/li>\n<li>Capteur de proximit\u00e9<\/li>\n<li>Ceramic Shield<\/li>\n<li>\u00c9cran avec coins arrondis<\/li>\n<li>\u00c9cran plat<\/li>\n<\/ul>\n<\/li>\n<li>Zoom Num\u00e9rique: 10x<\/li>\n<li>Classification \u00e9nerg\u00e9tique: B<\/li>\n<li>Capteurs:\n<ul>\n<li>Acc\u00e9l\u00e9rom\u00e8tre<\/li>\n<li>Gyroscope<\/li>\n<\/ul>\n<\/li>\n<li>Classification IP: IP68<\/li>\n<li>Inclut:\n<ul>\n<li>Haut-parleur<\/li>\n<li>USB Type-C &#8211; USB Type-C<\/li>\n<\/ul>\n<\/li>\n<li>Fonctions:\n<ul>\n<li>ECO<\/li>\n<li>G\u00e9olocalisation<\/li>\n<li>Vibration<\/li>\n<\/ul>\n<\/li>\n<li>Technologie:\n<ul>\n<li>Mime<\/li>\n<li>Glonass<\/li>\n<li>OLED<\/li>\n<li>Capacitive<\/li>\n<\/ul>\n<\/li>\n<li>SIM:\n<ul>\n<li>nano SIM<\/li>\n<li>Dual SIM<\/li>\n<\/ul>\n<\/li>\n<li>Non Inclus: Adaptateur AC<\/li>\n<li>Flux lumineux: 800 lm<\/li>\n<li>Flash: Non<\/li>\n<li>Type de batterie: Litio Ion<\/li>\n<li>R\u00e9solution: 2532 x 1170 px<\/li>\n<li>Noyaux:\n<ul>\n<li>6 Noyaux<\/li>\n<li>16 Noyaux<\/li>\n<\/ul>\n<\/li>\n<li>Dispositif intelligent: Apple Intelligence<\/li>\n<\/ul>","protected":false},"excerpt":{"rendered":"<p>Si vous \u00eates passionn\u00e9 d&#8217;informatique et d&#8217;\u00e9lectronique, si vous \u00eates \u00e0 la pointe de la technologie et qu&#8217;aucun d\u00e9tail ne vous \u00e9chappe, achetez Smartphone Apple iPhone 16e 6,1&#8243; Hexa Core 8 GB RAM 256 GB Noir au meilleur prix. L\u2019iPhone 16E d\u2019Apple est un smartphone avanc\u00e9 qui associe un design \u00e9l\u00e9gant en noir \u00e0 des [&hellip;]<\/p>\n","protected":false},"featured_media":189447,"comment_status":"open","ping_status":"closed","template":"","meta":[],"product_brand":[979],"product_cat":[575,65,960],"product_tag":[213,566,106],"class_list":{"0":"post-29411","1":"product","2":"type-product","3":"status-publish","4":"has-post-thumbnail","6":"product_brand-brandp_533","7":"product_cat-electronique-telephonie-et-tablettes","8":"product_cat-informatique-electronique","9":"product_cat-telephones-portables","10":"product_tag-tag_933","11":"product_tag-tag_547","12":"product_tag-tag_1295","14":"first","15":"instock","16":"taxable","17":"shipping-taxable","18":"purchasable","19":"product-type-simple"},"_links":{"self":[{"href":"https:\/\/bigbuy.tupique.com\/pt\/wp-json\/wp\/v2\/product\/29411","targetHints":{"allow":["GET"]}}],"collection":[{"href":"https:\/\/bigbuy.tupique.com\/pt\/wp-json\/wp\/v2\/product"}],"about":[{"href":"https:\/\/bigbuy.tupique.com\/pt\/wp-json\/wp\/v2\/types\/product"}],"replies":[{"embeddable":true,"href":"https:\/\/bigbuy.tupique.com\/pt\/wp-json\/wp\/v2\/comments?post=29411"}],"wp:featuredmedia":[{"embeddable":true,"href":"https:\/\/bigbuy.tupique.com\/pt\/wp-json\/wp\/v2\/media\/189447"}],"wp:attachment":[{"href":"https:\/\/bigbuy.tupique.com\/pt\/wp-json\/wp\/v2\/media?parent=29411"}],"wp:term":[{"taxonomy":"product_brand","embeddable":true,"href":"https:\/\/bigbuy.tupique.com\/pt\/wp-json\/wp\/v2\/product_brand?post=29411"},{"taxonomy":"product_cat","embeddable":true,"href":"https:\/\/bigbuy.tupique.com\/pt\/wp-json\/wp\/v2\/product_cat?post=29411"},{"taxonomy":"product_tag","embeddable":true,"href":"https:\/\/bigbuy.tupique.com\/pt\/wp-json\/wp\/v2\/product_tag?post=29411"}],"curies":[{"name":"wp","href":"https:\/\/api.w.org\/{rel}","templated":true}]}}