{"id":28747,"date":"2026-03-30T00:25:38","date_gmt":"2026-03-29T23:25:38","guid":{"rendered":"https:\/\/bigbuy.tupique.com\/produto\/external-hard-drive-lexar-lsl500m004t-rnbng-black-4tb\/"},"modified":"2026-05-11T20:00:30","modified_gmt":"2026-05-11T18:00:30","slug":"external-hard-drive-lexar-lsl500m004t-rnbng-black-4tb","status":"publish","type":"product","link":"https:\/\/bigbuy.tupique.com\/pt\/produto\/external-hard-drive-lexar-lsl500m004t-rnbng-black-4tb\/","title":{"rendered":"Disque Dur Externe Lexar LSL500M004T-RNBNG Noir 4 TB"},"content":{"rendered":"<p>Si vous \u00eates passionn\u00e9 d&#8217;<b>informatique et d&#8217;\u00e9lectronique<\/b>, si vous \u00eates \u00e0 la pointe de la technologie et qu&#8217;aucun d\u00e9tail ne vous \u00e9chappe, achetez <b>Disque Dur Externe Lexar LSL500M004T-RNBNG Noir 4 TB<\/b> au meilleur prix.<\/p>\n<ul>\n<li>Type: Disque Dur Externe<\/li>\n<li>Couleur: Noir<\/li>\n<li>Connexions: USB-C<\/li>\n<li>Poids: 43 g<\/li>\n<li>vitesse: 2000 MB\/s<\/li>\n<li>Disque dur:\n<ul>\n<li>4 TB<\/li>\n<li>4 TB SSD<\/li>\n<\/ul>\n<\/li>\n<li>Compatible:\n<ul>\n<li>Windows<\/li>\n<li>Android, iOS<\/li>\n<li>macOS<\/li>\n<\/ul>\n<\/li>\n<li>Inclut:\n<ul>\n<li>Manuel de l&#8217;utilisateur<\/li>\n<li>USB Type-C &#8211; USB Type-C<\/li>\n<\/ul>\n<\/li>\n<\/ul>","protected":false},"excerpt":{"rendered":"<p>Si vous \u00eates passionn\u00e9 d&#8217;informatique et d&#8217;\u00e9lectronique, si vous \u00eates \u00e0 la pointe de la technologie et qu&#8217;aucun d\u00e9tail ne vous \u00e9chappe, achetez Disque Dur Externe Lexar LSL500M004T-RNBNG Noir 4 TB au meilleur prix. Type: Disque Dur Externe Couleur: Noir Connexions: USB-C Poids: 43 g vitesse: 2000 MB\/s Disque dur: 4 TB 4 TB SSD [&hellip;]<\/p>\n","protected":false},"featured_media":178836,"comment_status":"open","ping_status":"closed","template":"","meta":[],"product_brand":[1166],"product_cat":[588,65,584],"product_tag":[106],"class_list":{"0":"post-28747","1":"product","2":"type-product","3":"status-publish","4":"has-post-thumbnail","6":"product_brand-brandp_2133","7":"product_cat-disques-durs","8":"product_cat-informatique-electronique","9":"product_cat-informatique-reseaux-et-composants","10":"product_tag-tag_1295","12":"first","13":"instock","14":"taxable","15":"shipping-taxable","16":"purchasable","17":"product-type-simple"},"_links":{"self":[{"href":"https:\/\/bigbuy.tupique.com\/pt\/wp-json\/wp\/v2\/product\/28747","targetHints":{"allow":["GET"]}}],"collection":[{"href":"https:\/\/bigbuy.tupique.com\/pt\/wp-json\/wp\/v2\/product"}],"about":[{"href":"https:\/\/bigbuy.tupique.com\/pt\/wp-json\/wp\/v2\/types\/product"}],"replies":[{"embeddable":true,"href":"https:\/\/bigbuy.tupique.com\/pt\/wp-json\/wp\/v2\/comments?post=28747"}],"wp:featuredmedia":[{"embeddable":true,"href":"https:\/\/bigbuy.tupique.com\/pt\/wp-json\/wp\/v2\/media\/178836"}],"wp:attachment":[{"href":"https:\/\/bigbuy.tupique.com\/pt\/wp-json\/wp\/v2\/media?parent=28747"}],"wp:term":[{"taxonomy":"product_brand","embeddable":true,"href":"https:\/\/bigbuy.tupique.com\/pt\/wp-json\/wp\/v2\/product_brand?post=28747"},{"taxonomy":"product_cat","embeddable":true,"href":"https:\/\/bigbuy.tupique.com\/pt\/wp-json\/wp\/v2\/product_cat?post=28747"},{"taxonomy":"product_tag","embeddable":true,"href":"https:\/\/bigbuy.tupique.com\/pt\/wp-json\/wp\/v2\/product_tag?post=28747"}],"curies":[{"name":"wp","href":"https:\/\/api.w.org\/{rel}","templated":true}]}}