{"id":28729,"date":"2026-03-30T00:25:06","date_gmt":"2026-03-29T23:25:06","guid":{"rendered":"https:\/\/bigbuy.tupique.com\/produto\/action-figure-hasbro-baylan-skoll-force-fx-elite-star-wars\/"},"modified":"2026-04-16T18:45:42","modified_gmt":"2026-04-16T17:45:42","slug":"action-figure-hasbro-baylan-skoll-force-fx-elite-star-wars","status":"publish","type":"product","link":"https:\/\/bigbuy.tupique.com\/pt\/produto\/action-figure-hasbro-baylan-skoll-force-fx-elite-star-wars\/","title":{"rendered":"Figurine d\u2019action Hasbro Baylan Skoll Force FX Elite Star Wars"},"content":{"rendered":"<p>Si vous \u00eates \u00e0 la recherche de nouvelles tendances sur le march\u00e9, nous vous pr\u00e9sentons <b>Figurine d\u2019action Hasbro Baylan Skoll Force FX Elite Star Wars<\/b> !<\/p>\n<ul>\n<li>Couleur: Noir<\/li>\n<li>Mati\u00e8re: Plastique<\/li>\n<li>Caract\u00e9ristiques: Effets sonores<\/li>\n<li>Tension: 1,5 V<\/li>\n<li>\u00c2ge recommand\u00e9:\n<ul>\n<li>+ 3 ans<\/li>\n<li>+ 14 Ans<\/li>\n<\/ul>\n<\/li>\n<li>Fonctionne \u00e0 piles: Oui<\/li>\n<li>Type de batterie: AA<\/li>\n<li>Langues: ES<\/li>\n<li>Design: Star Wars<\/li>\n<li>Son: Oui<\/li>\n<\/ul>","protected":false},"excerpt":{"rendered":"<p>Si vous \u00eates \u00e0 la recherche de nouvelles tendances sur le march\u00e9, nous vous pr\u00e9sentons Figurine d\u2019action Hasbro Baylan Skoll Force FX Elite Star Wars ! Couleur: Noir Mati\u00e8re: Plastique Caract\u00e9ristiques: Effets sonores Tension: 1,5 V \u00c2ge recommand\u00e9: + 3 ans + 14 Ans Fonctionne \u00e0 piles: Oui Type de batterie: AA Langues: ES Design: [&hellip;]<\/p>\n","protected":false},"featured_media":28723,"comment_status":"open","ping_status":"closed","template":"","meta":[],"product_brand":[1250],"product_cat":[1225,157,158],"product_tag":[57,59],"class_list":{"0":"post-28729","1":"product","2":"type-product","3":"status-publish","4":"has-post-thumbnail","6":"product_brand-brandp_1641","7":"product_cat-figurines-d-action","8":"product_cat-jouets-deguisements","9":"product_cat-jouets-et-jeux","10":"product_tag-tag_1275","11":"product_tag-tag_1304","13":"first","14":"instock","15":"taxable","16":"shipping-taxable","17":"purchasable","18":"product-type-simple"},"_links":{"self":[{"href":"https:\/\/bigbuy.tupique.com\/pt\/wp-json\/wp\/v2\/product\/28729","targetHints":{"allow":["GET"]}}],"collection":[{"href":"https:\/\/bigbuy.tupique.com\/pt\/wp-json\/wp\/v2\/product"}],"about":[{"href":"https:\/\/bigbuy.tupique.com\/pt\/wp-json\/wp\/v2\/types\/product"}],"replies":[{"embeddable":true,"href":"https:\/\/bigbuy.tupique.com\/pt\/wp-json\/wp\/v2\/comments?post=28729"}],"wp:featuredmedia":[{"embeddable":true,"href":"https:\/\/bigbuy.tupique.com\/pt\/wp-json\/wp\/v2\/media\/28723"}],"wp:attachment":[{"href":"https:\/\/bigbuy.tupique.com\/pt\/wp-json\/wp\/v2\/media?parent=28729"}],"wp:term":[{"taxonomy":"product_brand","embeddable":true,"href":"https:\/\/bigbuy.tupique.com\/pt\/wp-json\/wp\/v2\/product_brand?post=28729"},{"taxonomy":"product_cat","embeddable":true,"href":"https:\/\/bigbuy.tupique.com\/pt\/wp-json\/wp\/v2\/product_cat?post=28729"},{"taxonomy":"product_tag","embeddable":true,"href":"https:\/\/bigbuy.tupique.com\/pt\/wp-json\/wp\/v2\/product_tag?post=28729"}],"curies":[{"name":"wp","href":"https:\/\/api.w.org\/{rel}","templated":true}]}}