{"id":28708,"date":"2026-03-30T00:24:32","date_gmt":"2026-03-29T23:24:32","guid":{"rendered":"https:\/\/bigbuy.tupique.com\/produto\/jet-wash-karcher-k-5-power-control-flex-home\/"},"modified":"2026-04-16T18:45:43","modified_gmt":"2026-04-16T17:45:43","slug":"jet-wash-karcher-k-5-power-control-flex-home","status":"publish","type":"product","link":"https:\/\/bigbuy.tupique.com\/pt\/produto\/jet-wash-karcher-k-5-power-control-flex-home\/","title":{"rendered":"Nettoyeur haute pression K\u00e4rcher K 5 Power Control Flex Home"},"content":{"rendered":"<p>Si vous \u00eates \u00e0 la recherche de nouvelles tendances sur le march\u00e9, nous vous pr\u00e9sentons <b>Nettoyeur haute pression K\u00e4rcher K 5 Power Control Flex Home<\/b> !<\/p>\n<ul>\n<li>Type: Nettoyeur haute pression<\/li>\n<li>Bloc d\u2019Alimentation: C\u00e2ble \u00e9lectrique<\/li>\n<\/ul>","protected":false},"excerpt":{"rendered":"<p>Si vous \u00eates \u00e0 la recherche de nouvelles tendances sur le march\u00e9, nous vous pr\u00e9sentons Nettoyeur haute pression K\u00e4rcher K 5 Power Control Flex Home ! Type: Nettoyeur haute pression Bloc d\u2019Alimentation: C\u00e2ble \u00e9lectrique<\/p>","protected":false},"featured_media":28703,"comment_status":"open","ping_status":"closed","template":"","meta":[],"product_brand":[828],"product_cat":[613,239],"product_tag":[59,210],"class_list":{"0":"post-28708","1":"product","2":"type-product","3":"status-publish","4":"has-post-thumbnail","6":"product_brand-brandp_1299","7":"product_cat-bricolage-et-materiel","8":"product_cat-maison-jardin","9":"product_tag-tag_1304","10":"product_tag-tag_25","12":"first","13":"instock","14":"taxable","15":"shipping-taxable","16":"purchasable","17":"product-type-simple"},"_links":{"self":[{"href":"https:\/\/bigbuy.tupique.com\/pt\/wp-json\/wp\/v2\/product\/28708","targetHints":{"allow":["GET"]}}],"collection":[{"href":"https:\/\/bigbuy.tupique.com\/pt\/wp-json\/wp\/v2\/product"}],"about":[{"href":"https:\/\/bigbuy.tupique.com\/pt\/wp-json\/wp\/v2\/types\/product"}],"replies":[{"embeddable":true,"href":"https:\/\/bigbuy.tupique.com\/pt\/wp-json\/wp\/v2\/comments?post=28708"}],"wp:featuredmedia":[{"embeddable":true,"href":"https:\/\/bigbuy.tupique.com\/pt\/wp-json\/wp\/v2\/media\/28703"}],"wp:attachment":[{"href":"https:\/\/bigbuy.tupique.com\/pt\/wp-json\/wp\/v2\/media?parent=28708"}],"wp:term":[{"taxonomy":"product_brand","embeddable":true,"href":"https:\/\/bigbuy.tupique.com\/pt\/wp-json\/wp\/v2\/product_brand?post=28708"},{"taxonomy":"product_cat","embeddable":true,"href":"https:\/\/bigbuy.tupique.com\/pt\/wp-json\/wp\/v2\/product_cat?post=28708"},{"taxonomy":"product_tag","embeddable":true,"href":"https:\/\/bigbuy.tupique.com\/pt\/wp-json\/wp\/v2\/product_tag?post=28708"}],"curies":[{"name":"wp","href":"https:\/\/api.w.org\/{rel}","templated":true}]}}