{"id":28648,"date":"2026-03-30T00:23:01","date_gmt":"2026-03-29T23:23:01","guid":{"rendered":"https:\/\/bigbuy.tupique.com\/produto\/stick-vacuum-cleaner-dreame-mova-s4-detect-150-w\/"},"modified":"2026-04-16T19:51:30","modified_gmt":"2026-04-16T18:51:30","slug":"stick-vacuum-cleaner-dreame-mova-s4-detect-150-w","status":"publish","type":"product","link":"https:\/\/bigbuy.tupique.com\/pt\/produto\/stick-vacuum-cleaner-dreame-mova-s4-detect-150-w\/","title":{"rendered":"Aspirateur balai Dreame MOVA S4 Detect 150 W"},"content":{"rendered":"<p>Si vous recherchez des \u00e9lectrom\u00e9nagers pour votre maison aux meilleurs prix, ne manquez pas <b>Aspirateur balai Dreame MOVA S4 Detect 150 W<\/b> et une large s\u00e9lection de petits \u00e9lectrom\u00e9nagers de qualit\u00e9 !<\/p>\n<p>Le <b>Aspirateur Balai Dreame S4 DETECT<\/b> est un appareil sans fil con\u00e7u pour offrir un nettoyage efficace et pratique dans les foyers n\u00e9cessitant mobilit\u00e9 et facilit\u00e9 d\u2019utilisation. Cet aspirateur de couleur <b>noir<\/b> est principalement fabriqu\u00e9 en <b>plastique<\/b>, garantissant l\u00e9g\u00e8ret\u00e9 et robustesse pour un usage quotidien. Il dispose d\u2019une <b>capacit\u00e9 de 600 ml<\/b>, adapt\u00e9e pour recueillir poussi\u00e8re et salet\u00e9s sur surfaces s\u00e8ches sans vidage fr\u00e9quent du r\u00e9servoir. Parmi ses caract\u00e9ristiques phares figure son <b>\u00e9cran int\u00e9gr\u00e9<\/b>, qui facilite le contr\u00f4le des fonctions et l\u2019\u00e9tat de l\u2019appareil de mani\u00e8re intuitive, fournissant \u00e0 l\u2019utilisateur des informations pr\u00e9cises en temps r\u00e9el. De plus, son design inclut un <b>montage mural<\/b>, permettant d\u2019optimiser l\u2019espace de rangement et de garder l\u2019aspirateur toujours pr\u00eat \u00e0 l\u2019emploi sans encombrer le domicile. L\u2019alimentation par <b>batterie<\/b> assure un nettoyage sans fil, offrant une plus grande libert\u00e9 de mouvement et une port\u00e9e \u00e9tendue dans diff\u00e9rentes zones. Sa structure rectangulaire et sa finition compacte garantissent une maniabilit\u00e9 ais\u00e9e, id\u00e9ale pour les sols durs et les tapis \u00e0 poils courts. Ce mod\u00e8le se positionne comme une solution polyvalente et fonctionnelle pour ceux qui recherchent un aspirateur sans fil fiable, int\u00e9grant une technologie visuelle et un format pratique facilitant nettoyage et rangement.<\/p>\n<ul>\n<li>Capacit\u00e9: 600 ml<\/li>\n<li>Inclut: Brosse pour Aspirateur<\/li>\n<li>Aspiration: 150 AW<\/li>\n<li>Produit \u00e0 brancher: Oui<\/li>\n<li>Type:\n<ul>\n<li>Aspirateur balai<\/li>\n<li>Sec<\/li>\n<\/ul>\n<\/li>\n<li>Bloc d\u2019Alimentation:\n<ul>\n<li>r\u00e9seau \u00e9lectrique<\/li>\n<li>Batterie<\/li>\n<\/ul>\n<\/li>\n<li>Couleur:\n<ul>\n<li>Bleu<\/li>\n<li>Noir<\/li>\n<\/ul>\n<\/li>\n<li>puissance:\n<ul>\n<li>150 W<\/li>\n<li>150 AW<\/li>\n<\/ul>\n<\/li>\n<li>Autonomie approx.: 90 minutes<\/li>\n<li>Mati\u00e8re: Plastique<\/li>\n<li>Caract\u00e9ristiques:\n<ul>\n<li>\u00c9cran integr\u00e9<\/li>\n<li>Montage mural<\/li>\n<\/ul>\n<\/li>\n<li>Forme: Rectangulaire<\/li>\n<li>Technologie:\n<ul>\n<li>LED<\/li>\n<li>Sans fil<\/li>\n<li>Cyclonic<\/li>\n<\/ul>\n<\/li>\n<li>Temps de charge approx.: 4 heures<\/li>\n<li>Filtre: Lavable<\/li>\n<li>Capacit\u00e9 de la batterie: 2,5 Ah<\/li>\n<li>Vitesse: 3 vitesses<\/li>\n<\/ul>","protected":false},"excerpt":{"rendered":"<p><span class=\"unit-info\">48.9983 &euro; \/ 100 ml<\/span><\/p>","protected":false},"featured_media":28641,"comment_status":"open","ping_status":"closed","template":"","meta":[],"product_brand":[860],"product_cat":[762,239,240],"product_tag":[59,56,210],"class_list":{"0":"post-28648","1":"product","2":"type-product","3":"status-publish","4":"has-post-thumbnail","6":"product_brand-brandp_4590","7":"product_cat-aspirateurs-et-robots","8":"product_cat-maison-jardin","9":"product_cat-nettoyage-aspirateur-et-repassage","10":"product_tag-tag_1304","11":"product_tag-tag_930","12":"product_tag-tag_25","14":"first","15":"instock","16":"taxable","17":"shipping-taxable","18":"purchasable","19":"product-type-simple"},"_links":{"self":[{"href":"https:\/\/bigbuy.tupique.com\/pt\/wp-json\/wp\/v2\/product\/28648","targetHints":{"allow":["GET"]}}],"collection":[{"href":"https:\/\/bigbuy.tupique.com\/pt\/wp-json\/wp\/v2\/product"}],"about":[{"href":"https:\/\/bigbuy.tupique.com\/pt\/wp-json\/wp\/v2\/types\/product"}],"replies":[{"embeddable":true,"href":"https:\/\/bigbuy.tupique.com\/pt\/wp-json\/wp\/v2\/comments?post=28648"}],"wp:featuredmedia":[{"embeddable":true,"href":"https:\/\/bigbuy.tupique.com\/pt\/wp-json\/wp\/v2\/media\/28641"}],"wp:attachment":[{"href":"https:\/\/bigbuy.tupique.com\/pt\/wp-json\/wp\/v2\/media?parent=28648"}],"wp:term":[{"taxonomy":"product_brand","embeddable":true,"href":"https:\/\/bigbuy.tupique.com\/pt\/wp-json\/wp\/v2\/product_brand?post=28648"},{"taxonomy":"product_cat","embeddable":true,"href":"https:\/\/bigbuy.tupique.com\/pt\/wp-json\/wp\/v2\/product_cat?post=28648"},{"taxonomy":"product_tag","embeddable":true,"href":"https:\/\/bigbuy.tupique.com\/pt\/wp-json\/wp\/v2\/product_tag?post=28648"}],"curies":[{"name":"wp","href":"https:\/\/api.w.org\/{rel}","templated":true}]}}