{"id":28609,"date":"2026-03-30T00:22:00","date_gmt":"2026-03-29T23:22:00","guid":{"rendered":"https:\/\/bigbuy.tupique.com\/produto\/robot-vacuum-cleaner-irobot-roomba-plus-405-5000-mah\/"},"modified":"2026-04-16T18:45:43","modified_gmt":"2026-04-16T17:45:43","slug":"robot-vacuum-cleaner-irobot-roomba-plus-405-5000-mah","status":"publish","type":"product","link":"https:\/\/bigbuy.tupique.com\/pt\/produto\/robot-vacuum-cleaner-irobot-roomba-plus-405-5000-mah\/","title":{"rendered":"Aspirateur robot iRobot Roomba Plus 405 5000 mAh"},"content":{"rendered":"<p>Si vous \u00eates \u00e0 la recherche de nouvelles tendances sur le march\u00e9, nous vous pr\u00e9sentons <b>Aspirateur robot iRobot Roomba Plus 405 5000 mAh<\/b> !<\/p>\n<p>Le <b>Roomba Plus 405<\/b> d\u2019iRobot est un <b>robot aspirateur<\/b> avanc\u00e9 con\u00e7u pour faciliter le nettoyage de la maison avec efficacit\u00e9 et technologie intelligente. Cet appareil se distingue par sa <b>technologie iTech Smart 2.0<\/b>, qui lui permet de s\u2019adapter \u00e0 diff\u00e9rents types de surfaces et d\u2019optimiser ses modes de nettoyage pour atteindre m\u00eame les zones les plus difficiles. Son design <b>rond<\/b> et compact en <b>noir<\/b> facilite les d\u00e9placements sous les meubles et dans les espaces restreints, tandis que sa structure robuste assure un nettoyage constant et efficace. Gr\u00e2ce \u00e0 la connectivit\u00e9 <b>Wi-Fi<\/b>, le Roomba Plus 405 peut s\u2019int\u00e9grer aux syst\u00e8mes domotiques comme <b>Amazon Alexa<\/b> et <b>Google Home<\/b>, permettant de contr\u00f4ler l\u2019aspirateur par commandes vocales et de programmer des sessions de nettoyage \u00e0 distance via smartphone, offrant ainsi confort et flexibilit\u00e9 \u00e0 l\u2019utilisateur. Il inclut \u00e9galement une <b>base de charge<\/b> pour une recharge automatique, pr\u00eate pour la prochaine t\u00e2che sans intervention manuelle. Sa facilit\u00e9 d\u2019entretien se traduit par un design pens\u00e9 pour \u00eatre <b>facile \u00e0 nettoyer<\/b>, facilitant l\u2019extraction de la poussi\u00e8re et des poils emprisonn\u00e9s dans ses filtres et brosses. Le Roomba Plus 405 repr\u00e9sente une solution pratique pour ceux qui souhaitent garder leur maison propre avec un minimum d\u2019effort, combinant technologie connect\u00e9e, adaptabilit\u00e9 du nettoyage et un format qui s\u2019int\u00e8gre ais\u00e9ment dans le quotidien. En r\u00e9sum\u00e9, ce robot aspirateur rend le nettoyage intelligent accessible \u00e0 tout utilisateur appr\u00e9ciant fonctionnalit\u00e9 et confort technologique.<\/p>\n<ul>\n<li>Produit \u00e0 brancher: Oui<\/li>\n<li>Bloc d\u2019Alimentation: r\u00e9seau \u00e9lectrique<\/li>\n<li>Couleur:\n<ul>\n<li>Noir<\/li>\n<li>noir<\/li>\n<\/ul>\n<\/li>\n<li>Poids: 4,1 Kg<\/li>\n<li>Connectivit\u00e9: Wi-Fi<\/li>\n<li>Capacit\u00e9 de la batterie: 5000 mAh<\/li>\n<li>Compatible:\n<ul>\n<li>iOS, Android<\/li>\n<li>iRobot<\/li>\n<li>Amazon Alexa<\/li>\n<li>Google Home<\/li>\n<\/ul>\n<\/li>\n<li>Aspiration: 7000 pa<\/li>\n<li>Indice de r\u00e9parabilit\u00e9: 8.3<\/li>\n<li>Capacit\u00e9:\n<ul>\n<li>3 L<\/li>\n<li>295 ml<\/li>\n<li>0,3 L<\/li>\n<\/ul>\n<\/li>\n<li>Dimensions approx.:\n<ul>\n<li>46 cm<\/li>\n<li>38,1 cm<\/li>\n<li>10,6 cm<\/li>\n<\/ul>\n<\/li>\n<li>Caract\u00e9ristiques:\n<ul>\n<li>Facile \u00e0 nettoyer<\/li>\n<li>D\u00e9tecte les obstacles<\/li>\n<\/ul>\n<\/li>\n<li>Forme: Rond<\/li>\n<li>Inclut:\n<ul>\n<li>Base de charge<\/li>\n<li>Brosse Lat\u00e9rale x 2<\/li>\n<li>Filtre HEPA x 1<\/li>\n<li>Brosse de Nettoyage x 1<\/li>\n<li>Manuel de l&#8217;utilisateur<\/li>\n<\/ul>\n<\/li>\n<li>Fonctions: Programmable<\/li>\n<li>Filtre: EPA<\/li>\n<li>Technologie: iTech Smart 2.0<\/li>\n<\/ul>","protected":false},"excerpt":{"rendered":"<p>Si vous \u00eates \u00e0 la recherche de nouvelles tendances sur le march\u00e9, nous vous pr\u00e9sentons Aspirateur robot iRobot Roomba Plus 405 5000 mAh ! Le Roomba Plus 405 d\u2019iRobot est un robot aspirateur avanc\u00e9 con\u00e7u pour faciliter le nettoyage de la maison avec efficacit\u00e9 et technologie intelligente. Cet appareil se distingue par sa technologie iTech [&hellip;]<\/p>\n","protected":false},"featured_media":28604,"comment_status":"open","ping_status":"closed","template":"","meta":[],"product_brand":[1239],"product_cat":[762,239,240],"product_tag":[59,56],"class_list":{"0":"post-28609","1":"product","2":"type-product","3":"status-publish","4":"has-post-thumbnail","6":"product_brand-brandp_6030","7":"product_cat-aspirateurs-et-robots","8":"product_cat-maison-jardin","9":"product_cat-nettoyage-aspirateur-et-repassage","10":"product_tag-tag_1304","11":"product_tag-tag_930","13":"first","14":"instock","15":"taxable","16":"shipping-taxable","17":"purchasable","18":"product-type-simple"},"_links":{"self":[{"href":"https:\/\/bigbuy.tupique.com\/pt\/wp-json\/wp\/v2\/product\/28609","targetHints":{"allow":["GET"]}}],"collection":[{"href":"https:\/\/bigbuy.tupique.com\/pt\/wp-json\/wp\/v2\/product"}],"about":[{"href":"https:\/\/bigbuy.tupique.com\/pt\/wp-json\/wp\/v2\/types\/product"}],"replies":[{"embeddable":true,"href":"https:\/\/bigbuy.tupique.com\/pt\/wp-json\/wp\/v2\/comments?post=28609"}],"wp:featuredmedia":[{"embeddable":true,"href":"https:\/\/bigbuy.tupique.com\/pt\/wp-json\/wp\/v2\/media\/28604"}],"wp:attachment":[{"href":"https:\/\/bigbuy.tupique.com\/pt\/wp-json\/wp\/v2\/media?parent=28609"}],"wp:term":[{"taxonomy":"product_brand","embeddable":true,"href":"https:\/\/bigbuy.tupique.com\/pt\/wp-json\/wp\/v2\/product_brand?post=28609"},{"taxonomy":"product_cat","embeddable":true,"href":"https:\/\/bigbuy.tupique.com\/pt\/wp-json\/wp\/v2\/product_cat?post=28609"},{"taxonomy":"product_tag","embeddable":true,"href":"https:\/\/bigbuy.tupique.com\/pt\/wp-json\/wp\/v2\/product_tag?post=28609"}],"curies":[{"name":"wp","href":"https:\/\/api.w.org\/{rel}","templated":true}]}}