{"id":28603,"date":"2026-03-30T00:21:51","date_gmt":"2026-03-29T23:21:51","guid":{"rendered":"https:\/\/bigbuy.tupique.com\/produto\/robot-vacuum-cleaner-irobot-roomba-plus-505-combo\/"},"modified":"2026-04-16T18:45:44","modified_gmt":"2026-04-16T17:45:44","slug":"robot-vacuum-cleaner-irobot-roomba-plus-505-combo","status":"publish","type":"product","link":"https:\/\/bigbuy.tupique.com\/pt\/produto\/robot-vacuum-cleaner-irobot-roomba-plus-505-combo\/","title":{"rendered":"Aspirateur robot iRobot Roomba Plus 505 Combo"},"content":{"rendered":"<p>Si vous \u00eates \u00e0 la recherche de nouvelles tendances sur le march\u00e9, nous vous pr\u00e9sentons <b>Aspirateur robot iRobot Roomba Plus 505 Combo<\/b> !<\/p>\n<p>Le <b>Roomba Plus 505 Combo<\/b> de <b>iRobot<\/b> est un <b>robot aspirateur<\/b> avanc\u00e9 con\u00e7u pour offrir un nettoyage efficace et complet dans les foyers modernes. Il int\u00e8gre la technologie <b>iTech Smart 2.0<\/b>, qui optimise la navigation et l\u2019adaptabilit\u00e9 de l\u2019appareil \u00e0 diff\u00e9rentes surfaces et environnements, garantissant une couverture efficace. Sa <b>couleur blanche<\/b> apporte un design sobre et \u00e9l\u00e9gant, adapt\u00e9 \u00e0 tout type de d\u00e9coration. Parmi ses fonctionnalit\u00e9s cl\u00e9s, la <b>d\u00e9tection de chutes<\/b> \u00e9vite les accidents en d\u00e9tectant escaliers et d\u00e9nivel\u00e9s, prot\u00e9geant ainsi le robot et son environnement. La connectivit\u00e9 <b>Wi-Fi<\/b> int\u00e9gr\u00e9e permet de contr\u00f4ler l\u2019aspirateur \u00e0 distance via des applications mobiles, facilitant la programmation et le suivi du nettoyage m\u00eame \u00e0 distance. De plus, sa batterie est <b>rechargeable<\/b> et l\u2019appareil dispose d\u2019une m\u00e9moire de positionnement, lui permettant de m\u00e9moriser les zones d\u00e9j\u00e0 nettoy\u00e9es et d\u2019optimiser les trajets pour une gestion efficace du temps et de l\u2019\u00e9nergie. Ce mod\u00e8le est livr\u00e9 avec la base multifonction <b>AutoWash<\/b>, qui non seulement lave, mais s\u00e8che aussi les lingettes \u00e0 l\u2019air ti\u00e8de, offrant plus de confort et un entretien automatis\u00e9. Gr\u00e2ce au syst\u00e8me <b>PrecisionVision IA<\/b>, le robot reconna\u00eet les obstacles avec plus de pr\u00e9cision, am\u00e9liorant le nettoyage tout en \u00e9vitant les dommages. Le Roomba Plus 505 Combo est une solution compl\u00e8te pour ceux qui recherchent un robot aspirateur intelligent, avec une autonomie renforc\u00e9e et des fonctions d\u2019entretien simplifi\u00e9es, garantissant une exp\u00e9rience de nettoyage avanc\u00e9e et intelligente.<\/p>\n<ul>\n<li>Produit \u00e0 brancher: Oui<\/li>\n<li>Type de prise: Prise EU<\/li>\n<li>Bloc d\u2019Alimentation:\n<ul>\n<li>r\u00e9seau \u00e9lectrique<\/li>\n<li>Batterie<\/li>\n<\/ul>\n<\/li>\n<li>Couleur: Blanc<\/li>\n<li>Connectivit\u00e9:\n<ul>\n<li>Wi-Fi<\/li>\n<li>Bluetooth<\/li>\n<li>App<\/li>\n<\/ul>\n<\/li>\n<li>Capacit\u00e9 de la batterie: 5000 mAh<\/li>\n<li>Compatible:\n<ul>\n<li>iRobot<\/li>\n<li>Amazon Alexa<\/li>\n<li>Google Home<\/li>\n<\/ul>\n<\/li>\n<li>Aspiration: 7000 pa<\/li>\n<li>Indice de r\u00e9parabilit\u00e9: 8.4<\/li>\n<li>Capacit\u00e9:\n<ul>\n<li>3 L<\/li>\n<li>295 ml<\/li>\n<li>0,3 L<\/li>\n<\/ul>\n<\/li>\n<li>Dimensions approx.:\n<ul>\n<li>46 cm<\/li>\n<li>38,1 cm<\/li>\n<li>10,6 cm<\/li>\n<\/ul>\n<\/li>\n<li>Caract\u00e9ristiques:\n<ul>\n<li>D\u00e9tection de chutes<\/li>\n<li>Wi-Fi<\/li>\n<li>Rechargeable<\/li>\n<li>Auto-nettoyant<\/li>\n<li>Positionner la m\u00e9moire<\/li>\n<li>Sec\/Humide<\/li>\n<li>Faible niveau de bruit<\/li>\n<li>Base de charge<\/li>\n<li>Frotte, aspire et balaye<\/li>\n<li>Navigation<\/li>\n<li>Nettoie efficacement tous les types de surfaces<\/li>\n<li>R\u00e9servoir d&#8217;eau<\/li>\n<\/ul>\n<\/li>\n<li>Fonctions:\n<ul>\n<li>Minuterie<\/li>\n<li>Serpilli\u00e8re<\/li>\n<li>Programmable<\/li>\n<li>Programmes automatiques<\/li>\n<li>Frott\u00e9<\/li>\n<\/ul>\n<\/li>\n<li>Forme: Rond<\/li>\n<li>Inclut:\n<ul>\n<li>Filtre<\/li>\n<li>Manuel d\u2019utilisation<\/li>\n<li>Adaptateur<\/li>\n<li>Base de charge<\/li>\n<li>Serpilli\u00e8re en Microfibre<\/li>\n<li>Serpilli\u00e8re<\/li>\n<li>R\u00e9servoir<\/li>\n<li>Filtre HEPA x 1<\/li>\n<li>Brosse de Nettoyage x 1<\/li>\n<\/ul>\n<\/li>\n<li>Technologie: iTech Smart 2.0<\/li>\n<\/ul>","protected":false},"excerpt":{"rendered":"<p>Si vous \u00eates \u00e0 la recherche de nouvelles tendances sur le march\u00e9, nous vous pr\u00e9sentons Aspirateur robot iRobot Roomba Plus 505 Combo ! Le Roomba Plus 505 Combo de iRobot est un robot aspirateur avanc\u00e9 con\u00e7u pour offrir un nettoyage efficace et complet dans les foyers modernes. Il int\u00e8gre la technologie iTech Smart 2.0, qui [&hellip;]<\/p>\n","protected":false},"featured_media":28598,"comment_status":"open","ping_status":"closed","template":"","meta":[],"product_brand":[1239],"product_cat":[762,239,240],"product_tag":[59,56],"class_list":{"0":"post-28603","1":"product","2":"type-product","3":"status-publish","4":"has-post-thumbnail","6":"product_brand-brandp_6030","7":"product_cat-aspirateurs-et-robots","8":"product_cat-maison-jardin","9":"product_cat-nettoyage-aspirateur-et-repassage","10":"product_tag-tag_1304","11":"product_tag-tag_930","13":"first","14":"instock","15":"taxable","16":"shipping-taxable","17":"purchasable","18":"product-type-simple"},"_links":{"self":[{"href":"https:\/\/bigbuy.tupique.com\/pt\/wp-json\/wp\/v2\/product\/28603","targetHints":{"allow":["GET"]}}],"collection":[{"href":"https:\/\/bigbuy.tupique.com\/pt\/wp-json\/wp\/v2\/product"}],"about":[{"href":"https:\/\/bigbuy.tupique.com\/pt\/wp-json\/wp\/v2\/types\/product"}],"replies":[{"embeddable":true,"href":"https:\/\/bigbuy.tupique.com\/pt\/wp-json\/wp\/v2\/comments?post=28603"}],"wp:featuredmedia":[{"embeddable":true,"href":"https:\/\/bigbuy.tupique.com\/pt\/wp-json\/wp\/v2\/media\/28598"}],"wp:attachment":[{"href":"https:\/\/bigbuy.tupique.com\/pt\/wp-json\/wp\/v2\/media?parent=28603"}],"wp:term":[{"taxonomy":"product_brand","embeddable":true,"href":"https:\/\/bigbuy.tupique.com\/pt\/wp-json\/wp\/v2\/product_brand?post=28603"},{"taxonomy":"product_cat","embeddable":true,"href":"https:\/\/bigbuy.tupique.com\/pt\/wp-json\/wp\/v2\/product_cat?post=28603"},{"taxonomy":"product_tag","embeddable":true,"href":"https:\/\/bigbuy.tupique.com\/pt\/wp-json\/wp\/v2\/product_tag?post=28603"}],"curies":[{"name":"wp","href":"https:\/\/api.w.org\/{rel}","templated":true}]}}