{"id":28405,"date":"2026-03-30T00:08:31","date_gmt":"2026-03-29T23:08:31","guid":{"rendered":"https:\/\/bigbuy.tupique.com\/produto\/hairdryer-shark-black\/"},"modified":"2026-04-16T20:56:36","modified_gmt":"2026-04-16T19:56:36","slug":"hairdryer-shark-black","status":"publish","type":"product","link":"https:\/\/bigbuy.tupique.com\/pt\/produto\/hairdryer-shark-black\/","title":{"rendered":"S\u00e8che-cheveux Shark Noir"},"content":{"rendered":"<p>Si vous \u00eates \u00e0 la recherche de nouvelles tendances sur le march\u00e9, nous vous pr\u00e9sentons <b>S\u00e8che-cheveux Shark Noir<\/b> !<\/p>\n<p>Le <b>s\u00e8che-cheveux<\/b> Shark HD752EU SpeedStyle Pro 5 en 1 est un appareil polyvalent et performant con\u00e7u pour s\u2019adapter \u00e0 <b>tous types de cheveux<\/b>, offrant un s\u00e9chage professionnel avec une puissance de <b>1750 W<\/b> garantissant des r\u00e9sultats rapides et ma\u00eetris\u00e9s. Son design en <b>noir<\/b> apporte une esth\u00e9tique sobre et \u00e9l\u00e9gante, tandis qu\u2019il int\u00e8gre des fonctions avanc\u00e9es pour am\u00e9liorer l\u2019exp\u00e9rience utilisateur, comme la <b>protection contre la surchauffe<\/b>, qui contribue \u00e0 prolonger la dur\u00e9e de vie du produit et assure la s\u00e9curit\u00e9 lors de son utilisation. De plus, il dispose d\u2019un <b>cordon rotatif \u00e0 360\u00b0<\/b> facilitant la mobilit\u00e9 et \u00e9vitant les enchev\u00eatrements, offrant confort et libert\u00e9 de mouvement pendant le s\u00e9chage. La fonctionnalit\u00e9 5 en 1, associ\u00e9e \u00e0 l\u2019accessoire diffuseur Defrizz Fast, permet de travailler diff\u00e9rents styles et textures, r\u00e9duisant les frisottis et favorisant une finition professionnelle. Ce s\u00e8che-cheveux combine une puissance adapt\u00e9e, une technologie de protection et une ergonomie, ce qui en fait un outil adapt\u00e9 tant pour un usage domestique que pour ceux qui recherchent un s\u00e9chage soign\u00e9 et complet \u00e0 chaque utilisation. En r\u00e9sum\u00e9, le Shark HD752EU SpeedStyle Pro 5 en 1 est une option \u00e9quilibr\u00e9e et techniquement performante dans la cat\u00e9gorie des s\u00e8che-cheveux.<\/p>\n<ul>\n<li>Type: S\u00e8che-cheveux<\/li>\n<li>Produit \u00e0 brancher: Oui<\/li>\n<li>Type de prise: Prise EU<\/li>\n<li>Bloc d\u2019Alimentation:\n<ul>\n<li>r\u00e9seau \u00e9lectrique<\/li>\n<li>C\u00e2ble \u00e9lectrique<\/li>\n<\/ul>\n<\/li>\n<li>Couleur: Noir<\/li>\n<li>Mati\u00e8re: Plastique<\/li>\n<li>Caract\u00e9ristiques:\n<ul>\n<li>Protection contre la surchauffe<\/li>\n<li>C\u00e2ble rotatif 360\u00ba<\/li>\n<\/ul>\n<\/li>\n<li>Tension: 240 V<\/li>\n<li>Longueur du c\u00e2ble: 2,4 m<\/li>\n<li>Inclut:\n<ul>\n<li>Embout concentrateur d&#8217;air<\/li>\n<li>Housse de transport<\/li>\n<\/ul>\n<\/li>\n<li>Thermostat: R\u00e9glable<\/li>\n<li>Utilisation recommand\u00e9e:\n<ul>\n<li>S\u00e8che-cheveux<\/li>\n<li>Tous les types de cheveux<\/li>\n<\/ul>\n<\/li>\n<li>\u00c9cran integr\u00e9: Non<\/li>\n<li>Vitesse: 3 vitesses<\/li>\n<\/ul>","protected":false},"excerpt":{"rendered":"<p>Si vous \u00eates \u00e0 la recherche de nouvelles tendances sur le march\u00e9, nous vous pr\u00e9sentons S\u00e8che-cheveux Shark Noir ! Le s\u00e8che-cheveux Shark HD752EU SpeedStyle Pro 5 en 1 est un appareil polyvalent et performant con\u00e7u pour s\u2019adapter \u00e0 tous types de cheveux, offrant un s\u00e9chage professionnel avec une puissance de 1750 W garantissant des r\u00e9sultats [&hellip;]<\/p>\n","protected":false},"featured_media":28399,"comment_status":"open","ping_status":"closed","template":"","meta":[],"product_brand":[1078],"product_cat":[753,752,1065],"product_tag":[722,59,56],"class_list":{"0":"post-28405","1":"product","2":"type-product","3":"status-publish","4":"has-post-thumbnail","6":"product_brand-brandp_5354","7":"product_cat-coiffure","8":"product_cat-sante-beaute","9":"product_cat-seche-cheveux","10":"product_tag-tag_923","11":"product_tag-tag_1304","12":"product_tag-tag_930","14":"first","15":"instock","16":"taxable","17":"shipping-taxable","18":"purchasable","19":"product-type-simple"},"_links":{"self":[{"href":"https:\/\/bigbuy.tupique.com\/pt\/wp-json\/wp\/v2\/product\/28405","targetHints":{"allow":["GET"]}}],"collection":[{"href":"https:\/\/bigbuy.tupique.com\/pt\/wp-json\/wp\/v2\/product"}],"about":[{"href":"https:\/\/bigbuy.tupique.com\/pt\/wp-json\/wp\/v2\/types\/product"}],"replies":[{"embeddable":true,"href":"https:\/\/bigbuy.tupique.com\/pt\/wp-json\/wp\/v2\/comments?post=28405"}],"wp:featuredmedia":[{"embeddable":true,"href":"https:\/\/bigbuy.tupique.com\/pt\/wp-json\/wp\/v2\/media\/28399"}],"wp:attachment":[{"href":"https:\/\/bigbuy.tupique.com\/pt\/wp-json\/wp\/v2\/media?parent=28405"}],"wp:term":[{"taxonomy":"product_brand","embeddable":true,"href":"https:\/\/bigbuy.tupique.com\/pt\/wp-json\/wp\/v2\/product_brand?post=28405"},{"taxonomy":"product_cat","embeddable":true,"href":"https:\/\/bigbuy.tupique.com\/pt\/wp-json\/wp\/v2\/product_cat?post=28405"},{"taxonomy":"product_tag","embeddable":true,"href":"https:\/\/bigbuy.tupique.com\/pt\/wp-json\/wp\/v2\/product_tag?post=28405"}],"curies":[{"name":"wp","href":"https:\/\/api.w.org\/{rel}","templated":true}]}}