{"id":28391,"date":"2026-03-30T00:08:09","date_gmt":"2026-03-29T23:08:09","guid":{"rendered":"https:\/\/bigbuy.tupique.com\/produto\/headphones-sena-3\/"},"modified":"2026-04-16T20:56:37","modified_gmt":"2026-04-16T19:56:37","slug":"headphones-sena-3","status":"publish","type":"product","link":"https:\/\/bigbuy.tupique.com\/pt\/produto\/headphones-sena-3\/","title":{"rendered":"Casque Sena"},"content":{"rendered":"<p>Si vous \u00eates \u00e0 la recherche de nouvelles tendances sur le march\u00e9, nous vous pr\u00e9sentons <b>Casque Sena<\/b> !<\/p>\n<p>Les <b>\u00e9couteurs Duo Talkie de Sena<\/b> se pr\u00e9sentent comme une solution pratique et avanc\u00e9e pour ceux qui ont besoin d\u2019une communication efficace et d\u2019un confort d\u2019utilisation au quotidien. Au design moderne en <b>noir<\/b>, ces \u00e9couteurs offrent une <b>autonomie allant jusqu\u2019\u00e0 6 heures<\/b>, permettant une utilisation prolong\u00e9e sans interruption, id\u00e9ale pour des activit\u00e9s professionnelles ou de loisirs. Leur syst\u00e8me de communication sans fil via <b>Bluetooth<\/b> garantit une connexion stable et sans c\u00e2ble, avec une port\u00e9e d\u2019environ <b>600 m\u00e8tres<\/b>, offrant libert\u00e9 de mouvement et excellente qualit\u00e9 audio \u00e0 distance. \u00c9quip\u00e9s d\u2019une batterie int\u00e9gr\u00e9e de <b>900 mAh<\/b>, ils se rechargent facilement via un port <b>USB-C<\/b>, optimisant les temps de charge et la compatibilit\u00e9 avec les chargeurs actuels. De plus, ils disposent de <b>4 grilles interchangeables<\/b>, permettant d\u2019adapter l\u2019exp\u00e9rience audio \u00e0 diff\u00e9rents environnements ou pr\u00e9f\u00e9rences personnelles, am\u00e9liorant l\u2019isolation phonique ou l\u2019entr\u00e9e du son selon les besoins. La combinaison de ces \u00e9l\u00e9ments fait des \u00e9couteurs Duo Talkie de Sena un accessoire polyvalent, robuste et techniquement performant pour les utilisateurs exigeant clart\u00e9 de communication et technologie avanc\u00e9e. En r\u00e9sum\u00e9, ils repr\u00e9sentent une option \u00e9quilibr\u00e9e sur le march\u00e9 des \u00e9couteurs Bluetooth avec des caract\u00e9ristiques sp\u00e9cifiques pour la communication \u00e0 courte port\u00e9e et une utilisation prolong\u00e9e.<\/p>\n<ul>\n<li>Type: Casque<\/li>\n<\/ul>","protected":false},"excerpt":{"rendered":"<p>Si vous \u00eates \u00e0 la recherche de nouvelles tendances sur le march\u00e9, nous vous pr\u00e9sentons Casque Sena ! Les \u00e9couteurs Duo Talkie de Sena se pr\u00e9sentent comme une solution pratique et avanc\u00e9e pour ceux qui ont besoin d\u2019une communication efficace et d\u2019un confort d\u2019utilisation au quotidien. Au design moderne en noir, ces \u00e9couteurs offrent une [&hellip;]<\/p>\n","protected":false},"featured_media":28385,"comment_status":"open","ping_status":"closed","template":"","meta":[],"product_brand":[1242],"product_cat":[65,581,594],"product_tag":[213,59,566,106],"class_list":{"0":"post-28391","1":"product","2":"type-product","3":"status-publish","4":"has-post-thumbnail","6":"product_brand-brandp_6661","7":"product_cat-informatique-electronique","8":"product_cat-informatique-peripheriques-et-consommables","9":"product_cat-micros-et-ecouteurs","10":"product_tag-tag_933","11":"product_tag-tag_1304","12":"product_tag-tag_547","13":"product_tag-tag_1295","15":"first","16":"instock","17":"taxable","18":"shipping-taxable","19":"purchasable","20":"product-type-simple"},"_links":{"self":[{"href":"https:\/\/bigbuy.tupique.com\/pt\/wp-json\/wp\/v2\/product\/28391","targetHints":{"allow":["GET"]}}],"collection":[{"href":"https:\/\/bigbuy.tupique.com\/pt\/wp-json\/wp\/v2\/product"}],"about":[{"href":"https:\/\/bigbuy.tupique.com\/pt\/wp-json\/wp\/v2\/types\/product"}],"replies":[{"embeddable":true,"href":"https:\/\/bigbuy.tupique.com\/pt\/wp-json\/wp\/v2\/comments?post=28391"}],"wp:featuredmedia":[{"embeddable":true,"href":"https:\/\/bigbuy.tupique.com\/pt\/wp-json\/wp\/v2\/media\/28385"}],"wp:attachment":[{"href":"https:\/\/bigbuy.tupique.com\/pt\/wp-json\/wp\/v2\/media?parent=28391"}],"wp:term":[{"taxonomy":"product_brand","embeddable":true,"href":"https:\/\/bigbuy.tupique.com\/pt\/wp-json\/wp\/v2\/product_brand?post=28391"},{"taxonomy":"product_cat","embeddable":true,"href":"https:\/\/bigbuy.tupique.com\/pt\/wp-json\/wp\/v2\/product_cat?post=28391"},{"taxonomy":"product_tag","embeddable":true,"href":"https:\/\/bigbuy.tupique.com\/pt\/wp-json\/wp\/v2\/product_tag?post=28391"}],"curies":[{"name":"wp","href":"https:\/\/api.w.org\/{rel}","templated":true}]}}