{"id":28320,"date":"2026-03-30T00:06:18","date_gmt":"2026-03-29T23:06:18","guid":{"rendered":"https:\/\/bigbuy.tupique.com\/produto\/induction-hot-plate-bosch-2\/"},"modified":"2026-04-16T16:32:20","modified_gmt":"2026-04-16T15:32:20","slug":"induction-hot-plate-bosch-2","status":"publish","type":"product","link":"https:\/\/bigbuy.tupique.com\/pt\/produto\/induction-hot-plate-bosch-2\/","title":{"rendered":"Plaque \u00e0 Induction BOSCH"},"content":{"rendered":"<p>Si vous \u00eates \u00e0 la recherche de nouvelles tendances sur le march\u00e9, nous vous pr\u00e9sentons <b>Plaque \u00e0 Induction BOSCH<\/b> !<\/p>\n<p>La <b>plaque \u00e0 induction BOSCH<\/b> S\u00e9rie 2 est un appareil con\u00e7u pour ceux qui recherchent efficacit\u00e9 et fonctionnalit\u00e9 en cuisine, alliant technologie \u00e0 induction et design \u00e9l\u00e9gant et pratique. Cette <b>plaque \u00e0 induction encastrable<\/b> offre une puissance totale de <b>7500 W<\/b>, assurant une r\u00e9partition rapide et uniforme de la chaleur, facilitant une cuisson pr\u00e9cise tout en \u00e9conomisant temps et \u00e9nergie. Sa surface en verre <b>noir<\/b> de haute qualit\u00e9 apporte une finition moderne et sophistiqu\u00e9e, tout en facilitant le nettoyage quotidien. Avec des dimensions de <b>52 x 59 x 5,4 cm<\/b>, elle s\u2019adapte parfaitement aux cuisines de taille moyenne et s\u2019int\u00e8gre ais\u00e9ment dans des meubles encastr\u00e9s, optimisant l\u2019espace. Contrairement aux plaques \u00e0 gaz traditionnelles, cette plaque \u00e0 induction \u00e9limine l\u2019usage direct de la flamme, augmentant la s\u00e9curit\u00e9 en cuisine et offrant un contr\u00f4le de temp\u00e9rature plus pr\u00e9cis. De plus, le mod\u00e8le POP6B6K30 appartient \u00e0 une gamme reconnue pour sa durabilit\u00e9 et sa facilit\u00e9 d\u2019utilisation, caract\u00e9ristiques propres \u00e0 la marque BOSCH. Sa couleur <b>noir<\/b> renforce son style contemporain, s\u2019harmonisant avec diff\u00e9rents styles de d\u00e9coration. Ce produit est recommand\u00e9 aux utilisateurs souhaitant moderniser leur cuisine avec un appareil efficace, s\u00fbr et esth\u00e9tique, simplifiant les t\u00e2ches culinaires quotidiennes. En somme, la plaque \u00e0 induction BOSCH S\u00e9rie 2 est une solution \u00e9quilibr\u00e9e pour ceux qui privil\u00e9gient technologie avanc\u00e9e et design \u00e9pur\u00e9 dans leur \u00e9quipement domestique.<\/p>\n<ul>\n<li>Type: Plaque \u00e0 Induction<\/li>\n<li>Produit \u00e0 brancher: Oui<\/li>\n<li>Type de prise: Prise EU<\/li>\n<li>Bloc d\u2019Alimentation: r\u00e9seau \u00e9lectrique<\/li>\n<li>Couleur:\n<ul>\n<li>Noir<\/li>\n<li>noir<\/li>\n<\/ul>\n<\/li>\n<li>Longueur du c\u00e2ble: 100 cm<\/li>\n<li>Zones de cuisson: 4<\/li>\n<li>Tension: 220 \u2013 240 V<\/li>\n<li>Poids approx.:\n<ul>\n<li>11,9 Kg<\/li>\n<li>12,9 Kg<\/li>\n<\/ul>\n<\/li>\n<li>Profondeur: 52 cm<\/li>\n<li>puissance: 7500 W<\/li>\n<li>Type d&#8217;installation: Encastrable<\/li>\n<li>Largeur: 59 cm<\/li>\n<li>Dimensions approx.:\n<ul>\n<li>56 cm<\/li>\n<li>48 cm<\/li>\n<li>4,5 cm<\/li>\n<li>60 x 17 x 80 cm<\/li>\n<\/ul>\n<\/li>\n<\/ul>","protected":false},"excerpt":{"rendered":"<p>Si vous \u00eates \u00e0 la recherche de nouvelles tendances sur le march\u00e9, nous vous pr\u00e9sentons Plaque \u00e0 Induction BOSCH ! La plaque \u00e0 induction BOSCH S\u00e9rie 2 est un appareil con\u00e7u pour ceux qui recherchent efficacit\u00e9 et fonctionnalit\u00e9 en cuisine, alliant technologie \u00e0 induction et design \u00e9l\u00e9gant et pratique. Cette plaque \u00e0 induction encastrable offre [&hellip;]<\/p>\n","protected":false},"featured_media":28315,"comment_status":"open","ping_status":"closed","template":"","meta":[],"product_brand":[162],"product_cat":[60,77,78],"product_tag":[55,59,56],"class_list":{"0":"post-28320","1":"product","2":"type-product","3":"status-publish","4":"has-post-thumbnail","6":"product_brand-brandp_959","7":"product_cat-cuisine-gourmet","8":"product_cat-petit-electromenager","9":"product_cat-plaques-de-cuisson","10":"product_tag-tag_926","11":"product_tag-tag_1304","12":"product_tag-tag_930","14":"first","15":"instock","16":"taxable","17":"shipping-taxable","18":"purchasable","19":"product-type-simple"},"_links":{"self":[{"href":"https:\/\/bigbuy.tupique.com\/pt\/wp-json\/wp\/v2\/product\/28320","targetHints":{"allow":["GET"]}}],"collection":[{"href":"https:\/\/bigbuy.tupique.com\/pt\/wp-json\/wp\/v2\/product"}],"about":[{"href":"https:\/\/bigbuy.tupique.com\/pt\/wp-json\/wp\/v2\/types\/product"}],"replies":[{"embeddable":true,"href":"https:\/\/bigbuy.tupique.com\/pt\/wp-json\/wp\/v2\/comments?post=28320"}],"wp:featuredmedia":[{"embeddable":true,"href":"https:\/\/bigbuy.tupique.com\/pt\/wp-json\/wp\/v2\/media\/28315"}],"wp:attachment":[{"href":"https:\/\/bigbuy.tupique.com\/pt\/wp-json\/wp\/v2\/media?parent=28320"}],"wp:term":[{"taxonomy":"product_brand","embeddable":true,"href":"https:\/\/bigbuy.tupique.com\/pt\/wp-json\/wp\/v2\/product_brand?post=28320"},{"taxonomy":"product_cat","embeddable":true,"href":"https:\/\/bigbuy.tupique.com\/pt\/wp-json\/wp\/v2\/product_cat?post=28320"},{"taxonomy":"product_tag","embeddable":true,"href":"https:\/\/bigbuy.tupique.com\/pt\/wp-json\/wp\/v2\/product_tag?post=28320"}],"curies":[{"name":"wp","href":"https:\/\/api.w.org\/{rel}","templated":true}]}}