{"id":28308,"date":"2026-03-30T00:05:59","date_gmt":"2026-03-29T23:05:59","guid":{"rendered":"https:\/\/bigbuy.tupique.com\/produto\/induction-hot-plate-bosch\/"},"modified":"2026-04-16T16:32:21","modified_gmt":"2026-04-16T15:32:21","slug":"induction-hot-plate-bosch","status":"publish","type":"product","link":"https:\/\/bigbuy.tupique.com\/pt\/produto\/induction-hot-plate-bosch\/","title":{"rendered":"Plaque \u00e0 Induction BOSCH"},"content":{"rendered":"<p>Si vous \u00eates \u00e0 la recherche de nouvelles tendances sur le march\u00e9, nous vous pr\u00e9sentons <b>Plaque \u00e0 Induction BOSCH<\/b> !<\/p>\n<p>La <b>plaque \u00e0 induction<\/b> BOSCH S\u00e9rie 6 mod\u00e8le PPP6A6I40 est une solution de cuisson avanc\u00e9e con\u00e7ue pour offrir efficacit\u00e9 et pr\u00e9cision au quotidien. Avec des dimensions de <b>52 x 59 x 4,5 cm<\/b>, cette plaque allie design compact et performance puissante. Elle est \u00e9quip\u00e9e de <b>4 foyers<\/b> permettant de cuisiner plusieurs plats simultan\u00e9ment, facilitant aussi bien les pr\u00e9parations rapides que les recettes plus \u00e9labor\u00e9es. Sa finition <b>noire<\/b> apporte \u00e9l\u00e9gance et s\u2019int\u00e8gre facilement \u00e0 tout style de cuisine moderne. Gr\u00e2ce \u00e0 la technologie \u00e0 induction, cette plaque garantit un transfert de chaleur rapide et pr\u00e9cis, assurant un meilleur contr\u00f4le de la temp\u00e9rature et une utilisation efficace de l\u2019\u00e9nergie, r\u00e9duisant ainsi les temps de cuisson et la consommation \u00e9lectrique. De plus, en tant que plaque \u00e0 induction, elle est facile \u00e0 nettoyer, la surface chauffant peu et emp\u00eachant les aliments d\u2019adh\u00e9rer ou de br\u00fbler. La marque BOSCH, reconnue pour la qualit\u00e9 et la fiabilit\u00e9 de ses appareils \u00e9lectrom\u00e9nagers, soutient ce mod\u00e8le comme une option milieu-haut de gamme, alliant innovation technologique et fonctionnalit\u00e9 pratique. Son design ergonomique et la disposition des foyers offrent une exp\u00e9rience de cuisson confortable et s\u00fbre, adapt\u00e9e aux utilisateurs exigeants souhaitant optimiser leur espace et leur efficacit\u00e9 en cuisine. En r\u00e9sum\u00e9, la plaque \u00e0 induction BOSCH S\u00e9rie 6 PPP6A6I40 repr\u00e9sente un investissement judicieux pour ceux qui appr\u00e9cient la pr\u00e9cision technique, les \u00e9conomies d\u2019\u00e9nergie et la durabilit\u00e9 de leur \u00e9quipement de cuisine.<\/p>\n<ul>\n<li>Type:\n<ul>\n<li>Plaque \u00e0 Induction<\/li>\n<li>Int\u00e9gr\u00e9<\/li>\n<\/ul>\n<\/li>\n<li>Produit \u00e0 brancher: Oui<\/li>\n<li>Type de prise: Prise EU<\/li>\n<li>Bloc d\u2019Alimentation:\n<ul>\n<li>r\u00e9seau \u00e9lectrique<\/li>\n<li>Gaz<\/li>\n<\/ul>\n<\/li>\n<li>Couleur:\n<ul>\n<li>Noir<\/li>\n<li>noir<\/li>\n<\/ul>\n<\/li>\n<li>Largeur:\n<ul>\n<li>59 cm<\/li>\n<li>60 cm<\/li>\n<\/ul>\n<\/li>\n<li>Type d&#8217;installation: Encastrable<\/li>\n<li>puissance: 7500 W<\/li>\n<li>Profondeur: 52 cm<\/li>\n<li>Tension:\n<ul>\n<li>220 \u2013 240 V<\/li>\n<li>220-240 V<\/li>\n<\/ul>\n<\/li>\n<li>Zones de cuisson: 4<\/li>\n<li>Dimensions approx.:\n<ul>\n<li>56 cm<\/li>\n<li>48 cm<\/li>\n<li>4,5 cm<\/li>\n<\/ul>\n<\/li>\n<li>Forme: Rond<\/li>\n<li>Longueur du c\u00e2ble: 1 m<\/li>\n<li>Type de carburant: Gaz<\/li>\n<li>Fr\u00e9quence: 50 &#8211; 60 Hz<\/li>\n<li>Long: 52 cm<\/li>\n<li>\u00c9cran integr\u00e9: Non<\/li>\n<\/ul>","protected":false},"excerpt":{"rendered":"<p>Si vous \u00eates \u00e0 la recherche de nouvelles tendances sur le march\u00e9, nous vous pr\u00e9sentons Plaque \u00e0 Induction BOSCH ! La plaque \u00e0 induction BOSCH S\u00e9rie 6 mod\u00e8le PPP6A6I40 est une solution de cuisson avanc\u00e9e con\u00e7ue pour offrir efficacit\u00e9 et pr\u00e9cision au quotidien. Avec des dimensions de 52 x 59 x 4,5 cm, cette plaque [&hellip;]<\/p>\n","protected":false},"featured_media":28303,"comment_status":"open","ping_status":"closed","template":"","meta":[],"product_brand":[162],"product_cat":[60,77,78],"product_tag":[55,59,56],"class_list":{"0":"post-28308","1":"product","2":"type-product","3":"status-publish","4":"has-post-thumbnail","6":"product_brand-brandp_959","7":"product_cat-cuisine-gourmet","8":"product_cat-petit-electromenager","9":"product_cat-plaques-de-cuisson","10":"product_tag-tag_926","11":"product_tag-tag_1304","12":"product_tag-tag_930","14":"first","15":"instock","16":"taxable","17":"shipping-taxable","18":"purchasable","19":"product-type-simple"},"_links":{"self":[{"href":"https:\/\/bigbuy.tupique.com\/pt\/wp-json\/wp\/v2\/product\/28308","targetHints":{"allow":["GET"]}}],"collection":[{"href":"https:\/\/bigbuy.tupique.com\/pt\/wp-json\/wp\/v2\/product"}],"about":[{"href":"https:\/\/bigbuy.tupique.com\/pt\/wp-json\/wp\/v2\/types\/product"}],"replies":[{"embeddable":true,"href":"https:\/\/bigbuy.tupique.com\/pt\/wp-json\/wp\/v2\/comments?post=28308"}],"wp:featuredmedia":[{"embeddable":true,"href":"https:\/\/bigbuy.tupique.com\/pt\/wp-json\/wp\/v2\/media\/28303"}],"wp:attachment":[{"href":"https:\/\/bigbuy.tupique.com\/pt\/wp-json\/wp\/v2\/media?parent=28308"}],"wp:term":[{"taxonomy":"product_brand","embeddable":true,"href":"https:\/\/bigbuy.tupique.com\/pt\/wp-json\/wp\/v2\/product_brand?post=28308"},{"taxonomy":"product_cat","embeddable":true,"href":"https:\/\/bigbuy.tupique.com\/pt\/wp-json\/wp\/v2\/product_cat?post=28308"},{"taxonomy":"product_tag","embeddable":true,"href":"https:\/\/bigbuy.tupique.com\/pt\/wp-json\/wp\/v2\/product_tag?post=28308"}],"curies":[{"name":"wp","href":"https:\/\/api.w.org\/{rel}","templated":true}]}}