{"id":28302,"date":"2026-03-30T00:05:50","date_gmt":"2026-03-29T23:05:50","guid":{"rendered":"https:\/\/bigbuy.tupique.com\/produto\/electric-barbecue-braun-2000-w\/"},"modified":"2026-05-11T20:01:25","modified_gmt":"2026-05-11T18:01:25","slug":"electric-barbecue-braun-2000-w","status":"publish","type":"product","link":"https:\/\/bigbuy.tupique.com\/pt\/produto\/electric-barbecue-braun-2000-w\/","title":{"rendered":"Barbecue \u00c9lectrique Braun 2000 W"},"content":{"rendered":"<p>Si vous \u00eates \u00e0 la recherche de nouvelles tendances sur le march\u00e9, nous vous pr\u00e9sentons <b>Barbecue \u00c9lectrique Braun 2000 W<\/b> !<\/p>\n<p>La <b>grill \u00e9lectrique Braun Multi Pro 9<\/b> est un appareil polyvalent con\u00e7u pour offrir des performances efficaces et des r\u00e9sultats optimaux en cuisine. Avec une <b>puissance de 2000 W<\/b> et une <b>tension de 220-240 V<\/b>, il assure un chauffage rapide et uniforme, id\u00e9al pour pr\u00e9parer viandes, l\u00e9gumes et autres aliments avec le confort de la technologie \u00e9lectrique. Ce mod\u00e8le se distingue par sa <b>fonction multifonction<\/b> int\u00e9grant trois positions de chauffe r\u00e9glables, permettant d\u2019adapter la temp\u00e9rature selon le type d\u2019aliment ou l\u2019intensit\u00e9 de cuisson souhait\u00e9e, facilitant ainsi le contr\u00f4le du processus pour des r\u00e9sultats personnalis\u00e9s. Sa finition en <b>noir et acier inoxydable<\/b> apporte un design \u00e9l\u00e9gant et moderne, ainsi que durabilit\u00e9 et facilit\u00e9 de nettoyage, des aspects essentiels pour un usage quotidien. La Braun Multi Pro 9 est parfaite pour ceux qui recherchent une grill \u00e9lectrique robuste, performante et dot\u00e9e d\u2019options de r\u00e9glage maximisant sa fonctionnalit\u00e9, alliant qualit\u00e9 technique et polyvalence en un seul produit. Cet appareil r\u00e9pond aux besoins des utilisateurs exigeant un contr\u00f4le pr\u00e9cis de la chaleur et une cuisson r\u00e9sistante, se d\u00e9marquant dans sa cat\u00e9gorie par des performances adapt\u00e9es \u00e0 diff\u00e9rents styles culinaires.<\/p>\n<ul>\n<li>Produit \u00e0 brancher: Oui<\/li>\n<li>Type:\n<ul>\n<li>Barbecue \u00c9lectrique<\/li>\n<li>D\u00e9tachables<\/li>\n<\/ul>\n<\/li>\n<li>Type de prise: Prise EU<\/li>\n<li>Caract\u00e9ristiques:\n<ul>\n<li>Avec couvercle<\/li>\n<li>Thermostat programmable<\/li>\n<li>Anti-adh\u00e9rente<\/li>\n<li>\u00c9cran integr\u00e9<\/li>\n<li>Poign\u00e9e au toucher froid<\/li>\n<\/ul>\n<\/li>\n<li>puissance: 2000 W<\/li>\n<li>Fr\u00e9quence d&#8217;entr\u00e9e AC: 50-60 Hz<\/li>\n<li>Tension: 220-240 V<\/li>\n<li>Largeur: 46 cm<\/li>\n<li>Contr\u00f4le: Boutons, rotatif<\/li>\n<li>Facteur de forme: Rectangulaire<\/li>\n<\/ul>","protected":false},"excerpt":{"rendered":"<p>Si vous \u00eates \u00e0 la recherche de nouvelles tendances sur le march\u00e9, nous vous pr\u00e9sentons Barbecue \u00c9lectrique Braun 2000 W ! La grill \u00e9lectrique Braun Multi Pro 9 est un appareil polyvalent con\u00e7u pour offrir des performances efficaces et des r\u00e9sultats optimaux en cuisine. Avec une puissance de 2000 W et une tension de 220-240 [&hellip;]<\/p>\n","protected":false},"featured_media":28296,"comment_status":"open","ping_status":"closed","template":"","meta":[],"product_brand":[854],"product_cat":[60,77,1222],"product_tag":[390,55,59,56],"class_list":{"0":"post-28302","1":"product","2":"type-product","3":"status-publish","4":"has-post-thumbnail","6":"product_brand-brandp_906","7":"product_cat-cuisine-gourmet","8":"product_cat-petit-electromenager","9":"product_cat-planches-et-grils","10":"product_tag-tag_8","11":"product_tag-tag_926","12":"product_tag-tag_1304","13":"product_tag-tag_930","15":"first","16":"instock","17":"taxable","18":"shipping-taxable","19":"purchasable","20":"product-type-simple"},"_links":{"self":[{"href":"https:\/\/bigbuy.tupique.com\/pt\/wp-json\/wp\/v2\/product\/28302","targetHints":{"allow":["GET"]}}],"collection":[{"href":"https:\/\/bigbuy.tupique.com\/pt\/wp-json\/wp\/v2\/product"}],"about":[{"href":"https:\/\/bigbuy.tupique.com\/pt\/wp-json\/wp\/v2\/types\/product"}],"replies":[{"embeddable":true,"href":"https:\/\/bigbuy.tupique.com\/pt\/wp-json\/wp\/v2\/comments?post=28302"}],"wp:featuredmedia":[{"embeddable":true,"href":"https:\/\/bigbuy.tupique.com\/pt\/wp-json\/wp\/v2\/media\/28296"}],"wp:attachment":[{"href":"https:\/\/bigbuy.tupique.com\/pt\/wp-json\/wp\/v2\/media?parent=28302"}],"wp:term":[{"taxonomy":"product_brand","embeddable":true,"href":"https:\/\/bigbuy.tupique.com\/pt\/wp-json\/wp\/v2\/product_brand?post=28302"},{"taxonomy":"product_cat","embeddable":true,"href":"https:\/\/bigbuy.tupique.com\/pt\/wp-json\/wp\/v2\/product_cat?post=28302"},{"taxonomy":"product_tag","embeddable":true,"href":"https:\/\/bigbuy.tupique.com\/pt\/wp-json\/wp\/v2\/product_tag?post=28302"}],"curies":[{"name":"wp","href":"https:\/\/api.w.org\/{rel}","templated":true}]}}