{"id":28230,"date":"2026-03-30T00:03:46","date_gmt":"2026-03-29T23:03:46","guid":{"rendered":"https:\/\/bigbuy.tupique.com\/produto\/baby-monitor-philips\/"},"modified":"2026-04-16T19:20:14","modified_gmt":"2026-04-16T18:20:14","slug":"baby-monitor-philips","status":"publish","type":"product","link":"https:\/\/bigbuy.tupique.com\/pt\/produto\/baby-monitor-philips\/","title":{"rendered":"Interphone b\u00e9b\u00e9 Philips"},"content":{"rendered":"<p>Si vous \u00eates \u00e0 la recherche de nouvelles tendances sur le march\u00e9, nous vous pr\u00e9sentons <b>Interphone b\u00e9b\u00e9 Philips<\/b> !<\/p>\n<p>Le <b>babyphone<\/b> <b>Philips Avent Premium connect\u00e9 SCD971\/26<\/b> est un appareil con\u00e7u pour offrir une surveillance efficace et compl\u00e8te du b\u00e9b\u00e9, alliant technologie avanc\u00e9e et simplicit\u00e9 d\u2019utilisation. Ce babyphone pr\u00e9sente un design \u00e9l\u00e9gant en <b>blanc<\/b> qui s\u2019int\u00e8gre discr\u00e8tement dans toutes les pi\u00e8ces. Il se distingue par son <b>port\u00e9e allant jusqu\u2019\u00e0 300 m\u00e8tres<\/b>, permettant aux parents de se d\u00e9placer dans la maison ou \u00e0 proximit\u00e9 sans perdre le contact avec le b\u00e9b\u00e9. L\u2019unit\u00e9 propose une <b>vid\u00e9o en direct<\/b>, offrant des images nettes pour surveiller l\u2019enfant en permanence avec une clart\u00e9 visuelle. Gr\u00e2ce \u00e0 sa connexion intelligente, il se connecte \u00e0 des applications mobiles facilitant la visualisation \u00e0 distance depuis un smartphone, augmentant le confort et la tranquillit\u00e9 des parents. De plus, il int\u00e8gre des fonctions classiques d\u2019un babyphone moderne, comme la d\u00e9tection sonore pour alerter en cas de pleurs ou de bruits, permettant une r\u00e9action rapide sans \u00eatre dans la m\u00eame pi\u00e8ce. Sa technologie garantit une connexion stable et s\u00e9curis\u00e9e, privil\u00e9giant la confidentialit\u00e9 et minimisant les interf\u00e9rences, pour une exp\u00e9rience fiable dans le suivi du b\u00e9b\u00e9. Le mod\u00e8le SCD971\/26 combine l\u2019expertise de Philips Avent en produits de pu\u00e9riculture avec des caract\u00e9ristiques adapt\u00e9es au mode de vie actuel, o\u00f9 mobilit\u00e9 et acc\u00e8s \u00e0 distance font la diff\u00e9rence. En r\u00e9sum\u00e9, ce babyphone est une solution avanc\u00e9e destin\u00e9e \u00e0 assurer la s\u00e9r\u00e9nit\u00e9 et la s\u00e9curit\u00e9 des parents tout en gardant un contr\u00f4le constant sur leur b\u00e9b\u00e9 depuis n\u2019importe quel point dans la port\u00e9e indiqu\u00e9e.<\/p>\n<\/p>\n<ul>\n<li>Type: Interphone b\u00e9b\u00e9<\/li>\n<li>Produit \u00e0 brancher: Oui<\/li>\n<li>Type de prise: Prise EU<\/li>\n<li>Bloc d\u2019Alimentation: r\u00e9seau \u00e9lectrique<\/li>\n<li>Couleur: Blanc<\/li>\n<li>Caract\u00e9ristiques:\n<ul>\n<li>Premium<\/li>\n<li>Haut-parleurs int\u00e9gr\u00e9s<\/li>\n<li>Lumi\u00e8re de nuit<\/li>\n<li>Microphone int\u00e9gr\u00e9<\/li>\n<li>Montage mural<\/li>\n<li>Capteur de Mouvement<\/li>\n<\/ul>\n<\/li>\n<li>Fonctions:\n<ul>\n<li>Indicateur de batterie faible<\/li>\n<li>ECO<\/li>\n<\/ul>\n<\/li>\n<li>Tension:\n<ul>\n<li>5 V<\/li>\n<li>100 &#8211; 240 V<\/li>\n<\/ul>\n<\/li>\n<li>Port\u00e9e: 300 m<\/li>\n<li>Fr\u00e9quence d&#8217;entr\u00e9e AC: 50-60 Hz<\/li>\n<li>Technologie: LCD<\/li>\n<li>Fr\u00e9quence: 2,4 GHz<\/li>\n<li>Autonomie approx.: 12 heures<\/li>\n<li>R\u00e9solution (px): 1280 x 720 px<\/li>\n<li>Diagonale de l&#8217;\u00e9cran (cm): 12,7 cm<\/li>\n<\/ul>","protected":false},"excerpt":{"rendered":"<p>Si vous \u00eates \u00e0 la recherche de nouvelles tendances sur le march\u00e9, nous vous pr\u00e9sentons Interphone b\u00e9b\u00e9 Philips ! Le babyphone Philips Avent Premium connect\u00e9 SCD971\/26 est un appareil con\u00e7u pour offrir une surveillance efficace et compl\u00e8te du b\u00e9b\u00e9, alliant technologie avanc\u00e9e et simplicit\u00e9 d\u2019utilisation. Ce babyphone pr\u00e9sente un design \u00e9l\u00e9gant en blanc qui s\u2019int\u00e8gre [&hellip;]<\/p>\n","protected":false},"featured_media":28227,"comment_status":"open","ping_status":"closed","template":"","meta":[],"product_brand":[315],"product_cat":[1221,239,579],"product_tag":[567,59],"class_list":{"0":"post-28230","1":"product","2":"type-product","3":"status-publish","4":"has-post-thumbnail","6":"product_brand-brandp_571","7":"product_cat-babyphone","8":"product_cat-maison-jardin","9":"product_cat-securite-a-la-maison","10":"product_tag-tag_556","11":"product_tag-tag_1304","13":"first","14":"instock","15":"taxable","16":"shipping-taxable","17":"purchasable","18":"product-type-simple"},"_links":{"self":[{"href":"https:\/\/bigbuy.tupique.com\/pt\/wp-json\/wp\/v2\/product\/28230","targetHints":{"allow":["GET"]}}],"collection":[{"href":"https:\/\/bigbuy.tupique.com\/pt\/wp-json\/wp\/v2\/product"}],"about":[{"href":"https:\/\/bigbuy.tupique.com\/pt\/wp-json\/wp\/v2\/types\/product"}],"replies":[{"embeddable":true,"href":"https:\/\/bigbuy.tupique.com\/pt\/wp-json\/wp\/v2\/comments?post=28230"}],"wp:featuredmedia":[{"embeddable":true,"href":"https:\/\/bigbuy.tupique.com\/pt\/wp-json\/wp\/v2\/media\/28227"}],"wp:attachment":[{"href":"https:\/\/bigbuy.tupique.com\/pt\/wp-json\/wp\/v2\/media?parent=28230"}],"wp:term":[{"taxonomy":"product_brand","embeddable":true,"href":"https:\/\/bigbuy.tupique.com\/pt\/wp-json\/wp\/v2\/product_brand?post=28230"},{"taxonomy":"product_cat","embeddable":true,"href":"https:\/\/bigbuy.tupique.com\/pt\/wp-json\/wp\/v2\/product_cat?post=28230"},{"taxonomy":"product_tag","embeddable":true,"href":"https:\/\/bigbuy.tupique.com\/pt\/wp-json\/wp\/v2\/product_tag?post=28230"}],"curies":[{"name":"wp","href":"https:\/\/api.w.org\/{rel}","templated":true}]}}