{"id":27958,"date":"2026-03-29T23:46:27","date_gmt":"2026-03-29T22:46:27","guid":{"rendered":"https:\/\/bigbuy.tupique.com\/produto\/robot-vacuum-cleaner-irobot-7\/"},"modified":"2026-04-16T15:27:15","modified_gmt":"2026-04-16T14:27:15","slug":"robot-vacuum-cleaner-irobot-7","status":"publish","type":"product","link":"https:\/\/bigbuy.tupique.com\/pt\/produto\/robot-vacuum-cleaner-irobot-7\/","title":{"rendered":"Aspirateur robot iRobot"},"content":{"rendered":"<p>Si vous aimez prendre soin de chaque d\u00e9tail de votre maison et d&#8217;\u00eatre \u00e0 la derni\u00e8re mode en mati\u00e8re de produits qui vous rendront la vie plus facile, achetez <b>Aspirateur robot iRobot<\/b> au meilleur prix.<\/p>\n<p>Le <b>robot aspirateur<\/b> <b>iRobot ROOMBA 105AE COMBO WHI<\/b> est une solution pratique et efficace pour l\u2019entretien quotidien de la propret\u00e9 \u00e0 la maison. Il pr\u00e9sente un design compact et <b>rond<\/b> de <b>couleur blanche<\/b>, facilitant ses d\u00e9placements et l\u2019acc\u00e8s aux zones difficiles. \u00c9quip\u00e9 de <b>connectivit\u00e9 Wi-Fi<\/b>, il offre un certain niveau de contr\u00f4le et de programmation intelligente, optimisant son usage selon les besoins de l\u2019utilisateur. Il dispose d\u2019une <b>batterie de 3000 mAh<\/b> offrant une <b>autonomie d\u2019environ 2 heures<\/b>, suffisante pour couvrir des pi\u00e8ces de taille moyenne sans interruptions fr\u00e9quentes pour la recharge. De plus, il int\u00e8gre une base de vidage automatique qui simplifie la gestion de la poussi\u00e8re et des d\u00e9chets collect\u00e9s pendant son fonctionnement, am\u00e9liorant l\u2019hygi\u00e8ne et r\u00e9duisant la manipulation directe. Ce robot allie efficacit\u00e9 et fonctionnalit\u00e9 avec une consommation \u00e9nerg\u00e9tique ma\u00eetris\u00e9e, constituant un outil adapt\u00e9 pour ceux qui souhaitent optimiser le nettoyage quotidien avec une technologie fiable. Son design simple et ses fonctions basiques en font une option accessible dans le segment des robots aspirateurs pour foyers d\u00e9sirant automatiser leurs t\u00e2ches m\u00e9nag\u00e8res sans complications excessives. Dans l\u2019ensemble, le iRobot ROOMBA 105AE COMBO WHI offre un \u00e9quilibre entre praticit\u00e9, autonomie et connectivit\u00e9, facilitant l\u2019entretien du domicile avec un \u00e9quipement moderne et assist\u00e9.<\/p>\n<ul>\n<li>Type de prise: Prise EU<\/li>\n<li>Produit \u00e0 brancher: Oui<\/li>\n<li>Bloc d\u2019Alimentation:\n<ul>\n<li>r\u00e9seau \u00e9lectrique<\/li>\n<li>Batterie<\/li>\n<\/ul>\n<\/li>\n<li>Couleur: Blanc<\/li>\n<li>Poids: 7,1 Kg<\/li>\n<li>Connectivit\u00e9: Wi-Fi<\/li>\n<li>Capacit\u00e9 de la batterie: 3000 mAh<\/li>\n<li>Autonomie approx.:\n<ul>\n<li>120 MIN<\/li>\n<li>2 heures<\/li>\n<\/ul>\n<\/li>\n<li>Compatible:\n<ul>\n<li>iOS, Android<\/li>\n<li>iRobot<\/li>\n<li>Amazon Alexa<\/li>\n<li>Google Home<\/li>\n<\/ul>\n<\/li>\n<li>Aspiration: 7000 pa<\/li>\n<li>Capacit\u00e9:\n<ul>\n<li>400 ml<\/li>\n<li>0,2 L<\/li>\n<li>0,4 l<\/li>\n<\/ul>\n<\/li>\n<li>Dimensions approx.:\n<ul>\n<li>10,4 cm<\/li>\n<li>33,5 cm<\/li>\n<li>37,5 cm<\/li>\n<\/ul>\n<\/li>\n<li>Forme: Rond<\/li>\n<li>Piles incluses: Oui<\/li>\n<li>\u00c9cran integr\u00e9: Non<\/li>\n<\/ul>","protected":false},"excerpt":{"rendered":"<p>Si vous aimez prendre soin de chaque d\u00e9tail de votre maison et d&#8217;\u00eatre \u00e0 la derni\u00e8re mode en mati\u00e8re de produits qui vous rendront la vie plus facile, achetez Aspirateur robot iRobot au meilleur prix. Le robot aspirateur iRobot ROOMBA 105AE COMBO WHI est une solution pratique et efficace pour l\u2019entretien quotidien de la propret\u00e9 [&hellip;]<\/p>\n","protected":false},"featured_media":27935,"comment_status":"open","ping_status":"closed","template":"","meta":[],"product_brand":[1239],"product_cat":[762,239,240],"product_tag":[59,56],"class_list":{"0":"post-27958","1":"product","2":"type-product","3":"status-publish","4":"has-post-thumbnail","6":"product_brand-brandp_6030","7":"product_cat-aspirateurs-et-robots","8":"product_cat-maison-jardin","9":"product_cat-nettoyage-aspirateur-et-repassage","10":"product_tag-tag_1304","11":"product_tag-tag_930","13":"first","14":"instock","15":"taxable","16":"shipping-taxable","17":"purchasable","18":"product-type-simple"},"_links":{"self":[{"href":"https:\/\/bigbuy.tupique.com\/pt\/wp-json\/wp\/v2\/product\/27958","targetHints":{"allow":["GET"]}}],"collection":[{"href":"https:\/\/bigbuy.tupique.com\/pt\/wp-json\/wp\/v2\/product"}],"about":[{"href":"https:\/\/bigbuy.tupique.com\/pt\/wp-json\/wp\/v2\/types\/product"}],"replies":[{"embeddable":true,"href":"https:\/\/bigbuy.tupique.com\/pt\/wp-json\/wp\/v2\/comments?post=27958"}],"wp:featuredmedia":[{"embeddable":true,"href":"https:\/\/bigbuy.tupique.com\/pt\/wp-json\/wp\/v2\/media\/27935"}],"wp:attachment":[{"href":"https:\/\/bigbuy.tupique.com\/pt\/wp-json\/wp\/v2\/media?parent=27958"}],"wp:term":[{"taxonomy":"product_brand","embeddable":true,"href":"https:\/\/bigbuy.tupique.com\/pt\/wp-json\/wp\/v2\/product_brand?post=27958"},{"taxonomy":"product_cat","embeddable":true,"href":"https:\/\/bigbuy.tupique.com\/pt\/wp-json\/wp\/v2\/product_cat?post=27958"},{"taxonomy":"product_tag","embeddable":true,"href":"https:\/\/bigbuy.tupique.com\/pt\/wp-json\/wp\/v2\/product_tag?post=27958"}],"curies":[{"name":"wp","href":"https:\/\/api.w.org\/{rel}","templated":true}]}}