{"id":27889,"date":"2026-03-29T23:36:01","date_gmt":"2026-03-29T22:36:01","guid":{"rendered":"https:\/\/bigbuy.tupique.com\/produto\/robot-vacuum-cleaner-irobot-4\/"},"modified":"2026-04-16T18:45:45","modified_gmt":"2026-04-16T17:45:45","slug":"robot-vacuum-cleaner-irobot-4","status":"publish","type":"product","link":"https:\/\/bigbuy.tupique.com\/pt\/produto\/robot-vacuum-cleaner-irobot-4\/","title":{"rendered":"Aspirateur robot iRobot"},"content":{"rendered":"<p>Si vous \u00eates \u00e0 la recherche de nouvelles tendances sur le march\u00e9, nous vous pr\u00e9sentons <b>Aspirateur robot iRobot<\/b> !<\/p>\n<p>Le <b>Robot Aspirateur iRobot Roomba 205 COMBO<\/b> est un appareil con\u00e7u pour faciliter le nettoyage de la maison gr\u00e2ce \u00e0 une technologie avanc\u00e9e et une grande efficacit\u00e9. Ce mod\u00e8le se distingue par son <b>design rond de couleur noire<\/b>, qui lui permet de man\u0153uvrer avec agilit\u00e9 et d\u2019acc\u00e9der aux espaces difficiles. Gr\u00e2ce \u00e0 sa <b>connectivit\u00e9 Wi-Fi<\/b>, il est possible de le contr\u00f4ler et de programmer ses cycles de nettoyage depuis un t\u00e9l\u00e9phone mobile, offrant ainsi plus de confort et de flexibilit\u00e9. Le Roomba 205 int\u00e8gre des capteurs qui <b>d\u00e9tectent les obstacles<\/b>, lui permettant d\u2019\u00e9viter meubles, murs et escaliers pour un nettoyage s\u00fbr et efficace. Sa batterie rechargeable de <b>3000 mAh<\/b> assure une autonomie suffisante pour couvrir les surfaces domestiques habituelles sans interruptions prolong\u00e9es. De plus, son design et ses fonctionnalit\u00e9s facilitent son nettoyage et son entretien, garantissant des performances optimales sur le long terme. Ce robot aspirateur offre un \u00e9quilibre n\u00e9cessaire entre technologie, praticit\u00e9 et autonomie pour les utilisateurs souhaitant maintenir leur maison propre de mani\u00e8re automatique et simple. Avec deux ans de garantie officielle, l\u2019iRobot Roomba 205 COMBO se positionne comme une option fiable et fonctionnelle dans sa cat\u00e9gorie.<\/p>\n<ul>\n<li>Type de prise: Prise EU<\/li>\n<li>Produit \u00e0 brancher: Oui<\/li>\n<li>Bloc d\u2019Alimentation:\n<ul>\n<li>r\u00e9seau \u00e9lectrique<\/li>\n<li>Batterie<\/li>\n<\/ul>\n<\/li>\n<li>Couleur:\n<ul>\n<li>Noir<\/li>\n<li>noir<\/li>\n<\/ul>\n<\/li>\n<li>Poids: 5,9 Kg<\/li>\n<li>Connectivit\u00e9: Wi-Fi<\/li>\n<li>Capacit\u00e9 de la batterie: 3000 mAh<\/li>\n<li>Compatible:\n<ul>\n<li>iOS, Android<\/li>\n<li>iRobot<\/li>\n<li>Amazon Alexa<\/li>\n<li>Google Home<\/li>\n<\/ul>\n<\/li>\n<li>Aspiration: 7000 pa<\/li>\n<li>Indice de r\u00e9parabilit\u00e9: 8.3<\/li>\n<li>Capacit\u00e9: 1,8 L<\/li>\n<li>Dimensions approx.:\n<ul>\n<li>16,5 cm<\/li>\n<li>40 cm<\/li>\n<li>10,1 cm<\/li>\n<\/ul>\n<\/li>\n<li>Caract\u00e9ristiques:\n<ul>\n<li>Facile \u00e0 nettoyer<\/li>\n<li>D\u00e9tecte les obstacles<\/li>\n<\/ul>\n<\/li>\n<li>Type de batterie:\n<ul>\n<li>Rechargeable<\/li>\n<li>Litio Ion<\/li>\n<\/ul>\n<\/li>\n<li>Forme: Rond<\/li>\n<li>Filtre:\n<ul>\n<li>HEPA<\/li>\n<li>EPA<\/li>\n<\/ul>\n<\/li>\n<li>Autonomie approx.: 75 minutes<\/li>\n<\/ul>","protected":false},"excerpt":{"rendered":"<p>Si vous \u00eates \u00e0 la recherche de nouvelles tendances sur le march\u00e9, nous vous pr\u00e9sentons Aspirateur robot iRobot ! Le Robot Aspirateur iRobot Roomba 205 COMBO est un appareil con\u00e7u pour faciliter le nettoyage de la maison gr\u00e2ce \u00e0 une technologie avanc\u00e9e et une grande efficacit\u00e9. Ce mod\u00e8le se distingue par son design rond de [&hellip;]<\/p>\n","protected":false},"featured_media":27882,"comment_status":"open","ping_status":"closed","template":"","meta":[],"product_brand":[1239],"product_cat":[762,239,240],"product_tag":[59,56],"class_list":{"0":"post-27889","1":"product","2":"type-product","3":"status-publish","4":"has-post-thumbnail","6":"product_brand-brandp_6030","7":"product_cat-aspirateurs-et-robots","8":"product_cat-maison-jardin","9":"product_cat-nettoyage-aspirateur-et-repassage","10":"product_tag-tag_1304","11":"product_tag-tag_930","13":"first","14":"instock","15":"taxable","16":"shipping-taxable","17":"purchasable","18":"product-type-simple"},"_links":{"self":[{"href":"https:\/\/bigbuy.tupique.com\/pt\/wp-json\/wp\/v2\/product\/27889","targetHints":{"allow":["GET"]}}],"collection":[{"href":"https:\/\/bigbuy.tupique.com\/pt\/wp-json\/wp\/v2\/product"}],"about":[{"href":"https:\/\/bigbuy.tupique.com\/pt\/wp-json\/wp\/v2\/types\/product"}],"replies":[{"embeddable":true,"href":"https:\/\/bigbuy.tupique.com\/pt\/wp-json\/wp\/v2\/comments?post=27889"}],"wp:featuredmedia":[{"embeddable":true,"href":"https:\/\/bigbuy.tupique.com\/pt\/wp-json\/wp\/v2\/media\/27882"}],"wp:attachment":[{"href":"https:\/\/bigbuy.tupique.com\/pt\/wp-json\/wp\/v2\/media?parent=27889"}],"wp:term":[{"taxonomy":"product_brand","embeddable":true,"href":"https:\/\/bigbuy.tupique.com\/pt\/wp-json\/wp\/v2\/product_brand?post=27889"},{"taxonomy":"product_cat","embeddable":true,"href":"https:\/\/bigbuy.tupique.com\/pt\/wp-json\/wp\/v2\/product_cat?post=27889"},{"taxonomy":"product_tag","embeddable":true,"href":"https:\/\/bigbuy.tupique.com\/pt\/wp-json\/wp\/v2\/product_tag?post=27889"}],"curies":[{"name":"wp","href":"https:\/\/api.w.org\/{rel}","templated":true}]}}